{"id":99,"date":"2019-08-20T09:23:03","date_gmt":"2019-08-20T07:23:03","guid":{"rendered":"http:\/\/www.novatris-dev.uha.fr\/?page_id=99"},"modified":"2021-11-22T15:33:35","modified_gmt":"2021-11-22T14:33:35","slug":"formations-bi-et-tri-nationales-accompagnees","status":"publish","type":"page","link":"http:\/\/www.novatris.uha.fr\/index.php\/mobilites\/formations-bi-et-tri-nationales-accompagnees\/","title":{"rendered":"Formations bi- et trinationales accompagn\u00e9es"},"content":{"rendered":"<p><a href=\"http:\/\/www.novatris.uha.fr\/wp-content\/uploads\/2019\/10\/Novatris2017RegioChimica10-min.jpg\"><img loading=\"lazy\" decoding=\"async\" class=\"alignright wp-image-896\" src=\"http:\/\/www.novatris.uha.fr\/wp-content\/uploads\/2019\/10\/Novatris2017RegioChimica10-min-300x200.jpg\" alt=\"Image Cursus bi et tri nationaux\" width=\"350\" height=\"234\" srcset=\"http:\/\/www.novatris.uha.fr\/wp-content\/uploads\/2019\/10\/Novatris2017RegioChimica10-min-300x200.jpg 300w, http:\/\/www.novatris.uha.fr\/wp-content\/uploads\/2019\/10\/Novatris2017RegioChimica10-min-768x513.jpg 768w, http:\/\/www.novatris.uha.fr\/wp-content\/uploads\/2019\/10\/Novatris2017RegioChimica10-min-1024x684.jpg 1024w, http:\/\/www.novatris.uha.fr\/wp-content\/uploads\/2019\/10\/Novatris2017RegioChimica10-min.jpg 2048w\" sizes=\"auto, (max-width: 350px) 100vw, 350px\" \/><\/a>Id\u00e9alement situ\u00e9e \u00e0 la rencontre de 3 pays, langues et cultures diff\u00e9rentes, l\u2019<a href=\"http:\/\/www.uha.fr\/\" target=\"_blank\" rel=\"noopener noreferrer\">Universit\u00e9 de Haute-Alsace<\/a> \u00e9volue dans une \u00e9conomie r\u00e9gionale \u00e0 caract\u00e8re transfrontalier. Appuy\u00e9e par son Centre de comp\u00e9tences transfrontali\u00e8res, NovaTris, elle a donc naturellement d\u00e9velopp\u00e9 une importante offre de formation bi- et trinationale.<\/p>\n<p>L&rsquo;UHA propose 8 cursus \u2013 dont une grande majorit\u00e9 labellis\u00e9s <a href=\"https:\/\/www.dfh-ufa.org\/fr\/\" target=\"_blank\" rel=\"noopener noreferrer\">Universit\u00e9 franco-allemande<\/a> (UFA) \u2013 \u00e0 ses \u00e9tudiants et s\u2019inscrit ainsi, compte tenu de sa taille humaine, parmi les universit\u00e9s les mieux dot\u00e9es en mati\u00e8re de parcours transfrontaliers. La grande majorit\u00e9 de ces cursus est accessible directement apr\u00e8s le baccalaur\u00e9at.<\/p>\n<p>&nbsp;<\/p>\n<div class=\"su-box su-box-style-default\" id=\"\" style=\"border-color:#000000;border-radius:3px;\"><div class=\"su-box-title\" style=\"background-color:#333333;color:#FFFFFF;border-top-left-radius:1px;border-top-right-radius:1px\">Conditions d'admission<\/div><div class=\"su-box-content su-u-clearfix su-u-trim\" style=\"border-bottom-left-radius:1px;border-bottom-right-radius:1px\">\n<ul>\n<li>Niveau de langue \u00e0 l\u2019entr\u00e9e : B1 minimum<\/li>\n<li>Int\u00e9r\u00eat pour la discipline enseign\u00e9e<\/li>\n<li>Licence : baccalaur\u00e9at ou dipl\u00f4me \u00e9quivalent<\/li>\n<li>L3 et Licences Professionnelles : L2 valid\u00e9e<\/li>\n<li>Master : Licence<\/li>\n<\/ul>\n<\/div><\/div>\n<div class=\"su-row\">\n<div class=\"su-column su-column-size-1-2\"><div class=\"su-column-inner su-u-clearfix su-u-trim\">\n<h2>Cursus binationaux<\/h2>\n<h3>Licences :<\/h3>\n<div class=\"su-service\"><div class=\"su-service-title\" style=\"padding-left:38px;min-height:24px;line-height:24px\"><i class=\"sui sui-graduation-cap\" style=\"font-size:24px;color:#0160EC\"><\/i> Formation transfrontali\u00e8re d'enseignants<\/div><div class=\"su-service-content su-u-clearfix su-u-trim\" style=\"padding-left:38px\"><a href=\"https:\/\/www.flsh.uha.fr\/formations\/institut-detudes-allemandes\/\" target=\"_blank\" rel=\"noopener noreferrer\">En savoir plus<\/a><\/div><\/div>\n<div class=\"su-service\"><div class=\"su-service-title\" style=\"padding-left:38px;min-height:24px;line-height:24px\"><i class=\"sui sui-graduation-cap\" style=\"font-size:24px;color:#0160EC\"><\/i> Licence franco-allemande en Chimie - Regio Chimica<\/div><div class=\"su-service-content su-u-clearfix su-u-trim\" style=\"padding-left:38px\"><a href=\"http:\/\/www.regiochimica.uha.fr\/\" target=\"_blank\" rel=\"noopener noreferrer\">En savoir plus<\/a><\/div><\/div>\n<div class=\"su-service\"><div class=\"su-service-title\" style=\"padding-left:38px;min-height:24px;line-height:24px\"><i class=\"sui sui-graduation-cap\" style=\"font-size:24px;color:#0160EC\"><\/i> Marketing International<\/div><div class=\"su-service-content su-u-clearfix su-u-trim\" style=\"padding-left:38px\"><a href=\"https:\/\/www.fma.uha.fr\/formations\/licences\/licence-marketing-international\/\" target=\"_blank\" rel=\"noopener noreferrer\">En savoir plus<\/a><\/div><\/div>\n<div class=\"su-service\"><div class=\"su-service-title\" style=\"padding-left:38px;min-height:24px;line-height:24px\"><i class=\"sui sui-graduation-cap\" style=\"font-size:24px;color:#0160EC\"><\/i> Gestion Touristique Internationale - Tech2Tour<\/div><div class=\"su-service-content su-u-clearfix su-u-trim\" style=\"padding-left:38px\"><a href=\"http:\/\/www.iutcolmar.uha.fr\/index.php\/formations\/formations-transfrontalieres\/formation-franco-allemande\/\" target=\"_blank\" rel=\"noopener noreferrer\">En savoir plus<\/a><\/div><\/div>\n<h3>Masters :<\/h3>\n<div class=\"su-service\"><div class=\"su-service-title\" style=\"padding-left:38px;min-height:24px;line-height:24px\"><i class=\"sui sui-graduation-cap\" style=\"font-size:24px;color:#0160EC\"><\/i> Marketing International<\/div><div class=\"su-service-content su-u-clearfix su-u-trim\" style=\"padding-left:38px\"><a href=\"https:\/\/www.fma.uha.fr\/formations\/masters\/master-marketing-international\/\" target=\"_blank\" rel=\"noopener noreferrer\">En savoir plus<\/a><\/div><\/div>\n<div class=\"su-service\"><div class=\"su-service-title\" style=\"padding-left:38px;min-height:24px;line-height:24px\"><i class=\"sui sui-graduation-cap\" style=\"font-size:24px;color:#0160EC\"><\/i> Sciences de la Vigne et du Vin - Parcours binational Viticulture et \u0152nologie (Rentr\u00e9e 2020)<\/div><div class=\"su-service-content su-u-clearfix su-u-trim\" style=\"padding-left:38px\"><a href=\"https:\/\/www.fma.uha.fr\/formations\/masters\/master-sciences-de-la-vigne-et-du-vin-svv-parcours-franco-allemand-viticulture-et-oenologie\/\" target=\"_blank\" rel=\"noopener noreferrer\">En savoir plus<\/a><\/div><\/div>\n<\/div><\/div>\n<div class=\"su-column su-column-size-1-2\"><div class=\"su-column-inner su-u-clearfix su-u-trim\">\n<h2>Cursus trinationaux<\/h2>\n<h3>Licences :<\/h3>\n<div class=\"su-service\"><div class=\"su-service-title\" style=\"padding-left:38px;min-height:24px;line-height:24px\"><i class=\"sui sui-graduation-cap\" style=\"font-size:24px;color:#0160EC\"><\/i> Management de projet en M\u00e9catronique<\/div><div class=\"su-service-content su-u-clearfix su-u-trim\" style=\"padding-left:38px\"><a href=\"http:\/\/www.iutmulhouse.uha.fr\/management-de-projet-en-mecatronique\/management-de-projet-en-mecatronique.html\" target=\"_blank\" rel=\"noopener noreferrer\">En savoir plus<\/a><\/div><\/div>\n<div class=\"su-service\"><div class=\"su-service-title\" style=\"padding-left:38px;min-height:24px;line-height:24px\"><i class=\"sui sui-graduation-cap\" style=\"font-size:24px;color:#0160EC\"><\/i> Information Communication Systems - ICS<\/div><div class=\"su-service-content su-u-clearfix su-u-trim\" style=\"padding-left:38px\"><a href=\"http:\/\/www.iutmulhouse.uha.fr\/information-communication-systems\/information-communication-systems.html\" target=\"_blank\" rel=\"noopener noreferrer\">En savoir plus<\/a><\/div><\/div>\n<div class=\"su-service\"><div class=\"su-service-title\" style=\"padding-left:38px;min-height:24px;line-height:24px\"><i class=\"sui sui-graduation-cap\" style=\"font-size:24px;color:#0160EC\"><\/i> International Business Management<\/div><div class=\"su-service-content su-u-clearfix su-u-trim\" style=\"padding-left:38px\"><a href=\"http:\/\/www.iutcolmar.uha.fr\/index.php\/formations\/formations-transfrontalieres\/international-business-management\/\" target=\"_blank\" rel=\"noopener noreferrer\">En savoir plus<\/a><\/div><\/div><\/div><\/div>\n<\/div>\n<p>NovaTris vous accompagne dans le d\u00e9veloppement de la comp\u00e9tence interculturelle. En compl\u00e9ment de l\u2019offre de formations transfrontali\u00e8res, tous les \u00e9tudiants de l\u2019UHA peuvent b\u00e9n\u00e9ficier des dispositifs de NovaTris :<br \/>\n<div class=\"su-list\" style=\"margin-left:0px\">\n<ul>\n<li><i class=\"sui sui-caret-right\" style=\"color:#333\"><\/i> <a href=\"http:\/\/www.novatris.uha.fr\/index.php\/mobilites\/mobilite-des-etudiants\/ue-libre-transfrontaliere\/\">UE libre transfrontali\u00e8re<\/a><\/li>\n<li><i class=\"sui sui-caret-right\" style=\"color:#333\"><\/i> <a href=\"http:\/\/www.novatris.uha.fr\/index.php\/formation\/tandem-a-luha\/\">Apprentissage des langues en Tandem<\/a><\/li>\n<li><i class=\"sui sui-caret-right\" style=\"color:#333\"><\/i> <a href=\"http:\/\/www.novatris.uha.fr\/index.php\/mobilites\/mobilite-des-etudiants\/bourse-de-mobilite\/\">Bourses de mobilit\u00e9<\/a><\/li>\n<\/ul>\n<\/div>\n<span class=\"su-lightbox\" data-mfp-src=\"https:\/\/www.youtube-nocookie.com\/embed\/eiFZx8Ipo7Q\" data-mfp-type=\"iframe\" data-mobile=\"yes\">\n<p><img loading=\"lazy\" decoding=\"async\" class=\"aligncenter wp-image-5135 size-large\" src=\"http:\/\/www.novatris.uha.fr\/wp-content\/uploads\/2021\/03\/formations-transfrontalieres-uha-1024x539.jpg\" alt=\"Formations transfrontali\u00e8res \u00e0 l'UHA\" width=\"750\" height=\"395\" srcset=\"http:\/\/www.novatris.uha.fr\/wp-content\/uploads\/2021\/03\/formations-transfrontalieres-uha-1024x539.jpg 1024w, http:\/\/www.novatris.uha.fr\/wp-content\/uploads\/2021\/03\/formations-transfrontalieres-uha-300x158.jpg 300w, http:\/\/www.novatris.uha.fr\/wp-content\/uploads\/2021\/03\/formations-transfrontalieres-uha-768x404.jpg 768w, http:\/\/www.novatris.uha.fr\/wp-content\/uploads\/2021\/03\/formations-transfrontalieres-uha.jpg 1278w\" sizes=\"auto, (max-width: 750px) 100vw, 750px\" \/><\/span>\n<h2><\/h2>\n<h2><strong>T\u00e9moignages<\/strong><\/h2>\n<div class=\"su-quote su-quote-style-default su-quote-has-cite\"><div class=\"su-quote-inner su-u-clearfix su-u-trim\">\u00c9tudier \u00e0 l&rsquo;\u00e9tranger apporte plus qu&rsquo;une langue et une culture. Cela offre un quotidien riche en rencontres et en d\u00e9couvertes, souvent d&rsquo;ailleurs celle de soi-m\u00eame. J&rsquo;\u00e9volue chaque jour gr\u00e2ce \u00e0 mon ann\u00e9e dans le pays voisin. L&rsquo;exp\u00e9rience m\u00e9rite d&rsquo;\u00eatre tent\u00e9e par tous.\u00a0 <span class=\"su-quote-cite\">Nolwenn Jounot, \u00e9tudiante en Licence Regio Chimica (cursus binational)<\/span><\/div><\/div>\n<div class=\"su-quote su-quote-style-default su-quote-has-cite\"><div class=\"su-quote-inner su-u-clearfix su-u-trim\">L\u2019exp\u00e9rience de mobilit\u00e9 est un \u00e9norme enrichissement. Je conseille \u00e0 tout \u00e9tudiant qui a la possibilit\u00e9 d\u2019aller \u00e0 l\u2019\u00e9tranger de le faire. Cela permet une plus grande autonomie, une sorte de \u00ab nouvelle vie \u00bb. <span class=\"su-quote-cite\">Alexander Dutour, \u00e9tudiant en Licence Gestion (double dipl\u00f4me franco-allemand)<\/span><\/div><\/div>\n","protected":false},"excerpt":{"rendered":"<p>Id\u00e9alement situ\u00e9e \u00e0 la rencontre de 3 pays, langues et cultures diff\u00e9rentes, l\u2019Universit\u00e9 de Haute-Alsace \u00e9volue dans une \u00e9conomie r\u00e9gionale \u00e0 caract\u00e8re transfrontalier. Appuy\u00e9e par son Centre de comp\u00e9tences transfrontali\u00e8res, NovaTris, elle a donc naturellement d\u00e9velopp\u00e9 une importante offre de formation bi- et trinationale. L&rsquo;UHA propose 8 cursus \u2013 dont une grande majorit\u00e9 labellis\u00e9s Universit\u00e9 [&hellip;]<\/p>\n","protected":false},"author":1,"featured_media":0,"parent":33,"menu_order":0,"comment_status":"closed","ping_status":"closed","template":"","meta":{"footnotes":""},"class_list":["post-99","page","type-page","status-publish","hentry"],"yoast_head":"<!-- This site is optimized with the Yoast SEO plugin v24.8.1 - https:\/\/yoast.com\/wordpress\/plugins\/seo\/ -->\n<title>Formations bi- et trinationales accompagn\u00e9es - NovaTris, centre de comp\u00e9tences transfrontali\u00e8res | Universit\u00e9 de Haute-Alsace<\/title>\n<meta name=\"robots\" content=\"index, follow, max-snippet:-1, max-image-preview:large, max-video-preview:-1\" \/>\n<link rel=\"canonical\" href=\"http:\/\/www.novatris.uha.fr\/index.php\/mobilites\/formations-bi-et-tri-nationales-accompagnees\/\" \/>\n<meta property=\"og:locale\" content=\"fr_FR\" \/>\n<meta property=\"og:type\" content=\"article\" \/>\n<meta property=\"og:title\" content=\"Formations bi- et trinationales accompagn\u00e9es - NovaTris, centre de comp\u00e9tences transfrontali\u00e8res | Universit\u00e9 de Haute-Alsace\" \/>\n<meta property=\"og:description\" content=\"Id\u00e9alement situ\u00e9e \u00e0 la rencontre de 3 pays, langues et cultures diff\u00e9rentes, l\u2019Universit\u00e9 de Haute-Alsace \u00e9volue dans une \u00e9conomie r\u00e9gionale \u00e0 caract\u00e8re transfrontalier. Appuy\u00e9e par son Centre de comp\u00e9tences transfrontali\u00e8res, NovaTris, elle a donc naturellement d\u00e9velopp\u00e9 une importante offre de formation bi- et trinationale. L&rsquo;UHA propose 8 cursus \u2013 dont une grande majorit\u00e9 labellis\u00e9s Universit\u00e9 [&hellip;]\" \/>\n<meta property=\"og:url\" content=\"http:\/\/www.novatris.uha.fr\/index.php\/mobilites\/formations-bi-et-tri-nationales-accompagnees\/\" \/>\n<meta property=\"og:site_name\" content=\"NovaTris, centre de comp\u00e9tences transfrontali\u00e8res | Universit\u00e9 de Haute-Alsace\" \/>\n<meta property=\"article:modified_time\" content=\"2021-11-22T14:33:35+00:00\" \/>\n<meta property=\"og:image\" content=\"http:\/\/www.novatris.uha.fr\/wp-content\/uploads\/2019\/10\/Novatris2017RegioChimica10-min-300x200.jpg\" \/>\n<meta name=\"twitter:card\" content=\"summary_large_image\" \/>\n<meta name=\"twitter:label1\" content=\"Dur\u00e9e de lecture estim\u00e9e\" \/>\n\t<meta name=\"twitter:data1\" content=\"3 minutes\" \/>\n<script type=\"application\/ld+json\" class=\"yoast-schema-graph\">{\"@context\":\"https:\/\/schema.org\",\"@graph\":[{\"@type\":\"WebPage\",\"@id\":\"http:\/\/www.novatris.uha.fr\/index.php\/mobilites\/formations-bi-et-tri-nationales-accompagnees\/\",\"url\":\"http:\/\/www.novatris.uha.fr\/index.php\/mobilites\/formations-bi-et-tri-nationales-accompagnees\/\",\"name\":\"Formations bi- et trinationales accompagn\u00e9es - NovaTris, centre de comp\u00e9tences transfrontali\u00e8res | Universit\u00e9 de Haute-Alsace\",\"isPartOf\":{\"@id\":\"http:\/\/www.novatris.uha.fr\/#website\"},\"primaryImageOfPage\":{\"@id\":\"http:\/\/www.novatris.uha.fr\/index.php\/mobilites\/formations-bi-et-tri-nationales-accompagnees\/#primaryimage\"},\"image\":{\"@id\":\"http:\/\/www.novatris.uha.fr\/index.php\/mobilites\/formations-bi-et-tri-nationales-accompagnees\/#primaryimage\"},\"thumbnailUrl\":\"http:\/\/www.novatris.uha.fr\/wp-content\/uploads\/2019\/10\/Novatris2017RegioChimica10-min-300x200.jpg\",\"datePublished\":\"2019-08-20T07:23:03+00:00\",\"dateModified\":\"2021-11-22T14:33:35+00:00\",\"breadcrumb\":{\"@id\":\"http:\/\/www.novatris.uha.fr\/index.php\/mobilites\/formations-bi-et-tri-nationales-accompagnees\/#breadcrumb\"},\"inLanguage\":\"fr-FR\",\"potentialAction\":[{\"@type\":\"ReadAction\",\"target\":[\"http:\/\/www.novatris.uha.fr\/index.php\/mobilites\/formations-bi-et-tri-nationales-accompagnees\/\"]}]},{\"@type\":\"ImageObject\",\"inLanguage\":\"fr-FR\",\"@id\":\"http:\/\/www.novatris.uha.fr\/index.php\/mobilites\/formations-bi-et-tri-nationales-accompagnees\/#primaryimage\",\"url\":\"http:\/\/www.novatris.uha.fr\/wp-content\/uploads\/2019\/10\/Novatris2017RegioChimica10-min-300x200.jpg\",\"contentUrl\":\"http:\/\/www.novatris.uha.fr\/wp-content\/uploads\/2019\/10\/Novatris2017RegioChimica10-min-300x200.jpg\"},{\"@type\":\"BreadcrumbList\",\"@id\":\"http:\/\/www.novatris.uha.fr\/index.php\/mobilites\/formations-bi-et-tri-nationales-accompagnees\/#breadcrumb\",\"itemListElement\":[{\"@type\":\"ListItem\",\"position\":1,\"name\":\"Accueil\",\"item\":\"http:\/\/www.novatris.uha.fr\/\"},{\"@type\":\"ListItem\",\"position\":2,\"name\":\"Mobilit\u00e9s\",\"item\":\"https:\/\/www.novatris.uha.fr\/index.php\/mobilites\/\"},{\"@type\":\"ListItem\",\"position\":3,\"name\":\"Formations bi- et trinationales accompagn\u00e9es\"}]},{\"@type\":\"WebSite\",\"@id\":\"http:\/\/www.novatris.uha.fr\/#website\",\"url\":\"http:\/\/www.novatris.uha.fr\/\",\"name\":\"NovaTris, centre de comp\u00e9tences transfrontali\u00e8res | Universit\u00e9 de Haute-Alsace\",\"description\":\"Campus Illberg | Universit\u00e9 de Haute-Alsace\",\"potentialAction\":[{\"@type\":\"SearchAction\",\"target\":{\"@type\":\"EntryPoint\",\"urlTemplate\":\"http:\/\/www.novatris.uha.fr\/?s={search_term_string}\"},\"query-input\":{\"@type\":\"PropertyValueSpecification\",\"valueRequired\":true,\"valueName\":\"search_term_string\"}}],\"inLanguage\":\"fr-FR\"}]}<\/script>\n<!-- \/ Yoast SEO plugin. -->","yoast_head_json":{"title":"Formations bi- et trinationales accompagn\u00e9es - NovaTris, centre de comp\u00e9tences transfrontali\u00e8res | Universit\u00e9 de Haute-Alsace","robots":{"index":"index","follow":"follow","max-snippet":"max-snippet:-1","max-image-preview":"max-image-preview:large","max-video-preview":"max-video-preview:-1"},"canonical":"http:\/\/www.novatris.uha.fr\/index.php\/mobilites\/formations-bi-et-tri-nationales-accompagnees\/","og_locale":"fr_FR","og_type":"article","og_title":"Formations bi- et trinationales accompagn\u00e9es - NovaTris, centre de comp\u00e9tences transfrontali\u00e8res | Universit\u00e9 de Haute-Alsace","og_description":"Id\u00e9alement situ\u00e9e \u00e0 la rencontre de 3 pays, langues et cultures diff\u00e9rentes, l\u2019Universit\u00e9 de Haute-Alsace \u00e9volue dans une \u00e9conomie r\u00e9gionale \u00e0 caract\u00e8re transfrontalier. Appuy\u00e9e par son Centre de comp\u00e9tences transfrontali\u00e8res, NovaTris, elle a donc naturellement d\u00e9velopp\u00e9 une importante offre de formation bi- et trinationale. L&rsquo;UHA propose 8 cursus \u2013 dont une grande majorit\u00e9 labellis\u00e9s Universit\u00e9 [&hellip;]","og_url":"http:\/\/www.novatris.uha.fr\/index.php\/mobilites\/formations-bi-et-tri-nationales-accompagnees\/","og_site_name":"NovaTris, centre de comp\u00e9tences transfrontali\u00e8res | Universit\u00e9 de Haute-Alsace","article_modified_time":"2021-11-22T14:33:35+00:00","og_image":[{"url":"http:\/\/www.novatris.uha.fr\/wp-content\/uploads\/2019\/10\/Novatris2017RegioChimica10-min-300x200.jpg","type":"","width":"","height":""}],"twitter_card":"summary_large_image","twitter_misc":{"Dur\u00e9e de lecture estim\u00e9e":"3 minutes"},"schema":{"@context":"https:\/\/schema.org","@graph":[{"@type":"WebPage","@id":"http:\/\/www.novatris.uha.fr\/index.php\/mobilites\/formations-bi-et-tri-nationales-accompagnees\/","url":"http:\/\/www.novatris.uha.fr\/index.php\/mobilites\/formations-bi-et-tri-nationales-accompagnees\/","name":"Formations bi- et trinationales accompagn\u00e9es - NovaTris, centre de comp\u00e9tences transfrontali\u00e8res | Universit\u00e9 de Haute-Alsace","isPartOf":{"@id":"http:\/\/www.novatris.uha.fr\/#website"},"primaryImageOfPage":{"@id":"http:\/\/www.novatris.uha.fr\/index.php\/mobilites\/formations-bi-et-tri-nationales-accompagnees\/#primaryimage"},"image":{"@id":"http:\/\/www.novatris.uha.fr\/index.php\/mobilites\/formations-bi-et-tri-nationales-accompagnees\/#primaryimage"},"thumbnailUrl":"http:\/\/www.novatris.uha.fr\/wp-content\/uploads\/2019\/10\/Novatris2017RegioChimica10-min-300x200.jpg","datePublished":"2019-08-20T07:23:03+00:00","dateModified":"2021-11-22T14:33:35+00:00","breadcrumb":{"@id":"http:\/\/www.novatris.uha.fr\/index.php\/mobilites\/formations-bi-et-tri-nationales-accompagnees\/#breadcrumb"},"inLanguage":"fr-FR","potentialAction":[{"@type":"ReadAction","target":["http:\/\/www.novatris.uha.fr\/index.php\/mobilites\/formations-bi-et-tri-nationales-accompagnees\/"]}]},{"@type":"ImageObject","inLanguage":"fr-FR","@id":"http:\/\/www.novatris.uha.fr\/index.php\/mobilites\/formations-bi-et-tri-nationales-accompagnees\/#primaryimage","url":"http:\/\/www.novatris.uha.fr\/wp-content\/uploads\/2019\/10\/Novatris2017RegioChimica10-min-300x200.jpg","contentUrl":"http:\/\/www.novatris.uha.fr\/wp-content\/uploads\/2019\/10\/Novatris2017RegioChimica10-min-300x200.jpg"},{"@type":"BreadcrumbList","@id":"http:\/\/www.novatris.uha.fr\/index.php\/mobilites\/formations-bi-et-tri-nationales-accompagnees\/#breadcrumb","itemListElement":[{"@type":"ListItem","position":1,"name":"Accueil","item":"http:\/\/www.novatris.uha.fr\/"},{"@type":"ListItem","position":2,"name":"Mobilit\u00e9s","item":"https:\/\/www.novatris.uha.fr\/index.php\/mobilites\/"},{"@type":"ListItem","position":3,"name":"Formations bi- et trinationales accompagn\u00e9es"}]},{"@type":"WebSite","@id":"http:\/\/www.novatris.uha.fr\/#website","url":"http:\/\/www.novatris.uha.fr\/","name":"NovaTris, centre de comp\u00e9tences transfrontali\u00e8res | Universit\u00e9 de Haute-Alsace","description":"Campus Illberg | Universit\u00e9 de Haute-Alsace","potentialAction":[{"@type":"SearchAction","target":{"@type":"EntryPoint","urlTemplate":"http:\/\/www.novatris.uha.fr\/?s={search_term_string}"},"query-input":{"@type":"PropertyValueSpecification","valueRequired":true,"valueName":"search_term_string"}}],"inLanguage":"fr-FR"}]}},"_links":{"self":[{"href":"http:\/\/www.novatris.uha.fr\/index.php\/wp-json\/wp\/v2\/pages\/99","targetHints":{"allow":["GET"]}}],"collection":[{"href":"http:\/\/www.novatris.uha.fr\/index.php\/wp-json\/wp\/v2\/pages"}],"about":[{"href":"http:\/\/www.novatris.uha.fr\/index.php\/wp-json\/wp\/v2\/types\/page"}],"author":[{"embeddable":true,"href":"http:\/\/www.novatris.uha.fr\/index.php\/wp-json\/wp\/v2\/users\/1"}],"replies":[{"embeddable":true,"href":"http:\/\/www.novatris.uha.fr\/index.php\/wp-json\/wp\/v2\/comments?post=99"}],"version-history":[{"count":44,"href":"http:\/\/www.novatris.uha.fr\/index.php\/wp-json\/wp\/v2\/pages\/99\/revisions"}],"predecessor-version":[{"id":6706,"href":"http:\/\/www.novatris.uha.fr\/index.php\/wp-json\/wp\/v2\/pages\/99\/revisions\/6706"}],"up":[{"embeddable":true,"href":"http:\/\/www.novatris.uha.fr\/index.php\/wp-json\/wp\/v2\/pages\/33"}],"wp:attachment":[{"href":"http:\/\/www.novatris.uha.fr\/index.php\/wp-json\/wp\/v2\/media?parent=99"}],"curies":[{"name":"wp","href":"https:\/\/api.w.org\/{rel}","templated":true}]}}