{"id":97,"date":"2019-08-20T09:22:18","date_gmt":"2019-08-20T07:22:18","guid":{"rendered":"http:\/\/www.novatris-dev.uha.fr\/?page_id=97"},"modified":"2021-09-14T12:14:08","modified_gmt":"2021-09-14T10:14:08","slug":"bourse-de-mobilite","status":"publish","type":"page","link":"http:\/\/www.novatris.uha.fr\/index.php\/mobilites\/mobilite-des-etudiants\/bourse-de-mobilite\/","title":{"rendered":"Bourse de mobilit\u00e9"},"content":{"rendered":"<h2>\u00c9tudiez \u00ab\u00a0transfrontalier\u00a0\u00bb avec l&rsquo;esprit libre gr\u00e2ce \u00e0 la bourse NovaTris !<\/h2>\n<p><a href=\"http:\/\/www.novatris.uha.fr\/wp-content\/uploads\/2019\/10\/logement_\u00e9tudiants.jpg\"><img loading=\"lazy\" decoding=\"async\" class=\"alignright wp-image-1136\" src=\"http:\/\/www.novatris.uha.fr\/wp-content\/uploads\/2019\/10\/logement_\u00e9tudiants-300x200.jpg\" alt=\"Image Bourse NovaTris\" width=\"400\" height=\"267\" srcset=\"http:\/\/www.novatris.uha.fr\/wp-content\/uploads\/2019\/10\/logement_\u00e9tudiants-300x200.jpg 300w, http:\/\/www.novatris.uha.fr\/wp-content\/uploads\/2019\/10\/logement_\u00e9tudiants-768x512.jpg 768w, http:\/\/www.novatris.uha.fr\/wp-content\/uploads\/2019\/10\/logement_\u00e9tudiants-1024x683.jpg 1024w\" sizes=\"auto, (max-width: 400px) 100vw, 400px\" \/><\/a><br \/>\nNovaTris propose une bourse \u00e0 tous les \u00e9tudiants en mobilit\u00e9 dans le Rhin sup\u00e9rieur ou inscrits dans une <a href=\"http:\/\/www.novatris.uha.fr\/index.php\/mobilites\/formations-bi-et-tri-nationales-accompagnees\/\">formation bi- ou trinationale<\/a> de l&rsquo;<a href=\"http:\/\/www.uha.fr\/\" target=\"_blank\" rel=\"noopener\">Universit\u00e9 de Haute-Alsace<\/a> (UHA).<\/p>\n<p>Ce programme d&rsquo;aide \u00e0 la mobilit\u00e9 de longue dur\u00e9e permet une immersion totale dans la vie \u00e9tudiante outre-Rhin. Le <strong>soutien financier accord\u00e9 par NovaTris<\/strong> donne aux \u00e9tudiants la possibilit\u00e9 de couvrir les frais de transport, de d\u00e9m\u00e9nagement et d\u2019installation. Cette aide permet de profiter pleinement de sa mobilit\u00e9 et de d\u00e9couvrir une autre langue et d&rsquo;autres cultures.<\/p>\n<p>Le <strong>montant de la bourse peut s\u2019\u00e9lever jusqu&rsquo;\u00e0 300\u20ac par mois<\/strong> pendant 10 mois maximum.<\/p>\n<div class=\"su-box su-box-style-default\" id=\"\" style=\"border-color:#000000;border-radius:0px;max-width:none\"><div class=\"su-box-title\" style=\"background-color:#333333;color:#FFFFFF;border-top-left-radius:0px;border-top-right-radius:0px\">Conditions<\/div><div class=\"su-box-content su-u-clearfix su-u-trim\" style=\"border-bottom-left-radius:0px;border-bottom-right-radius:0px\">\n<div class=\"su-list\" style=\"margin-left:0px\">\n<ul>\n<li><i class=\"sui sui-caret-right\" style=\"color:#333\"><\/i> L&rsquo;\u00e9tudiant doit \u00eatre en <strong>mobilit\u00e9 d&rsquo;\u00e9tudes<\/strong> ou en <strong>stage<\/strong> dans le <strong>Rhin Sup\u00e9rieur<\/strong> ou inscrit dans une <strong>formation bi ou tri-nationale<\/strong> (franco-allemande ou franco-allemand-suisse).<\/li>\n<li><i class=\"sui sui-caret-right\" style=\"color:#333\"><\/i> L&rsquo;\u00e9tudiant soumet un <strong>dossier de demande de bourse<\/strong> ; celui-ci est ensuite est \u00e9tudi\u00e9 et valid\u00e9 (ou refus\u00e9) par un jury r\u00e9uni par NovaTris.<\/li>\n<li><i class=\"sui sui-caret-right\" style=\"color:#333\"><\/i> Le montant de la bourse est minor\u00e9 si l\u2019\u00e9tudiant b\u00e9n\u00e9ficie d\u2019une autre bourse non-soumise \u00e0 des crit\u00e8res sociaux.<\/li>\n<li><i class=\"sui sui-caret-right\" style=\"color:#333\"><\/i> L\u2019\u00e9tudiant s\u2019engage \u00e0 apporter son aide durant sa mobilit\u00e9. Il s&rsquo;investit dans un projet interculturel et\/ou dans la promotion de sa formation, de NovaTris et de l\u2019UHA : entre <strong>15h et 30h d&rsquo;engagement interculturel<\/strong> sont demand\u00e9es en fonction du montant de la bourse obtenu.<\/li>\n<\/ul>\n<\/div><\/div><\/div>\n<p>Pour toute question relative \u00e0 la bourse NovaTris, contactez le Centre par courriel \u00e0 l\u2019adresse <a href=\"mailto:bourse.novatris@uha.fr\" target=\"_blank\" rel=\"noopener noreferrer\">bourse.novatris@uha.fr<\/a>.<\/p>\n<a href=\"https:\/\/e-diffusion.uha.fr\/video\/3997-engagement-interculturel-novatris\/\" class=\"su-button su-button-style-default\" style=\"color:#FFFFFF;background-color:#004996;border-color:#003b78;border-radius:6px\" target=\"_blank\" rel=\"noopener noreferrer\"><span style=\"color:#FFFFFF;padding:6px 18px;font-size:14px;line-height:21px;border-color:#4d80b6;border-radius:6px;text-shadow:none\"><i class=\"sui sui-arrow-right\" style=\"font-size:14px;color:#FFFFFF\"><\/i> D\u00e9couvrir les projets interculturels imagin\u00e9s en 2020-2021<\/span><\/a>\n<p>&nbsp;<\/p>\n<h2><strong>T\u00e9moignages<\/strong><\/h2>\n<div class=\"su-quote su-quote-style-default su-quote-has-cite\"><div class=\"su-quote-inner su-u-clearfix su-u-trim\">Durant mon s\u00e9jour en Allemagne financ\u00e9 en partie par la bourse NovaTris, j\u2019ai appris \u00e0 conna\u00eetre la culture allemande mais aussi \u00e0 me conna\u00eetre moi-m\u00eame. <span class=\"su-quote-cite\">Claire Gassmann, \u00e9tudiante en Licence de Gestion touristique (cursus binational)<\/span><\/div><\/div>\n<p style=\"text-align: right;\"><em>Cr\u00e9dit photo : Conf\u00e9rence des pr\u00e9sidents d&rsquo;universit\u00e9 &#8211; Universit\u00e9 de Haute-Alsace<\/em><\/p>\n","protected":false},"excerpt":{"rendered":"<p>\u00c9tudiez \u00ab\u00a0transfrontalier\u00a0\u00bb avec l&rsquo;esprit libre gr\u00e2ce \u00e0 la bourse NovaTris ! NovaTris propose une bourse \u00e0 tous les \u00e9tudiants en mobilit\u00e9 dans le Rhin sup\u00e9rieur ou inscrits dans une formation bi- ou trinationale de l&rsquo;Universit\u00e9 de Haute-Alsace (UHA). Ce programme d&rsquo;aide \u00e0 la mobilit\u00e9 de longue dur\u00e9e permet une immersion totale dans la vie \u00e9tudiante [&hellip;]<\/p>\n","protected":false},"author":1,"featured_media":0,"parent":90,"menu_order":0,"comment_status":"closed","ping_status":"closed","template":"","meta":{"footnotes":""},"class_list":["post-97","page","type-page","status-publish","hentry"],"yoast_head":"<!-- This site is optimized with the Yoast SEO plugin v24.8.1 - https:\/\/yoast.com\/wordpress\/plugins\/seo\/ -->\n<title>Bourse de mobilit\u00e9 - NovaTris, centre de comp\u00e9tences transfrontali\u00e8res | Universit\u00e9 de Haute-Alsace<\/title>\n<meta name=\"robots\" content=\"index, follow, max-snippet:-1, max-image-preview:large, max-video-preview:-1\" \/>\n<link rel=\"canonical\" href=\"http:\/\/www.novatris.uha.fr\/index.php\/mobilites\/mobilite-des-etudiants\/bourse-de-mobilite\/\" \/>\n<meta property=\"og:locale\" content=\"fr_FR\" \/>\n<meta property=\"og:type\" content=\"article\" \/>\n<meta property=\"og:title\" content=\"Bourse de mobilit\u00e9 - NovaTris, centre de comp\u00e9tences transfrontali\u00e8res | Universit\u00e9 de Haute-Alsace\" \/>\n<meta property=\"og:description\" content=\"\u00c9tudiez \u00ab\u00a0transfrontalier\u00a0\u00bb avec l&rsquo;esprit libre gr\u00e2ce \u00e0 la bourse NovaTris ! NovaTris propose une bourse \u00e0 tous les \u00e9tudiants en mobilit\u00e9 dans le Rhin sup\u00e9rieur ou inscrits dans une formation bi- ou trinationale de l&rsquo;Universit\u00e9 de Haute-Alsace (UHA). Ce programme d&rsquo;aide \u00e0 la mobilit\u00e9 de longue dur\u00e9e permet une immersion totale dans la vie \u00e9tudiante [&hellip;]\" \/>\n<meta property=\"og:url\" content=\"http:\/\/www.novatris.uha.fr\/index.php\/mobilites\/mobilite-des-etudiants\/bourse-de-mobilite\/\" \/>\n<meta property=\"og:site_name\" content=\"NovaTris, centre de comp\u00e9tences transfrontali\u00e8res | Universit\u00e9 de Haute-Alsace\" \/>\n<meta property=\"article:modified_time\" content=\"2021-09-14T10:14:08+00:00\" \/>\n<meta name=\"twitter:card\" content=\"summary_large_image\" \/>\n<meta name=\"twitter:label1\" content=\"Dur\u00e9e de lecture estim\u00e9e\" \/>\n\t<meta name=\"twitter:data1\" content=\"2 minutes\" \/>\n<script type=\"application\/ld+json\" class=\"yoast-schema-graph\">{\"@context\":\"https:\/\/schema.org\",\"@graph\":[{\"@type\":\"WebPage\",\"@id\":\"http:\/\/www.novatris.uha.fr\/index.php\/mobilites\/mobilite-des-etudiants\/bourse-de-mobilite\/\",\"url\":\"http:\/\/www.novatris.uha.fr\/index.php\/mobilites\/mobilite-des-etudiants\/bourse-de-mobilite\/\",\"name\":\"Bourse de mobilit\u00e9 - NovaTris, centre de comp\u00e9tences transfrontali\u00e8res | Universit\u00e9 de Haute-Alsace\",\"isPartOf\":{\"@id\":\"http:\/\/www.novatris.uha.fr\/#website\"},\"datePublished\":\"2019-08-20T07:22:18+00:00\",\"dateModified\":\"2021-09-14T10:14:08+00:00\",\"breadcrumb\":{\"@id\":\"http:\/\/www.novatris.uha.fr\/index.php\/mobilites\/mobilite-des-etudiants\/bourse-de-mobilite\/#breadcrumb\"},\"inLanguage\":\"fr-FR\",\"potentialAction\":[{\"@type\":\"ReadAction\",\"target\":[\"http:\/\/www.novatris.uha.fr\/index.php\/mobilites\/mobilite-des-etudiants\/bourse-de-mobilite\/\"]}]},{\"@type\":\"BreadcrumbList\",\"@id\":\"http:\/\/www.novatris.uha.fr\/index.php\/mobilites\/mobilite-des-etudiants\/bourse-de-mobilite\/#breadcrumb\",\"itemListElement\":[{\"@type\":\"ListItem\",\"position\":1,\"name\":\"Accueil\",\"item\":\"http:\/\/www.novatris.uha.fr\/\"},{\"@type\":\"ListItem\",\"position\":2,\"name\":\"Mobilit\u00e9s\",\"item\":\"http:\/\/www.novatris.uha.fr\/index.php\/mobilites\/\"},{\"@type\":\"ListItem\",\"position\":3,\"name\":\"Mobilit\u00e9 des \u00e9tudiants\",\"item\":\"http:\/\/www.novatris.uha.fr\/index.php\/mobilites\/mobilite-des-etudiants\/\"},{\"@type\":\"ListItem\",\"position\":4,\"name\":\"Bourse de mobilit\u00e9\"}]},{\"@type\":\"WebSite\",\"@id\":\"http:\/\/www.novatris.uha.fr\/#website\",\"url\":\"http:\/\/www.novatris.uha.fr\/\",\"name\":\"NovaTris, centre de comp\u00e9tences transfrontali\u00e8res | Universit\u00e9 de Haute-Alsace\",\"description\":\"Campus Illberg | Universit\u00e9 de Haute-Alsace\",\"potentialAction\":[{\"@type\":\"SearchAction\",\"target\":{\"@type\":\"EntryPoint\",\"urlTemplate\":\"http:\/\/www.novatris.uha.fr\/?s={search_term_string}\"},\"query-input\":{\"@type\":\"PropertyValueSpecification\",\"valueRequired\":true,\"valueName\":\"search_term_string\"}}],\"inLanguage\":\"fr-FR\"}]}<\/script>\n<!-- \/ Yoast SEO plugin. -->","yoast_head_json":{"title":"Bourse de mobilit\u00e9 - NovaTris, centre de comp\u00e9tences transfrontali\u00e8res | Universit\u00e9 de Haute-Alsace","robots":{"index":"index","follow":"follow","max-snippet":"max-snippet:-1","max-image-preview":"max-image-preview:large","max-video-preview":"max-video-preview:-1"},"canonical":"http:\/\/www.novatris.uha.fr\/index.php\/mobilites\/mobilite-des-etudiants\/bourse-de-mobilite\/","og_locale":"fr_FR","og_type":"article","og_title":"Bourse de mobilit\u00e9 - NovaTris, centre de comp\u00e9tences transfrontali\u00e8res | Universit\u00e9 de Haute-Alsace","og_description":"\u00c9tudiez \u00ab\u00a0transfrontalier\u00a0\u00bb avec l&rsquo;esprit libre gr\u00e2ce \u00e0 la bourse NovaTris ! NovaTris propose une bourse \u00e0 tous les \u00e9tudiants en mobilit\u00e9 dans le Rhin sup\u00e9rieur ou inscrits dans une formation bi- ou trinationale de l&rsquo;Universit\u00e9 de Haute-Alsace (UHA). Ce programme d&rsquo;aide \u00e0 la mobilit\u00e9 de longue dur\u00e9e permet une immersion totale dans la vie \u00e9tudiante [&hellip;]","og_url":"http:\/\/www.novatris.uha.fr\/index.php\/mobilites\/mobilite-des-etudiants\/bourse-de-mobilite\/","og_site_name":"NovaTris, centre de comp\u00e9tences transfrontali\u00e8res | Universit\u00e9 de Haute-Alsace","article_modified_time":"2021-09-14T10:14:08+00:00","twitter_card":"summary_large_image","twitter_misc":{"Dur\u00e9e de lecture estim\u00e9e":"2 minutes"},"schema":{"@context":"https:\/\/schema.org","@graph":[{"@type":"WebPage","@id":"http:\/\/www.novatris.uha.fr\/index.php\/mobilites\/mobilite-des-etudiants\/bourse-de-mobilite\/","url":"http:\/\/www.novatris.uha.fr\/index.php\/mobilites\/mobilite-des-etudiants\/bourse-de-mobilite\/","name":"Bourse de mobilit\u00e9 - NovaTris, centre de comp\u00e9tences transfrontali\u00e8res | Universit\u00e9 de Haute-Alsace","isPartOf":{"@id":"http:\/\/www.novatris.uha.fr\/#website"},"datePublished":"2019-08-20T07:22:18+00:00","dateModified":"2021-09-14T10:14:08+00:00","breadcrumb":{"@id":"http:\/\/www.novatris.uha.fr\/index.php\/mobilites\/mobilite-des-etudiants\/bourse-de-mobilite\/#breadcrumb"},"inLanguage":"fr-FR","potentialAction":[{"@type":"ReadAction","target":["http:\/\/www.novatris.uha.fr\/index.php\/mobilites\/mobilite-des-etudiants\/bourse-de-mobilite\/"]}]},{"@type":"BreadcrumbList","@id":"http:\/\/www.novatris.uha.fr\/index.php\/mobilites\/mobilite-des-etudiants\/bourse-de-mobilite\/#breadcrumb","itemListElement":[{"@type":"ListItem","position":1,"name":"Accueil","item":"http:\/\/www.novatris.uha.fr\/"},{"@type":"ListItem","position":2,"name":"Mobilit\u00e9s","item":"http:\/\/www.novatris.uha.fr\/index.php\/mobilites\/"},{"@type":"ListItem","position":3,"name":"Mobilit\u00e9 des \u00e9tudiants","item":"http:\/\/www.novatris.uha.fr\/index.php\/mobilites\/mobilite-des-etudiants\/"},{"@type":"ListItem","position":4,"name":"Bourse de mobilit\u00e9"}]},{"@type":"WebSite","@id":"http:\/\/www.novatris.uha.fr\/#website","url":"http:\/\/www.novatris.uha.fr\/","name":"NovaTris, centre de comp\u00e9tences transfrontali\u00e8res | Universit\u00e9 de Haute-Alsace","description":"Campus Illberg | Universit\u00e9 de Haute-Alsace","potentialAction":[{"@type":"SearchAction","target":{"@type":"EntryPoint","urlTemplate":"http:\/\/www.novatris.uha.fr\/?s={search_term_string}"},"query-input":{"@type":"PropertyValueSpecification","valueRequired":true,"valueName":"search_term_string"}}],"inLanguage":"fr-FR"}]}},"_links":{"self":[{"href":"http:\/\/www.novatris.uha.fr\/index.php\/wp-json\/wp\/v2\/pages\/97","targetHints":{"allow":["GET"]}}],"collection":[{"href":"http:\/\/www.novatris.uha.fr\/index.php\/wp-json\/wp\/v2\/pages"}],"about":[{"href":"http:\/\/www.novatris.uha.fr\/index.php\/wp-json\/wp\/v2\/types\/page"}],"author":[{"embeddable":true,"href":"http:\/\/www.novatris.uha.fr\/index.php\/wp-json\/wp\/v2\/users\/1"}],"replies":[{"embeddable":true,"href":"http:\/\/www.novatris.uha.fr\/index.php\/wp-json\/wp\/v2\/comments?post=97"}],"version-history":[{"count":36,"href":"http:\/\/www.novatris.uha.fr\/index.php\/wp-json\/wp\/v2\/pages\/97\/revisions"}],"predecessor-version":[{"id":6592,"href":"http:\/\/www.novatris.uha.fr\/index.php\/wp-json\/wp\/v2\/pages\/97\/revisions\/6592"}],"up":[{"embeddable":true,"href":"http:\/\/www.novatris.uha.fr\/index.php\/wp-json\/wp\/v2\/pages\/90"}],"wp:attachment":[{"href":"http:\/\/www.novatris.uha.fr\/index.php\/wp-json\/wp\/v2\/media?parent=97"}],"curies":[{"name":"wp","href":"https:\/\/api.w.org\/{rel}","templated":true}]}}