{"id":94,"date":"2019-08-20T09:21:49","date_gmt":"2019-08-20T07:21:49","guid":{"rendered":"http:\/\/www.novatris-dev.uha.fr\/?page_id=94"},"modified":"2021-10-29T09:51:38","modified_gmt":"2021-10-29T07:51:38","slug":"mobilite-eucor","status":"publish","type":"page","link":"http:\/\/www.novatris.uha.fr\/index.php\/mobilites\/mobilite-des-etudiants\/mobilite-eucor\/","title":{"rendered":"Mobilit\u00e9 Eucor"},"content":{"rendered":"<h2><strong>5 universit\u00e9s, 3 pays, 2 langues!<a href=\"http:\/\/www.novatris.uha.fr\/wp-content\/uploads\/2019\/10\/etudiantes_T2T.jpg\"><img loading=\"lazy\" decoding=\"async\" class=\"alignright wp-image-1137\" src=\"http:\/\/www.novatris.uha.fr\/wp-content\/uploads\/2019\/10\/etudiantes_T2T-300x200.jpg\" alt=\"\" width=\"489\" height=\"326\" srcset=\"http:\/\/www.novatris.uha.fr\/wp-content\/uploads\/2019\/10\/etudiantes_T2T-300x200.jpg 300w, http:\/\/www.novatris.uha.fr\/wp-content\/uploads\/2019\/10\/etudiantes_T2T-768x512.jpg 768w, http:\/\/www.novatris.uha.fr\/wp-content\/uploads\/2019\/10\/etudiantes_T2T-1024x683.jpg 1024w\" sizes=\"auto, (max-width: 489px) 100vw, 489px\" \/><\/a><\/strong><\/h2>\n<p>L&rsquo;<a href=\"http:\/\/www.uha.fr\/\" target=\"_blank\" rel=\"noopener noreferrer\">Universit\u00e9 de Haute-Alsace<\/a> est membre d&rsquo;<a href=\"http:\/\/www.novatris.uha.fr\/index.php\/contexte-europeen\/eucor-le-campus-europeen\/\">Eucor &#8211; Le Campus europ\u00e9en<\/a>. Gr\u00e2ce \u00e0 ce r\u00e9seau d&rsquo;universit\u00e9s partenaires, les \u00e9tudiants peuvent effectuer une mobilit\u00e9 \u00e0 la carte qui va de l&rsquo;enseignement ponctuel \u00e0 l&rsquo;\u00e9change d&rsquo;un semestre ou d&rsquo;un an.<\/p>\n<p>En pratique, les \u00e9tudiants restent inscrits \u00e0 leur universit\u00e9 d\u2019origine et ne paient aucun frais d\u2019inscription \u00e0 l\u2019universit\u00e9 d\u2019accueil. Ils b\u00e9n\u00e9ficient des m\u00eames services que dans leur \u00e9tablissement d\u2019origine : acc\u00e8s aux services en ligne, restaurants et r\u00e9sidences universitaires, tarifs sp\u00e9ciaux dans les transports, emprunts dans les biblioth\u00e8ques, etc.<\/p>\n<p>Avec l\u2019accord des enseignants responsables, ils peuvent b\u00e9n\u00e9ficier des cr\u00e9dits ECTS valid\u00e9s durant la mobilit\u00e9.<\/p>\n<h2>Mobilit\u00e9 ponctuelle<\/h2>\n<p>Les \u00e9tudiants ont la possibilit\u00e9 de suivre des cours isol\u00e9s, des modules entiers ou peuvent effectuer une mobilit\u00e9 de d\u00e9couverte d&rsquo;un jour dans une universit\u00e9 d&rsquo;Eucor &#8211; Le Campus europ\u00e9en.<\/p>\n<h2>Mobilit\u00e9 semestrielle ou annuelle<\/h2>\n<p>Les \u00e9tudiants ont la possibilit\u00e9 d\u2019\u00e9tudier pendant un semestre ou m\u00eame une ann\u00e9e enti\u00e8re dans une des universit\u00e9s membres d&rsquo;<a href=\"https:\/\/www.eucor-uni.org\/\">Eucor &#8211; Le Campus europ\u00e9en<\/a>. Il est recommand\u00e9 de pr\u00e9parer ce type de mobilit\u00e9 au moins 6 mois \u00e0 l\u2019avance.<\/p>\n<div class=\"su-box su-box-style-default\" id=\"\" style=\"border-color:#000000;border-radius:0px;max-width:none\"><div class=\"su-box-title\" style=\"background-color:#333333;color:#FFFFFF;border-top-left-radius:0px;border-top-right-radius:0px\">Avantages d'une mobilit\u00e9 Eucor<\/div><div class=\"su-box-content su-u-clearfix su-u-trim\" style=\"border-bottom-left-radius:0px;border-bottom-right-radius:0px\">\n<div class=\"su-list\" style=\"margin-left:0px\">\n<ul>\n<li><i class=\"sui sui-caret-right\" style=\"color:#333\"><\/i> Profitez d&rsquo;une mobilit\u00e9 \u00e0 la carte<\/li>\n<li><i class=\"sui sui-caret-right\" style=\"color:#333\"><\/i> B\u00e9n\u00e9ficiez de l&rsquo;accompagnement de NovaTris pour vos d\u00e9marches (choix du cours)<\/li>\n<li><i class=\"sui sui-caret-right\" style=\"color:#333\"><\/i> Ne payez aucun frais d&rsquo;inscription et de d\u00e9placement<\/li>\n<li><i class=\"sui sui-caret-right\" style=\"color:#333\"><\/i> Si vous effectuez une mobilit\u00e9 de longue dur\u00e9e et que vous vivez sur place, profitez de la <a href=\"http:\/\/www.novatris.uha.fr\/index.php\/mobilites\/mobilite-des-etudiants\/bourse-de-mobilite\/\" target=\"_blank\" rel=\"noopener noreferrer\">bourse de mobilit\u00e9 NovaTris<\/a><\/li>\n<li><i class=\"sui sui-caret-right\" style=\"color:#333\"><\/i> D\u00e9couvrez d&rsquo;autres cultures et am\u00e9liorer votre niveau d&rsquo;allemand<\/li>\n<\/ul>\n<\/div><\/div><\/div>\n<h2><strong>T\u00e9moignages<\/strong><\/h2>\n<div class=\"su-quote su-quote-style-default su-quote-has-cite\"><div class=\"su-quote-inner su-u-clearfix su-u-trim\">Mon exp\u00e9rience en Allemagne fut enrichissante autant culturellement que sur le point des \u00e9tudes. J\u2019ai appris beaucoup sur le mode de vie allemand et sur le fonctionnement typique d\u2019une grande universit\u00e9 comme le Karlsruher Institut f\u00fcr Technologie. Karlsruhe est une ville qui offre beaucoup d\u2019activit\u00e9s. Le centre du KIT est tr\u00e8s comp\u00e9tent pour accueillir les \u00e9l\u00e8ves \u00e9trangers. L&rsquo;accompagnement et le soutien de NovaTris m\u2019ont permis de me consacrer pleinement \u00e0 mon semestre d\u2019\u00e9tudes sans avoir besoin de travailler \u00e0 c\u00f4t\u00e9. Ce fut une aide d\u00e9cisive et je ne regrette pas d\u2019avoir exp\u00e9riment\u00e9 ce semestre en Allemagne !<span class=\"su-quote-cite\">Matthieu Lecomt, \u00e9tudiant en M\u00e9canique, ENSISA, Universit\u00e9 de Haute-Alsace<\/span><\/div><\/div>\n<div class=\"su-quote su-quote-style-default su-quote-has-cite\"><div class=\"su-quote-inner su-u-clearfix su-u-trim\">\u00c9tudiante en premi\u00e8re ann\u00e9e de Master Recherche \u00e0 l&rsquo;Universit\u00e9 de Haute Alsace \u00e0 Mulhouse, j&rsquo;ai d\u00e9cid\u00e9 de suivre des cours \u00e0 l&rsquo;Universit\u00e9 de B\u00e2le, car j&rsquo;aime d\u00e9couvrir de nouvelles choses et vivre de nouvelles exp\u00e9riences. En outre, j&rsquo;ai toujours \u00e9t\u00e9 fascin\u00e9e par la culture et le mode de vie suisses. Je voulais suivre un cours de litt\u00e9rature am\u00e9ricaine. Pour pouvoir y assister, je devais me lever tous les mercredis \u00e0 5h30. Parfois, c&rsquo;\u00e9tait un peu rude, mais j&rsquo;ai vraiment appr\u00e9ci\u00e9 cette exp\u00e9rience. Je me suis fait de merveilleux amis et j&rsquo;ai beaucoup appris. La biblioth\u00e8que de B\u00e2le m&rsquo;a particuli\u00e8rement plu et fascin\u00e9e. NovaTris nous offre une merveilleuse opportunit\u00e9 en nous permettant de valider un cours dans une autre universit\u00e9 Eucor &#8211; Le Campus europ\u00e9en ! Et j&rsquo;en profite : ce semestre, je suis un cours de Marketing \u00e0 B\u00e2le.<span class=\"su-quote-cite\">Dorsaf SAKRAOUI, \u00e9tudiante en Master Arts, Lettres et Civilisations, Anglais, UHA<\/span><\/div><\/div>\n<h2>D\u00e9couvrez la mobilit\u00e9 \u00e9tudiante en images<\/h2>\n<span class=\"su-lightbox\" data-mfp-src=\"https:\/\/www.youtube-nocookie.com\/embed\/GbfHE5aSp-o\" data-mfp-type=\"iframe\" data-mobile=\"yes\"><img loading=\"lazy\" decoding=\"async\" class=\"aligncenter wp-image-5132 size-large\" src=\"http:\/\/www.novatris.uha.fr\/wp-content\/uploads\/2021\/03\/mobilite-etudiante-eucor-le-campus-europeen-1024x539.jpg\" alt=\"Mobilit\u00e9 \u00e9tudiante Eucor - Le Campus europ\u00e9en\" width=\"750\" height=\"395\" srcset=\"http:\/\/www.novatris.uha.fr\/wp-content\/uploads\/2021\/03\/mobilite-etudiante-eucor-le-campus-europeen-1024x539.jpg 1024w, http:\/\/www.novatris.uha.fr\/wp-content\/uploads\/2021\/03\/mobilite-etudiante-eucor-le-campus-europeen-300x158.jpg 300w, http:\/\/www.novatris.uha.fr\/wp-content\/uploads\/2021\/03\/mobilite-etudiante-eucor-le-campus-europeen-768x404.jpg 768w, http:\/\/www.novatris.uha.fr\/wp-content\/uploads\/2021\/03\/mobilite-etudiante-eucor-le-campus-europeen.jpg 1278w\" sizes=\"auto, (max-width: 750px) 100vw, 750px\" \/><\/p>\n<p>&nbsp;<\/p>\n<\/span>\n<a href=\"http:\/\/www.novatris.uha.fr\/index.php\/contexte-europeen\/eucor-le-campus-europeen\/\" class=\"su-button su-button-style-default\" style=\"color:#FFFFFF;background-color:#135cad;border-color:#104a8b;border-radius:0px\" target=\"_blank\" rel=\"noopener noreferrer\"><span style=\"color:#FFFFFF;padding:6px 16px;font-size:13px;line-height:20px;border-color:#5a8dc6;border-radius:0px;text-shadow:none\"><i class=\"sui sui-chain\" style=\"font-size:13px;color:#FFFFFF\"><\/i> En savoir plus sur Eucor &#8211; Le Campus europ\u00e9en<\/span><\/a>\n<p style=\"text-align: right;\"><em>Cr\u00e9dit photo : Conf\u00e9rence des pr\u00e9sidents d&rsquo;universit\u00e9 &#8211; Universit\u00e9 de Haute-Alsace<\/em><\/p>\n","protected":false},"excerpt":{"rendered":"<p>5 universit\u00e9s, 3 pays, 2 langues! L&rsquo;Universit\u00e9 de Haute-Alsace est membre d&rsquo;Eucor &#8211; Le Campus europ\u00e9en. Gr\u00e2ce \u00e0 ce r\u00e9seau d&rsquo;universit\u00e9s partenaires, les \u00e9tudiants peuvent effectuer une mobilit\u00e9 \u00e0 la carte qui va de l&rsquo;enseignement ponctuel \u00e0 l&rsquo;\u00e9change d&rsquo;un semestre ou d&rsquo;un an. En pratique, les \u00e9tudiants restent inscrits \u00e0 leur universit\u00e9 d\u2019origine et ne [&hellip;]<\/p>\n","protected":false},"author":1,"featured_media":0,"parent":90,"menu_order":0,"comment_status":"closed","ping_status":"closed","template":"","meta":{"footnotes":""},"class_list":["post-94","page","type-page","status-publish","hentry"],"yoast_head":"<!-- This site is optimized with the Yoast SEO plugin v24.8.1 - https:\/\/yoast.com\/wordpress\/plugins\/seo\/ -->\n<title>Mobilit\u00e9 Eucor - NovaTris, centre de comp\u00e9tences transfrontali\u00e8res | Universit\u00e9 de Haute-Alsace<\/title>\n<meta name=\"robots\" content=\"index, follow, max-snippet:-1, max-image-preview:large, max-video-preview:-1\" \/>\n<link rel=\"canonical\" href=\"https:\/\/www.novatris.uha.fr\/index.php\/mobilites\/mobilite-des-etudiants\/mobilite-eucor\/\" \/>\n<meta property=\"og:locale\" content=\"fr_FR\" \/>\n<meta property=\"og:type\" content=\"article\" \/>\n<meta property=\"og:title\" content=\"Mobilit\u00e9 Eucor - NovaTris, centre de comp\u00e9tences transfrontali\u00e8res | Universit\u00e9 de Haute-Alsace\" \/>\n<meta property=\"og:description\" content=\"5 universit\u00e9s, 3 pays, 2 langues! L&rsquo;Universit\u00e9 de Haute-Alsace est membre d&rsquo;Eucor &#8211; Le Campus europ\u00e9en. Gr\u00e2ce \u00e0 ce r\u00e9seau d&rsquo;universit\u00e9s partenaires, les \u00e9tudiants peuvent effectuer une mobilit\u00e9 \u00e0 la carte qui va de l&rsquo;enseignement ponctuel \u00e0 l&rsquo;\u00e9change d&rsquo;un semestre ou d&rsquo;un an. En pratique, les \u00e9tudiants restent inscrits \u00e0 leur universit\u00e9 d\u2019origine et ne [&hellip;]\" \/>\n<meta property=\"og:url\" content=\"https:\/\/www.novatris.uha.fr\/index.php\/mobilites\/mobilite-des-etudiants\/mobilite-eucor\/\" \/>\n<meta property=\"og:site_name\" content=\"NovaTris, centre de comp\u00e9tences transfrontali\u00e8res | Universit\u00e9 de Haute-Alsace\" \/>\n<meta property=\"article:modified_time\" content=\"2021-10-29T07:51:38+00:00\" \/>\n<meta property=\"og:image\" content=\"http:\/\/www.novatris.uha.fr\/wp-content\/uploads\/2019\/10\/etudiantes_T2T-300x200.jpg\" \/>\n<meta name=\"twitter:card\" content=\"summary_large_image\" \/>\n<meta name=\"twitter:label1\" content=\"Dur\u00e9e de lecture estim\u00e9e\" \/>\n\t<meta name=\"twitter:data1\" content=\"3 minutes\" \/>\n<script type=\"application\/ld+json\" class=\"yoast-schema-graph\">{\"@context\":\"https:\/\/schema.org\",\"@graph\":[{\"@type\":\"WebPage\",\"@id\":\"https:\/\/www.novatris.uha.fr\/index.php\/mobilites\/mobilite-des-etudiants\/mobilite-eucor\/\",\"url\":\"https:\/\/www.novatris.uha.fr\/index.php\/mobilites\/mobilite-des-etudiants\/mobilite-eucor\/\",\"name\":\"Mobilit\u00e9 Eucor - NovaTris, centre de comp\u00e9tences transfrontali\u00e8res | Universit\u00e9 de Haute-Alsace\",\"isPartOf\":{\"@id\":\"https:\/\/www.novatris.uha.fr\/#website\"},\"primaryImageOfPage\":{\"@id\":\"https:\/\/www.novatris.uha.fr\/index.php\/mobilites\/mobilite-des-etudiants\/mobilite-eucor\/#primaryimage\"},\"image\":{\"@id\":\"https:\/\/www.novatris.uha.fr\/index.php\/mobilites\/mobilite-des-etudiants\/mobilite-eucor\/#primaryimage\"},\"thumbnailUrl\":\"http:\/\/www.novatris.uha.fr\/wp-content\/uploads\/2019\/10\/etudiantes_T2T-300x200.jpg\",\"datePublished\":\"2019-08-20T07:21:49+00:00\",\"dateModified\":\"2021-10-29T07:51:38+00:00\",\"breadcrumb\":{\"@id\":\"https:\/\/www.novatris.uha.fr\/index.php\/mobilites\/mobilite-des-etudiants\/mobilite-eucor\/#breadcrumb\"},\"inLanguage\":\"fr-FR\",\"potentialAction\":[{\"@type\":\"ReadAction\",\"target\":[\"https:\/\/www.novatris.uha.fr\/index.php\/mobilites\/mobilite-des-etudiants\/mobilite-eucor\/\"]}]},{\"@type\":\"ImageObject\",\"inLanguage\":\"fr-FR\",\"@id\":\"https:\/\/www.novatris.uha.fr\/index.php\/mobilites\/mobilite-des-etudiants\/mobilite-eucor\/#primaryimage\",\"url\":\"http:\/\/www.novatris.uha.fr\/wp-content\/uploads\/2019\/10\/etudiantes_T2T-300x200.jpg\",\"contentUrl\":\"http:\/\/www.novatris.uha.fr\/wp-content\/uploads\/2019\/10\/etudiantes_T2T-300x200.jpg\"},{\"@type\":\"BreadcrumbList\",\"@id\":\"https:\/\/www.novatris.uha.fr\/index.php\/mobilites\/mobilite-des-etudiants\/mobilite-eucor\/#breadcrumb\",\"itemListElement\":[{\"@type\":\"ListItem\",\"position\":1,\"name\":\"Accueil\",\"item\":\"https:\/\/www.novatris.uha.fr\/\"},{\"@type\":\"ListItem\",\"position\":2,\"name\":\"Mobilit\u00e9s\",\"item\":\"http:\/\/www.novatris.uha.fr\/index.php\/mobilites\/\"},{\"@type\":\"ListItem\",\"position\":3,\"name\":\"Mobilit\u00e9 des \u00e9tudiants\",\"item\":\"http:\/\/www.novatris.uha.fr\/index.php\/mobilites\/mobilite-des-etudiants\/\"},{\"@type\":\"ListItem\",\"position\":4,\"name\":\"Mobilit\u00e9 Eucor\"}]},{\"@type\":\"WebSite\",\"@id\":\"https:\/\/www.novatris.uha.fr\/#website\",\"url\":\"https:\/\/www.novatris.uha.fr\/\",\"name\":\"NovaTris, centre de comp\u00e9tences transfrontali\u00e8res | Universit\u00e9 de Haute-Alsace\",\"description\":\"Campus Illberg | Universit\u00e9 de Haute-Alsace\",\"potentialAction\":[{\"@type\":\"SearchAction\",\"target\":{\"@type\":\"EntryPoint\",\"urlTemplate\":\"https:\/\/www.novatris.uha.fr\/?s={search_term_string}\"},\"query-input\":{\"@type\":\"PropertyValueSpecification\",\"valueRequired\":true,\"valueName\":\"search_term_string\"}}],\"inLanguage\":\"fr-FR\"}]}<\/script>\n<!-- \/ Yoast SEO plugin. -->","yoast_head_json":{"title":"Mobilit\u00e9 Eucor - NovaTris, centre de comp\u00e9tences transfrontali\u00e8res | Universit\u00e9 de Haute-Alsace","robots":{"index":"index","follow":"follow","max-snippet":"max-snippet:-1","max-image-preview":"max-image-preview:large","max-video-preview":"max-video-preview:-1"},"canonical":"https:\/\/www.novatris.uha.fr\/index.php\/mobilites\/mobilite-des-etudiants\/mobilite-eucor\/","og_locale":"fr_FR","og_type":"article","og_title":"Mobilit\u00e9 Eucor - NovaTris, centre de comp\u00e9tences transfrontali\u00e8res | Universit\u00e9 de Haute-Alsace","og_description":"5 universit\u00e9s, 3 pays, 2 langues! L&rsquo;Universit\u00e9 de Haute-Alsace est membre d&rsquo;Eucor &#8211; Le Campus europ\u00e9en. Gr\u00e2ce \u00e0 ce r\u00e9seau d&rsquo;universit\u00e9s partenaires, les \u00e9tudiants peuvent effectuer une mobilit\u00e9 \u00e0 la carte qui va de l&rsquo;enseignement ponctuel \u00e0 l&rsquo;\u00e9change d&rsquo;un semestre ou d&rsquo;un an. En pratique, les \u00e9tudiants restent inscrits \u00e0 leur universit\u00e9 d\u2019origine et ne [&hellip;]","og_url":"https:\/\/www.novatris.uha.fr\/index.php\/mobilites\/mobilite-des-etudiants\/mobilite-eucor\/","og_site_name":"NovaTris, centre de comp\u00e9tences transfrontali\u00e8res | Universit\u00e9 de Haute-Alsace","article_modified_time":"2021-10-29T07:51:38+00:00","og_image":[{"url":"http:\/\/www.novatris.uha.fr\/wp-content\/uploads\/2019\/10\/etudiantes_T2T-300x200.jpg","type":"","width":"","height":""}],"twitter_card":"summary_large_image","twitter_misc":{"Dur\u00e9e de lecture estim\u00e9e":"3 minutes"},"schema":{"@context":"https:\/\/schema.org","@graph":[{"@type":"WebPage","@id":"https:\/\/www.novatris.uha.fr\/index.php\/mobilites\/mobilite-des-etudiants\/mobilite-eucor\/","url":"https:\/\/www.novatris.uha.fr\/index.php\/mobilites\/mobilite-des-etudiants\/mobilite-eucor\/","name":"Mobilit\u00e9 Eucor - NovaTris, centre de comp\u00e9tences transfrontali\u00e8res | Universit\u00e9 de Haute-Alsace","isPartOf":{"@id":"https:\/\/www.novatris.uha.fr\/#website"},"primaryImageOfPage":{"@id":"https:\/\/www.novatris.uha.fr\/index.php\/mobilites\/mobilite-des-etudiants\/mobilite-eucor\/#primaryimage"},"image":{"@id":"https:\/\/www.novatris.uha.fr\/index.php\/mobilites\/mobilite-des-etudiants\/mobilite-eucor\/#primaryimage"},"thumbnailUrl":"http:\/\/www.novatris.uha.fr\/wp-content\/uploads\/2019\/10\/etudiantes_T2T-300x200.jpg","datePublished":"2019-08-20T07:21:49+00:00","dateModified":"2021-10-29T07:51:38+00:00","breadcrumb":{"@id":"https:\/\/www.novatris.uha.fr\/index.php\/mobilites\/mobilite-des-etudiants\/mobilite-eucor\/#breadcrumb"},"inLanguage":"fr-FR","potentialAction":[{"@type":"ReadAction","target":["https:\/\/www.novatris.uha.fr\/index.php\/mobilites\/mobilite-des-etudiants\/mobilite-eucor\/"]}]},{"@type":"ImageObject","inLanguage":"fr-FR","@id":"https:\/\/www.novatris.uha.fr\/index.php\/mobilites\/mobilite-des-etudiants\/mobilite-eucor\/#primaryimage","url":"http:\/\/www.novatris.uha.fr\/wp-content\/uploads\/2019\/10\/etudiantes_T2T-300x200.jpg","contentUrl":"http:\/\/www.novatris.uha.fr\/wp-content\/uploads\/2019\/10\/etudiantes_T2T-300x200.jpg"},{"@type":"BreadcrumbList","@id":"https:\/\/www.novatris.uha.fr\/index.php\/mobilites\/mobilite-des-etudiants\/mobilite-eucor\/#breadcrumb","itemListElement":[{"@type":"ListItem","position":1,"name":"Accueil","item":"https:\/\/www.novatris.uha.fr\/"},{"@type":"ListItem","position":2,"name":"Mobilit\u00e9s","item":"http:\/\/www.novatris.uha.fr\/index.php\/mobilites\/"},{"@type":"ListItem","position":3,"name":"Mobilit\u00e9 des \u00e9tudiants","item":"http:\/\/www.novatris.uha.fr\/index.php\/mobilites\/mobilite-des-etudiants\/"},{"@type":"ListItem","position":4,"name":"Mobilit\u00e9 Eucor"}]},{"@type":"WebSite","@id":"https:\/\/www.novatris.uha.fr\/#website","url":"https:\/\/www.novatris.uha.fr\/","name":"NovaTris, centre de comp\u00e9tences transfrontali\u00e8res | Universit\u00e9 de Haute-Alsace","description":"Campus Illberg | Universit\u00e9 de Haute-Alsace","potentialAction":[{"@type":"SearchAction","target":{"@type":"EntryPoint","urlTemplate":"https:\/\/www.novatris.uha.fr\/?s={search_term_string}"},"query-input":{"@type":"PropertyValueSpecification","valueRequired":true,"valueName":"search_term_string"}}],"inLanguage":"fr-FR"}]}},"_links":{"self":[{"href":"http:\/\/www.novatris.uha.fr\/index.php\/wp-json\/wp\/v2\/pages\/94","targetHints":{"allow":["GET"]}}],"collection":[{"href":"http:\/\/www.novatris.uha.fr\/index.php\/wp-json\/wp\/v2\/pages"}],"about":[{"href":"http:\/\/www.novatris.uha.fr\/index.php\/wp-json\/wp\/v2\/types\/page"}],"author":[{"embeddable":true,"href":"http:\/\/www.novatris.uha.fr\/index.php\/wp-json\/wp\/v2\/users\/1"}],"replies":[{"embeddable":true,"href":"http:\/\/www.novatris.uha.fr\/index.php\/wp-json\/wp\/v2\/comments?post=94"}],"version-history":[{"count":32,"href":"http:\/\/www.novatris.uha.fr\/index.php\/wp-json\/wp\/v2\/pages\/94\/revisions"}],"predecessor-version":[{"id":6577,"href":"http:\/\/www.novatris.uha.fr\/index.php\/wp-json\/wp\/v2\/pages\/94\/revisions\/6577"}],"up":[{"embeddable":true,"href":"http:\/\/www.novatris.uha.fr\/index.php\/wp-json\/wp\/v2\/pages\/90"}],"wp:attachment":[{"href":"http:\/\/www.novatris.uha.fr\/index.php\/wp-json\/wp\/v2\/media?parent=94"}],"curies":[{"name":"wp","href":"https:\/\/api.w.org\/{rel}","templated":true}]}}