{"id":90,"date":"2019-08-20T09:21:09","date_gmt":"2019-08-20T07:21:09","guid":{"rendered":"http:\/\/www.novatris-dev.uha.fr\/?page_id=90"},"modified":"2020-10-05T16:36:12","modified_gmt":"2020-10-05T14:36:12","slug":"mobilite-des-etudiants","status":"publish","type":"page","link":"http:\/\/www.novatris.uha.fr\/index.php\/mobilites\/mobilite-des-etudiants\/","title":{"rendered":"Mobilit\u00e9 des \u00e9tudiants"},"content":{"rendered":"<p><a href=\"http:\/\/www.novatris.uha.fr\/wp-content\/uploads\/2019\/11\/Carte_Oberrhein_FR.png\"><img loading=\"lazy\" decoding=\"async\" class=\"alignright wp-image-1944\" src=\"http:\/\/www.novatris.uha.fr\/wp-content\/uploads\/2019\/11\/Carte_Oberrhein_FR-178x300.png\" alt=\"Image Carte Eucor -Le Campus europ\u00e9en\" width=\"175\" height=\"295\" srcset=\"http:\/\/www.novatris.uha.fr\/wp-content\/uploads\/2019\/11\/Carte_Oberrhein_FR-178x300.png 178w, http:\/\/www.novatris.uha.fr\/wp-content\/uploads\/2019\/11\/Carte_Oberrhein_FR.png 508w\" sizes=\"auto, (max-width: 175px) 100vw, 175px\" \/><\/a>NovaTris met en place diff\u00e9rentes formes de soutien destin\u00e9es aux \u00e9tudiants afin de favoriser la mobilit\u00e9 entre les \u00e9tablissements d\u2019enseignement du Rhin sup\u00e9rieur membres d\u2019<a href=\"http:\/\/www.novatris.uha.fr\/index.php\/contexte-europeen\/eucor-le-campus-europeen\/\">Eucor \u2013 Le Campus europ\u00e9en<\/a> :<\/p>\n<div class=\"su-list\" style=\"margin-left:0px\">\n<ul>\n<li><i class=\"sui sui-caret-right\" style=\"color:#333\"><\/i> <a href=\"https:\/\/www.kit.edu\/index.php\" target=\"_blank\" rel=\"noopener noreferrer\">Institut technologique de Karlsruhe<\/a>,<\/li>\n<li><i class=\"sui sui-caret-right\" style=\"color:#333\"><\/i> <a href=\"https:\/\/www.unibas.ch\/de.html\" target=\"_blank\" rel=\"noopener noreferrer\">Universit\u00e9 de B\u00e2le<\/a>,<\/li>\n<li><i class=\"sui sui-caret-right\" style=\"color:#333\"><\/i> <a href=\"https:\/\/www.uni-freiburg.de\/\" target=\"_blank\" rel=\"noopener noreferrer\">Universit\u00e9 de Fribourg-en-Brisgau<\/a>,<\/li>\n<li><i class=\"sui sui-caret-right\" style=\"color:#333\"><\/i> <a href=\"http:\/\/www.uha.fr\/\" target=\"_blank\" rel=\"noopener noreferrer\">Universit\u00e9 de Haute-Alsace<\/a>,<\/li>\n<li><i class=\"sui sui-caret-right\" style=\"color:#333\"><\/i> <a href=\"http:\/\/www.unistra.fr\/index.php?id=accueil\" target=\"_blank\" rel=\"noopener noreferrer\">Universit\u00e9 de Strasbourg<\/a>.<\/li>\n<\/ul>\n<\/div>\n<p>Les activit\u00e9s d\u2019accompagnement \u00e0 la mobilit\u00e9 que m\u00e8ne NovaTris ont pour but d&rsquo;encourager les \u00e9tudiants \u00e0 exp\u00e9rimenter et d\u00e9velopper les comp\u00e9tences n\u00e9cessaires pour agir avec aisance au quotidien en contexte transfrontalier et interculturel.<\/p>\n<div class=\"su-box su-box-style-default\" id=\"\" style=\"border-color:#000000;border-radius:0px;max-width:none\"><div class=\"su-box-title\" style=\"background-color:#000000;color:#FFFFFF;border-top-left-radius:0px;border-top-right-radius:0px\">\u00c0 d\u00e9couvrir<\/div><div class=\"su-box-content su-u-clearfix su-u-trim\" style=\"border-bottom-left-radius:0px;border-bottom-right-radius:0px\">\n<p><a href=\"http:\/\/www.novatris.uha.fr\/index.php\/mobilites\/mobilite-des-etudiants\/ue-libre-transfrontaliere\/\">UE libre transfrontali\u00e8re<\/a><\/p>\n<p><a href=\"http:\/\/www.novatris.uha.fr\/index.php\/mobilites\/mobilite-des-etudiants\/mobilite-eucor\/\">Mobilit\u00e9 Eucor<\/a><\/p>\n<p><a href=\"http:\/\/www.novatris.uha.fr\/index.php\/mobilites\/mobilite-des-etudiants\/bourse-de-mobilite\/\">Bourse de mobilit\u00e9<\/a><\/p>\n<\/div><\/div>\n","protected":false},"excerpt":{"rendered":"<p>NovaTris met en place diff\u00e9rentes formes de soutien destin\u00e9es aux \u00e9tudiants afin de favoriser la mobilit\u00e9 entre les \u00e9tablissements d\u2019enseignement du Rhin sup\u00e9rieur membres d\u2019Eucor \u2013 Le Campus europ\u00e9en : Les activit\u00e9s d\u2019accompagnement \u00e0 la mobilit\u00e9 que m\u00e8ne NovaTris ont pour but d&rsquo;encourager les \u00e9tudiants \u00e0 exp\u00e9rimenter et d\u00e9velopper les comp\u00e9tences n\u00e9cessaires pour agir avec [&hellip;]<\/p>\n","protected":false},"author":1,"featured_media":0,"parent":33,"menu_order":0,"comment_status":"closed","ping_status":"closed","template":"","meta":{"footnotes":""},"class_list":["post-90","page","type-page","status-publish","hentry"],"yoast_head":"<!-- This site is optimized with the Yoast SEO plugin v24.8.1 - https:\/\/yoast.com\/wordpress\/plugins\/seo\/ -->\n<title>Mobilit\u00e9 des \u00e9tudiants - NovaTris, centre de comp\u00e9tences transfrontali\u00e8res | Universit\u00e9 de Haute-Alsace<\/title>\n<meta name=\"robots\" content=\"index, follow, max-snippet:-1, max-image-preview:large, max-video-preview:-1\" \/>\n<link rel=\"canonical\" href=\"http:\/\/www.novatris.uha.fr\/index.php\/mobilites\/mobilite-des-etudiants\/\" \/>\n<meta property=\"og:locale\" content=\"fr_FR\" \/>\n<meta property=\"og:type\" content=\"article\" \/>\n<meta property=\"og:title\" content=\"Mobilit\u00e9 des \u00e9tudiants - NovaTris, centre de comp\u00e9tences transfrontali\u00e8res | Universit\u00e9 de Haute-Alsace\" \/>\n<meta property=\"og:description\" content=\"NovaTris met en place diff\u00e9rentes formes de soutien destin\u00e9es aux \u00e9tudiants afin de favoriser la mobilit\u00e9 entre les \u00e9tablissements d\u2019enseignement du Rhin sup\u00e9rieur membres d\u2019Eucor \u2013 Le Campus europ\u00e9en : Les activit\u00e9s d\u2019accompagnement \u00e0 la mobilit\u00e9 que m\u00e8ne NovaTris ont pour but d&rsquo;encourager les \u00e9tudiants \u00e0 exp\u00e9rimenter et d\u00e9velopper les comp\u00e9tences n\u00e9cessaires pour agir avec [&hellip;]\" \/>\n<meta property=\"og:url\" content=\"http:\/\/www.novatris.uha.fr\/index.php\/mobilites\/mobilite-des-etudiants\/\" \/>\n<meta property=\"og:site_name\" content=\"NovaTris, centre de comp\u00e9tences transfrontali\u00e8res | Universit\u00e9 de Haute-Alsace\" \/>\n<meta property=\"article:modified_time\" content=\"2020-10-05T14:36:12+00:00\" \/>\n<meta property=\"og:image\" content=\"http:\/\/www.novatris.uha.fr\/wp-content\/uploads\/2019\/11\/Carte_Oberrhein_FR-178x300.png\" \/>\n<meta name=\"twitter:card\" content=\"summary_large_image\" \/>\n<meta name=\"twitter:label1\" content=\"Dur\u00e9e de lecture estim\u00e9e\" \/>\n\t<meta name=\"twitter:data1\" content=\"1 minute\" \/>\n<script type=\"application\/ld+json\" class=\"yoast-schema-graph\">{\"@context\":\"https:\/\/schema.org\",\"@graph\":[{\"@type\":\"WebPage\",\"@id\":\"http:\/\/www.novatris.uha.fr\/index.php\/mobilites\/mobilite-des-etudiants\/\",\"url\":\"http:\/\/www.novatris.uha.fr\/index.php\/mobilites\/mobilite-des-etudiants\/\",\"name\":\"Mobilit\u00e9 des \u00e9tudiants - NovaTris, centre de comp\u00e9tences transfrontali\u00e8res | Universit\u00e9 de Haute-Alsace\",\"isPartOf\":{\"@id\":\"https:\/\/www.novatris.uha.fr\/#website\"},\"primaryImageOfPage\":{\"@id\":\"http:\/\/www.novatris.uha.fr\/index.php\/mobilites\/mobilite-des-etudiants\/#primaryimage\"},\"image\":{\"@id\":\"http:\/\/www.novatris.uha.fr\/index.php\/mobilites\/mobilite-des-etudiants\/#primaryimage\"},\"thumbnailUrl\":\"http:\/\/www.novatris.uha.fr\/wp-content\/uploads\/2019\/11\/Carte_Oberrhein_FR-178x300.png\",\"datePublished\":\"2019-08-20T07:21:09+00:00\",\"dateModified\":\"2020-10-05T14:36:12+00:00\",\"breadcrumb\":{\"@id\":\"http:\/\/www.novatris.uha.fr\/index.php\/mobilites\/mobilite-des-etudiants\/#breadcrumb\"},\"inLanguage\":\"fr-FR\",\"potentialAction\":[{\"@type\":\"ReadAction\",\"target\":[\"http:\/\/www.novatris.uha.fr\/index.php\/mobilites\/mobilite-des-etudiants\/\"]}]},{\"@type\":\"ImageObject\",\"inLanguage\":\"fr-FR\",\"@id\":\"http:\/\/www.novatris.uha.fr\/index.php\/mobilites\/mobilite-des-etudiants\/#primaryimage\",\"url\":\"http:\/\/www.novatris.uha.fr\/wp-content\/uploads\/2019\/11\/Carte_Oberrhein_FR-178x300.png\",\"contentUrl\":\"http:\/\/www.novatris.uha.fr\/wp-content\/uploads\/2019\/11\/Carte_Oberrhein_FR-178x300.png\"},{\"@type\":\"BreadcrumbList\",\"@id\":\"http:\/\/www.novatris.uha.fr\/index.php\/mobilites\/mobilite-des-etudiants\/#breadcrumb\",\"itemListElement\":[{\"@type\":\"ListItem\",\"position\":1,\"name\":\"Accueil\",\"item\":\"https:\/\/www.novatris.uha.fr\/\"},{\"@type\":\"ListItem\",\"position\":2,\"name\":\"Mobilit\u00e9s\",\"item\":\"https:\/\/www.novatris.uha.fr\/index.php\/mobilites\/\"},{\"@type\":\"ListItem\",\"position\":3,\"name\":\"Mobilit\u00e9 des \u00e9tudiants\"}]},{\"@type\":\"WebSite\",\"@id\":\"https:\/\/www.novatris.uha.fr\/#website\",\"url\":\"https:\/\/www.novatris.uha.fr\/\",\"name\":\"NovaTris, centre de comp\u00e9tences transfrontali\u00e8res | Universit\u00e9 de Haute-Alsace\",\"description\":\"Campus Illberg | Universit\u00e9 de Haute-Alsace\",\"potentialAction\":[{\"@type\":\"SearchAction\",\"target\":{\"@type\":\"EntryPoint\",\"urlTemplate\":\"https:\/\/www.novatris.uha.fr\/?s={search_term_string}\"},\"query-input\":{\"@type\":\"PropertyValueSpecification\",\"valueRequired\":true,\"valueName\":\"search_term_string\"}}],\"inLanguage\":\"fr-FR\"}]}<\/script>\n<!-- \/ Yoast SEO plugin. -->","yoast_head_json":{"title":"Mobilit\u00e9 des \u00e9tudiants - NovaTris, centre de comp\u00e9tences transfrontali\u00e8res | Universit\u00e9 de Haute-Alsace","robots":{"index":"index","follow":"follow","max-snippet":"max-snippet:-1","max-image-preview":"max-image-preview:large","max-video-preview":"max-video-preview:-1"},"canonical":"http:\/\/www.novatris.uha.fr\/index.php\/mobilites\/mobilite-des-etudiants\/","og_locale":"fr_FR","og_type":"article","og_title":"Mobilit\u00e9 des \u00e9tudiants - NovaTris, centre de comp\u00e9tences transfrontali\u00e8res | Universit\u00e9 de Haute-Alsace","og_description":"NovaTris met en place diff\u00e9rentes formes de soutien destin\u00e9es aux \u00e9tudiants afin de favoriser la mobilit\u00e9 entre les \u00e9tablissements d\u2019enseignement du Rhin sup\u00e9rieur membres d\u2019Eucor \u2013 Le Campus europ\u00e9en : Les activit\u00e9s d\u2019accompagnement \u00e0 la mobilit\u00e9 que m\u00e8ne NovaTris ont pour but d&rsquo;encourager les \u00e9tudiants \u00e0 exp\u00e9rimenter et d\u00e9velopper les comp\u00e9tences n\u00e9cessaires pour agir avec [&hellip;]","og_url":"http:\/\/www.novatris.uha.fr\/index.php\/mobilites\/mobilite-des-etudiants\/","og_site_name":"NovaTris, centre de comp\u00e9tences transfrontali\u00e8res | Universit\u00e9 de Haute-Alsace","article_modified_time":"2020-10-05T14:36:12+00:00","og_image":[{"url":"http:\/\/www.novatris.uha.fr\/wp-content\/uploads\/2019\/11\/Carte_Oberrhein_FR-178x300.png","type":"","width":"","height":""}],"twitter_card":"summary_large_image","twitter_misc":{"Dur\u00e9e de lecture estim\u00e9e":"1 minute"},"schema":{"@context":"https:\/\/schema.org","@graph":[{"@type":"WebPage","@id":"http:\/\/www.novatris.uha.fr\/index.php\/mobilites\/mobilite-des-etudiants\/","url":"http:\/\/www.novatris.uha.fr\/index.php\/mobilites\/mobilite-des-etudiants\/","name":"Mobilit\u00e9 des \u00e9tudiants - NovaTris, centre de comp\u00e9tences transfrontali\u00e8res | Universit\u00e9 de Haute-Alsace","isPartOf":{"@id":"https:\/\/www.novatris.uha.fr\/#website"},"primaryImageOfPage":{"@id":"http:\/\/www.novatris.uha.fr\/index.php\/mobilites\/mobilite-des-etudiants\/#primaryimage"},"image":{"@id":"http:\/\/www.novatris.uha.fr\/index.php\/mobilites\/mobilite-des-etudiants\/#primaryimage"},"thumbnailUrl":"http:\/\/www.novatris.uha.fr\/wp-content\/uploads\/2019\/11\/Carte_Oberrhein_FR-178x300.png","datePublished":"2019-08-20T07:21:09+00:00","dateModified":"2020-10-05T14:36:12+00:00","breadcrumb":{"@id":"http:\/\/www.novatris.uha.fr\/index.php\/mobilites\/mobilite-des-etudiants\/#breadcrumb"},"inLanguage":"fr-FR","potentialAction":[{"@type":"ReadAction","target":["http:\/\/www.novatris.uha.fr\/index.php\/mobilites\/mobilite-des-etudiants\/"]}]},{"@type":"ImageObject","inLanguage":"fr-FR","@id":"http:\/\/www.novatris.uha.fr\/index.php\/mobilites\/mobilite-des-etudiants\/#primaryimage","url":"http:\/\/www.novatris.uha.fr\/wp-content\/uploads\/2019\/11\/Carte_Oberrhein_FR-178x300.png","contentUrl":"http:\/\/www.novatris.uha.fr\/wp-content\/uploads\/2019\/11\/Carte_Oberrhein_FR-178x300.png"},{"@type":"BreadcrumbList","@id":"http:\/\/www.novatris.uha.fr\/index.php\/mobilites\/mobilite-des-etudiants\/#breadcrumb","itemListElement":[{"@type":"ListItem","position":1,"name":"Accueil","item":"https:\/\/www.novatris.uha.fr\/"},{"@type":"ListItem","position":2,"name":"Mobilit\u00e9s","item":"https:\/\/www.novatris.uha.fr\/index.php\/mobilites\/"},{"@type":"ListItem","position":3,"name":"Mobilit\u00e9 des \u00e9tudiants"}]},{"@type":"WebSite","@id":"https:\/\/www.novatris.uha.fr\/#website","url":"https:\/\/www.novatris.uha.fr\/","name":"NovaTris, centre de comp\u00e9tences transfrontali\u00e8res | Universit\u00e9 de Haute-Alsace","description":"Campus Illberg | Universit\u00e9 de Haute-Alsace","potentialAction":[{"@type":"SearchAction","target":{"@type":"EntryPoint","urlTemplate":"https:\/\/www.novatris.uha.fr\/?s={search_term_string}"},"query-input":{"@type":"PropertyValueSpecification","valueRequired":true,"valueName":"search_term_string"}}],"inLanguage":"fr-FR"}]}},"_links":{"self":[{"href":"http:\/\/www.novatris.uha.fr\/index.php\/wp-json\/wp\/v2\/pages\/90","targetHints":{"allow":["GET"]}}],"collection":[{"href":"http:\/\/www.novatris.uha.fr\/index.php\/wp-json\/wp\/v2\/pages"}],"about":[{"href":"http:\/\/www.novatris.uha.fr\/index.php\/wp-json\/wp\/v2\/types\/page"}],"author":[{"embeddable":true,"href":"http:\/\/www.novatris.uha.fr\/index.php\/wp-json\/wp\/v2\/users\/1"}],"replies":[{"embeddable":true,"href":"http:\/\/www.novatris.uha.fr\/index.php\/wp-json\/wp\/v2\/comments?post=90"}],"version-history":[{"count":21,"href":"http:\/\/www.novatris.uha.fr\/index.php\/wp-json\/wp\/v2\/pages\/90\/revisions"}],"predecessor-version":[{"id":4067,"href":"http:\/\/www.novatris.uha.fr\/index.php\/wp-json\/wp\/v2\/pages\/90\/revisions\/4067"}],"up":[{"embeddable":true,"href":"http:\/\/www.novatris.uha.fr\/index.php\/wp-json\/wp\/v2\/pages\/33"}],"wp:attachment":[{"href":"http:\/\/www.novatris.uha.fr\/index.php\/wp-json\/wp\/v2\/media?parent=90"}],"curies":[{"name":"wp","href":"https:\/\/api.w.org\/{rel}","templated":true}]}}