{"id":81,"date":"2019-08-20T09:19:04","date_gmt":"2019-08-20T07:19:04","guid":{"rendered":"http:\/\/www.novatris-dev.uha.fr\/?page_id=81"},"modified":"2021-11-04T14:38:07","modified_gmt":"2021-11-04T13:38:07","slug":"eucor-le-campus-europeen","status":"publish","type":"page","link":"http:\/\/www.novatris.uha.fr\/index.php\/contexte-europeen\/eucor-le-campus-europeen\/","title":{"rendered":"Eucor &#8211; Le Campus europ\u00e9en"},"content":{"rendered":"<p><a href=\"http:\/\/www.novatris.uha.fr\/wp-content\/uploads\/2019\/11\/Carte_Oberrhein_FR.png\"><img loading=\"lazy\" decoding=\"async\" class=\"alignright wp-image-1944\" src=\"http:\/\/www.novatris.uha.fr\/wp-content\/uploads\/2019\/11\/Carte_Oberrhein_FR.png\" alt=\"Image Carte Eucor -Le Campus europ\u00e9en\" width=\"380\" height=\"641\" srcset=\"http:\/\/www.novatris.uha.fr\/wp-content\/uploads\/2019\/11\/Carte_Oberrhein_FR.png 508w, http:\/\/www.novatris.uha.fr\/wp-content\/uploads\/2019\/11\/Carte_Oberrhein_FR-178x300.png 178w\" sizes=\"auto, (max-width: 380px) 100vw, 380px\" \/><\/a>Le Groupement Europ\u00e9en de Coop\u00e9ration Territoriale (GECT) <a href=\"https:\/\/www.eucor-uni.org\/\" target=\"_blank\" rel=\"noopener noreferrer\">Eucor \u2013 Le Campus europ\u00e9en<\/a> accueille pr\u00e8s de 120 000 \u00e9tudiants, 14 000 doctorants et plus de 15 000 enseignants-chercheurs au sein de 5 universit\u00e9s de la r\u00e9gion du Rhin Sup\u00e9rieur :<br \/>\n<div class=\"su-list\" style=\"margin-left:0px\">\n<ul>\n<li><i class=\"sui sui-caret-right\" style=\"color:#333\"><\/i> <a href=\"http:\/\/www.kit.edu\/\" target=\"_blank\" rel=\"noopener noreferrer\">Institut technologique de Karlsruhe<\/a>,<\/li>\n<li><i class=\"sui sui-caret-right\" style=\"color:#333\"><\/i> <a href=\"https:\/\/www.unibas.ch\/de.html\" target=\"_blank\" rel=\"noopener noreferrer\">Universit\u00e9 de B\u00e2le<\/a>,<\/li>\n<li><i class=\"sui sui-caret-right\" style=\"color:#333\"><\/i> <a href=\"https:\/\/www.uni-freiburg.de\/\" target=\"_blank\" rel=\"noopener noreferrer\">Universit\u00e9 de Fribourg-en-Brisgau<\/a>,<\/li>\n<li><i class=\"sui sui-caret-right\" style=\"color:#333\"><\/i> <a href=\"http:\/\/www.uha.fr\/\" target=\"_blank\" rel=\"noopener noreferrer\">Universit\u00e9 de Haute-Alsace<\/a>,<\/li>\n<li><i class=\"sui sui-caret-right\" style=\"color:#333\"><\/i> <a href=\"http:\/\/www.unistra.fr\/index.php?id=accueil&amp;utm_source=unistra_fr&amp;utm_medium=unistra_fr_homepage\" target=\"_blank\" rel=\"noopener noreferrer\">Universit\u00e9 de Strasbourg<\/a>.<\/li>\n<\/ul>\n<\/div>\nUnissant leurs potentiels afin de<strong> favoriser la mobilit\u00e9 et la coop\u00e9ration transfrontali\u00e8re<\/strong>, les 5 universit\u00e9s ont adopt\u00e9 en f\u00e9vrier 2019 un plan strat\u00e9gique commun pour les ann\u00e9es 2019 \u00e0 2023. Elles y concr\u00e9tisent leur vision et le d\u00e9veloppement de leur groupement dans le cadre de projets, objectifs et actions conjoints dans les domaines de la recherche, de l\u2019innovation, de la formation et de la qualification des doctorants :<\/p>\n<div class=\"su-list\" style=\"margin-left:0px\">\n<ul>\n<li><i class=\"sui sui-caret-right\" style=\"color:#333\"><\/i> <strong><a href=\"http:\/\/www.novatris.uha.fr\/index.php\/mobilites\/formations-bi-et-tri-nationales-accompagnees\/\">Cursus conjoints<\/a> <\/strong>d\u00e9bouchant sur des doubles ou triples dipl\u00f4mes<\/li>\n<li><i class=\"sui sui-caret-right\" style=\"color:#333\"><\/i> Offre de <strong>cours dans les 5 \u00e9tablissements<\/strong> : d\u00e9marches administratives simplifi\u00e9es, pas de co\u00fbts suppl\u00e9mentaires<\/li>\n<li><i class=\"sui sui-caret-right\" style=\"color:#333\"><\/i> <a href=\"http:\/\/www.novatris.uha.fr\/index.php\/mobilites\/\"><strong>Mobilit\u00e9 facilit\u00e9e<\/strong><\/a> pour les \u00e9tudiants et les personnels des cinq \u00e9tablissements<\/li>\n<li><i class=\"sui sui-caret-right\" style=\"color:#333\"><\/i> Recherche conjointe dans le cadre de divers <strong>projets transfrontaliers<\/strong>, en particulier dans les domaines prioritaires du groupement<\/li>\n<li><i class=\"sui sui-caret-right\" style=\"color:#333\"><\/i> Un <strong>axe transversal \u00ab\u00a0interculturalit\u00e9\u00a0\u00bb<\/strong> facilitant la coop\u00e9ration inter-universitaire<\/li>\n<\/ul>\n<\/div>\n<p>La coop\u00e9ration entre les universit\u00e9s permet d\u2019acc\u00e9der \u00e0 des comp\u00e9tences hautement sp\u00e9cialis\u00e9es, de les d\u00e9velopper de mani\u00e8re compl\u00e9mentaire et de les rendre accessibles \u00e0 l\u2019int\u00e9rieur du Campus europ\u00e9en.<\/p>\n<p><a href=\"http:\/\/www.novatris.uha.fr\/wp-content\/uploads\/2019\/10\/logo-eucor_FR_sansFond.png\"><img loading=\"lazy\" decoding=\"async\" class=\"aligncenter wp-image-345\" src=\"http:\/\/www.novatris.uha.fr\/wp-content\/uploads\/2019\/10\/logo-eucor_FR_sansFond-300x131.png\" alt=\"Image Logo Eucor\" width=\"300\" height=\"131\" srcset=\"http:\/\/www.novatris.uha.fr\/wp-content\/uploads\/2019\/10\/logo-eucor_FR_sansFond-300x131.png 300w, http:\/\/www.novatris.uha.fr\/wp-content\/uploads\/2019\/10\/logo-eucor_FR_sansFond.png 509w\" sizes=\"auto, (max-width: 300px) 100vw, 300px\" \/><\/a><\/p>\n<h2>NovaTris et Eucor &#8211; Le Campus europ\u00e9en<\/h2>\n<p>En tant que Centre de comp\u00e9tences transfrontali\u00e8res, NovaTris accompagne les \u00e9tudiants et les personnels de l&rsquo;UHA dans le choix et l\u2019organisation de leur mobilit\u00e9 au sein d&rsquo;Eucor &#8211; Le Campus europ\u00e9en.<\/p>\n<div class=\"su-row\"><div class=\"su-column su-column-size-1-2\"><div class=\"su-column-inner su-u-clearfix su-u-trim\"><div class=\"su-service\"><div class=\"su-service-title\" style=\"padding-left:46px;min-height:32px;line-height:32px\"><i class=\"sui sui-users\" style=\"font-size:32px;color:#333\"><\/i> \u00c9tudiants<\/div><div class=\"su-service-content su-u-clearfix su-u-trim\" style=\"padding-left:46px\">\n<p>Eucor \u2013 Le Campus europ\u00e9en permet aux \u00e9tudiants de l\u2019Universit\u00e9 de Haute-Alsace de suivre des cours et de b\u00e9n\u00e9ficier des services (biblioth\u00e8ques, restaurants universitaires, services informatiques) des universit\u00e9s partenaires sans avoir \u00e0 payer de droits d\u2019inscription suppl\u00e9mentaires.<\/p>\n<p>Ils peuvent suivre des <a href=\"http:\/\/www.novatris.uha.fr\/index.php\/mobilites\/formations-bi-et-tri-nationales-accompagnees\/\">formations bi ou trinationales<\/a>, personnaliser leur cursus en l\u2019enrichissant par des <a href=\"https:\/\/www.novatris.uha.fr\/index.php\/mobilites\/mobilite-des-etudiants\/ue-libre-transfrontaliere\/\">cours propos\u00e9s dans les universit\u00e9s partenaires<\/a> ou effectuer une <a href=\"https:\/\/www.novatris.uha.fr\/index.php\/mobilites\/mobilite-des-etudiants\/mobilite-eucor\/\">mobilit\u00e9 de d\u00e9couverte<\/a>. Au besoin, une <a href=\"https:\/\/www.novatris.uha.fr\/index.php\/mobilites\/mobilite-des-etudiants\/bourse-de-mobilite\/\">bourse de mobilit\u00e9<\/a> peut leur \u00eatre accord\u00e9e.<\/p>\n<p>NovaTris propose \u00e9galement aux \u00e9tudiants de les mettre en relation avec des \u00e9tudiants des universit\u00e9s allemandes et suisse d&rsquo;Eucor &#8211; Le Campus europ\u00e9en, afin d&rsquo;am\u00e9liorer leur niveau d&rsquo;allemand gr\u00e2ce \u00e0 la <a href=\"http:\/\/www.novatris.uha.fr\/index.php\/formation\/tandem-a-luha\/\">m\u00e9thode tandem<\/a>.<\/div><\/div><\/div><\/div>\n<div class=\"su-column su-column-size-1-2\"><div class=\"su-column-inner su-u-clearfix su-u-trim\"><div class=\"su-service\"><div class=\"su-service-title\" style=\"padding-left:46px;min-height:32px;line-height:32px\"><i class=\"sui sui-users\" style=\"font-size:32px;color:#333\"><\/i> Personnels<\/div><div class=\"su-service-content su-u-clearfix su-u-trim\" style=\"padding-left:46px\">\n<p>Les universit\u00e9s Eucor \u2013 Le Campus europ\u00e9en encouragent les \u00e9changes et coop\u00e9rations inter-services.<\/p>\n<p>La formation <a href=\"http:\/\/www.novatris.uha.fr\/index.php\/formation\/formations-interculturelles\/\">\u00ab Communiquer dans la langue de l&rsquo;autre \u00bb<\/a> se destine aux personnels des universit\u00e9s partenaires et leur propose des modules interculturels et\/ou linguistique.<\/p>\n<p>Le dispositif de mobilit\u00e9 <a href=\"http:\/\/www.novatris.uha.fr\/index.php\/mobilites\/mobilites-des-personnels\/\">Vis-ma-Vie<\/a> permet aux personnels de l&rsquo;UHA de d\u00e9couvrir pendant quelques jours le fonctionnement d\u2019un service similaire au leur dans une universit\u00e9 Eucor \u2013 Le Campus europ\u00e9en. Cela permet aux personnels d\u2019\u00e9tablir des liens avec des partenaires de proximit\u00e9 et d\u2019accueillir en retour leurs homologues.<\/p>\n<p>Les groupes Eucor ainsi que l&rsquo;organisation de rencontres inter-service offrent la possibilit\u00e9 aux personnels des universit\u00e9s partenaires de se rencontrer et de collaborer.<\/div><\/div><\/div><\/div><\/div>\n<h2>Tour Eucor &#8211; Le Campus europ\u00e9en<\/h2>\n<p>Depuis 1997, le <a href=\"https:\/\/tour-eucor.org\/\" target=\"_blank\" rel=\"noopener noreferrer\">Tour Eucor<\/a> constitue un \u00e9v\u00e9nement phare des activit\u00e9s transfrontali\u00e8res des universit\u00e9s Eucor \u2013 Le Campus europ\u00e9en. Ce circuit trinational reliant les villes du Campus europ\u00e9en repr\u00e9sente pr\u00e8s de 900 kilom\u00e8tres parcourus \u00e0 v\u00e9lo par plus de 100 participants.<\/p>\n<p>Chaque ann\u00e9e, en juin, le Tour Eucor permet aux \u00e9tudiants, personnels et alumnis des 5 universit\u00e9s de d\u00e9couvrir les lieux d&rsquo;\u00e9tude, de travail et de vie de leurs partenaires Eucor dans une ambiance conviviale et de partager un moment d\u2019\u00e9change interculturel. Il s\u2019inscrit pleinement dans l&rsquo;axe prioritaire de coop\u00e9ration transfrontali\u00e8re de l\u2019UHA, notamment articul\u00e9 autour de son Centre de comp\u00e9tences transfrontali\u00e8res NovaTris.<\/p>\n<h2>Seed Money Eucor &#8211; Le Campus europ\u00e9en<\/h2>\n<p>Le dispositif <a href=\"https:\/\/www.eucor-uni.org\/seed-money\/\" target=\"_blank\" rel=\"noopener noreferrer\">Seed Money<\/a> vise \u00e0 apporter un financement d&rsquo;amor\u00e7age aux projets transfrontaliers innovants au sein d\u2019Eucor \u2013 Le Campus europ\u00e9en. Cr\u00e9\u00e9 par les universit\u00e9s pour favoriser l\u2019\u00e9change et la mise en r\u00e9seau des enseignants et des chercheurs des \u00e9tablissements membres, ce financement peut \u00eatre accord\u00e9 aussi bien \u00e0 des projets dans le domaine de la formation que dans celui de la recherche et de l\u2019innovation (qui couvre les projets de formation doctorale).<\/p>\n<h2>T\u00e9moignages<\/h2>\n<div class=\"su-quote su-quote-style-default su-quote-has-cite\"><div class=\"su-quote-inner su-u-clearfix su-u-trim\">Le financement Seed Money permettra de financer des rencontres entre des chercheurs de plusieurs disciplines, des repr\u00e9sentants des sciences sociales et de collaborer avec d\u2019autres chercheurs des universit\u00e9s du Rhin Sup\u00e9rieur. C\u2019est \u00e9galement l\u2019occasion pour nous de rencontrer des acteurs de terrain dans le domaine de l\u2019alimentation, comprendre comment ils fonctionnent et voir comment ils produisent des r\u00e8gles et des dispositifs pour permettre cette organisation de l\u2019alimentation saine et accessible \u00e0 tous. Sans le soutien d&rsquo;Eucor, le projet n\u2019aurait pas pris la dimension internationale et transfrontali\u00e8re. En 2021, il nous permettra en outre d\u2019organiser un colloque ouvert \u00e0 des chercheurs et des praticiens tri-nationaux.<span class=\"su-quote-cite\">S\u00e9bastien Mainhagu, professeur en Sciences de gestion \u00e0 la FSESJ &amp; membre du CREGO - Projet <em>Food democracy and meta-organizations<\/em><\/span><\/div><\/div>\n<div class=\"su-quote su-quote-style-default su-quote-has-cite\"><div class=\"su-quote-inner su-u-clearfix su-u-trim\">Le projet Formation \u00ab\u00a0Eucor &#8211; Languages\u00a0\u00bb\u00a0permet \u00e0 l\u2019UHA de collaborer avec d\u2019autres universit\u00e9s dans divers domaines et notamment les langues. Nous souhaitons mieux comprendre nos coll\u00e8gues et homologues suisses et allemands pour mieux collaborer. Les choses sont plus simples, les \u00e9changes sont facilit\u00e9s et la coop\u00e9ration ne peut que s&rsquo;accro\u00eetre si on conna\u00eet mieux nos coll\u00e8gues et leur fonctionnement. Le <em>Seed Money<\/em> nous a permis de d\u00e9velopper notre projet. C\u2019est toujours b\u00e9n\u00e9fique de coop\u00e9rer entre universit\u00e9s. Ce genre de financement permet d\u2019initier des choses et d&rsquo;\u00e9toffer et de consolider les r\u00e9seaux et relations qui existent d\u00e9j\u00e0.<span class=\"su-quote-cite\">Samuel Ludwig, professeur d'Anglais \u00e0 la FLSH &amp; membre de l\u2019ILLE - Projet <em>Formation Eucor - Langues<\/em><\/span><\/div><\/div>\n<p>&nbsp;<\/p>\n<span class=\"su-lightbox\" data-mfp-src=\"https:\/\/www.youtube-nocookie.com\/embed\/q9qflwOdREc\" data-mfp-type=\"iframe\" data-mobile=\"yes\"><img loading=\"lazy\" decoding=\"async\" class=\"aligncenter wp-image-5130 size-large\" src=\"http:\/\/www.novatris.uha.fr\/wp-content\/uploads\/2021\/03\/eucor-le-campus-europeen-1024x539.jpg\" alt=\"Eucor - Le Campus europ\u00e9en en 2 minutes\" width=\"750\" height=\"395\" srcset=\"http:\/\/www.novatris.uha.fr\/wp-content\/uploads\/2021\/03\/eucor-le-campus-europeen-1024x539.jpg 1024w, http:\/\/www.novatris.uha.fr\/wp-content\/uploads\/2021\/03\/eucor-le-campus-europeen-300x158.jpg 300w, http:\/\/www.novatris.uha.fr\/wp-content\/uploads\/2021\/03\/eucor-le-campus-europeen-768x404.jpg 768w, http:\/\/www.novatris.uha.fr\/wp-content\/uploads\/2021\/03\/eucor-le-campus-europeen.jpg 1278w\" sizes=\"auto, (max-width: 750px) 100vw, 750px\" \/><\/span>\n<p>&nbsp;<\/p>\n<a href=\"https:\/\/www.eucor-uni.org\/\" class=\"su-button su-button-style-default\" style=\"color:#FFFFFF;background-color:#135cad;border-color:#104a8b;border-radius:0px\" target=\"_blank\" rel=\"noopener noreferrer\"><span style=\"color:#FFFFFF;padding:6px 16px;font-size:13px;line-height:20px;border-color:#5a8dc6;border-radius:0px;text-shadow:none\"><i class=\"sui sui-chain\" style=\"font-size:13px;color:#FFFFFF\"><\/i> En savoir plus sur Eucor &#8211; Le Campus europ\u00e9en<\/span><\/a>\n<p>&nbsp;<\/p>\n<p>L\u2019Union europ\u00e9enne soutient la coop\u00e9ration au sein du groupement. De 2016 \u00e0 2019, le projet <a href=\"http:\/\/www.novatris.uha.fr\/index.php\/contexte-europeen\/interreg\/\">\u00ab\u00a0Eucor\u00a0\u2013\u00a0Le Campus europ\u00e9en\u00a0: structures transfrontali\u00e8res\u00a0\u00bb<\/a> a \u00e9t\u00e9 cofinanc\u00e9 par le programme Interreg VA Rhin Sup\u00e9rieur du Fonds europ\u00e9en de d\u00e9veloppement r\u00e9gional (FEDER) \u00e0 hauteur de 2 millions d\u2019euros au total.<\/p>\n<p>Contact Eucor &#8211; Le Campus europ\u00e9en \u00e0 l&rsquo;UHA : <a href=\"mailto:eucor@uha.fr\" target=\"_blank\" rel=\"noopener noreferrer\">eucor@uha.fr<\/a><\/p>\n","protected":false},"excerpt":{"rendered":"<p>Le Groupement Europ\u00e9en de Coop\u00e9ration Territoriale (GECT) Eucor \u2013 Le Campus europ\u00e9en accueille pr\u00e8s de 120 000 \u00e9tudiants, 14 000 doctorants et plus de 15 000 enseignants-chercheurs au sein de 5 universit\u00e9s de la r\u00e9gion du Rhin Sup\u00e9rieur : Unissant leurs potentiels afin de favoriser la mobilit\u00e9 et la coop\u00e9ration transfrontali\u00e8re, les 5 universit\u00e9s ont [&hellip;]<\/p>\n","protected":false},"author":1,"featured_media":246,"parent":31,"menu_order":0,"comment_status":"closed","ping_status":"closed","template":"","meta":{"footnotes":""},"class_list":["post-81","page","type-page","status-publish","has-post-thumbnail","hentry"],"yoast_head":"<!-- This site is optimized with the Yoast SEO plugin v24.8.1 - https:\/\/yoast.com\/wordpress\/plugins\/seo\/ -->\n<title>Eucor - Le Campus europ\u00e9en - NovaTris, centre de comp\u00e9tences transfrontali\u00e8res | Universit\u00e9 de Haute-Alsace<\/title>\n<meta name=\"robots\" content=\"index, follow, max-snippet:-1, max-image-preview:large, max-video-preview:-1\" \/>\n<link rel=\"canonical\" href=\"http:\/\/www.novatris.uha.fr\/index.php\/contexte-europeen\/eucor-le-campus-europeen\/\" \/>\n<meta property=\"og:locale\" content=\"fr_FR\" \/>\n<meta property=\"og:type\" content=\"article\" \/>\n<meta property=\"og:title\" content=\"Eucor - Le Campus europ\u00e9en - NovaTris, centre de comp\u00e9tences transfrontali\u00e8res | Universit\u00e9 de Haute-Alsace\" \/>\n<meta property=\"og:description\" content=\"Le Groupement Europ\u00e9en de Coop\u00e9ration Territoriale (GECT) Eucor \u2013 Le Campus europ\u00e9en accueille pr\u00e8s de 120 000 \u00e9tudiants, 14 000 doctorants et plus de 15 000 enseignants-chercheurs au sein de 5 universit\u00e9s de la r\u00e9gion du Rhin Sup\u00e9rieur : Unissant leurs potentiels afin de favoriser la mobilit\u00e9 et la coop\u00e9ration transfrontali\u00e8re, les 5 universit\u00e9s ont [&hellip;]\" \/>\n<meta property=\"og:url\" content=\"http:\/\/www.novatris.uha.fr\/index.php\/contexte-europeen\/eucor-le-campus-europeen\/\" \/>\n<meta property=\"og:site_name\" content=\"NovaTris, centre de comp\u00e9tences transfrontali\u00e8res | Universit\u00e9 de Haute-Alsace\" \/>\n<meta property=\"article:modified_time\" content=\"2021-11-04T13:38:07+00:00\" \/>\n<meta property=\"og:image\" content=\"http:\/\/www.novatris.uha.fr\/wp-content\/uploads\/2019\/08\/Actu_Eucor.jpg\" \/>\n\t<meta property=\"og:image:width\" content=\"350\" \/>\n\t<meta property=\"og:image:height\" content=\"245\" \/>\n\t<meta property=\"og:image:type\" content=\"image\/jpeg\" \/>\n<meta name=\"twitter:card\" content=\"summary_large_image\" \/>\n<meta name=\"twitter:label1\" content=\"Dur\u00e9e de lecture estim\u00e9e\" \/>\n\t<meta name=\"twitter:data1\" content=\"5 minutes\" \/>\n<script type=\"application\/ld+json\" class=\"yoast-schema-graph\">{\"@context\":\"https:\/\/schema.org\",\"@graph\":[{\"@type\":\"WebPage\",\"@id\":\"http:\/\/www.novatris.uha.fr\/index.php\/contexte-europeen\/eucor-le-campus-europeen\/\",\"url\":\"http:\/\/www.novatris.uha.fr\/index.php\/contexte-europeen\/eucor-le-campus-europeen\/\",\"name\":\"Eucor - Le Campus europ\u00e9en - NovaTris, centre de comp\u00e9tences transfrontali\u00e8res | Universit\u00e9 de Haute-Alsace\",\"isPartOf\":{\"@id\":\"https:\/\/www.novatris.uha.fr\/#website\"},\"primaryImageOfPage\":{\"@id\":\"http:\/\/www.novatris.uha.fr\/index.php\/contexte-europeen\/eucor-le-campus-europeen\/#primaryimage\"},\"image\":{\"@id\":\"http:\/\/www.novatris.uha.fr\/index.php\/contexte-europeen\/eucor-le-campus-europeen\/#primaryimage\"},\"thumbnailUrl\":\"http:\/\/www.novatris.uha.fr\/wp-content\/uploads\/2019\/08\/Actu_Eucor.jpg\",\"datePublished\":\"2019-08-20T07:19:04+00:00\",\"dateModified\":\"2021-11-04T13:38:07+00:00\",\"breadcrumb\":{\"@id\":\"http:\/\/www.novatris.uha.fr\/index.php\/contexte-europeen\/eucor-le-campus-europeen\/#breadcrumb\"},\"inLanguage\":\"fr-FR\",\"potentialAction\":[{\"@type\":\"ReadAction\",\"target\":[\"http:\/\/www.novatris.uha.fr\/index.php\/contexte-europeen\/eucor-le-campus-europeen\/\"]}]},{\"@type\":\"ImageObject\",\"inLanguage\":\"fr-FR\",\"@id\":\"http:\/\/www.novatris.uha.fr\/index.php\/contexte-europeen\/eucor-le-campus-europeen\/#primaryimage\",\"url\":\"http:\/\/www.novatris.uha.fr\/wp-content\/uploads\/2019\/08\/Actu_Eucor.jpg\",\"contentUrl\":\"http:\/\/www.novatris.uha.fr\/wp-content\/uploads\/2019\/08\/Actu_Eucor.jpg\",\"width\":350,\"height\":245,\"caption\":\"Eucor - Le Campus europ\u00e9en\"},{\"@type\":\"BreadcrumbList\",\"@id\":\"http:\/\/www.novatris.uha.fr\/index.php\/contexte-europeen\/eucor-le-campus-europeen\/#breadcrumb\",\"itemListElement\":[{\"@type\":\"ListItem\",\"position\":1,\"name\":\"Accueil\",\"item\":\"https:\/\/www.novatris.uha.fr\/\"},{\"@type\":\"ListItem\",\"position\":2,\"name\":\"Contexte europ\u00e9en\",\"item\":\"http:\/\/www.novatris.uha.fr\/index.php\/contexte-europeen\/\"},{\"@type\":\"ListItem\",\"position\":3,\"name\":\"Eucor &#8211; Le Campus europ\u00e9en\"}]},{\"@type\":\"WebSite\",\"@id\":\"https:\/\/www.novatris.uha.fr\/#website\",\"url\":\"https:\/\/www.novatris.uha.fr\/\",\"name\":\"NovaTris, centre de comp\u00e9tences transfrontali\u00e8res | Universit\u00e9 de Haute-Alsace\",\"description\":\"Campus Illberg | Universit\u00e9 de Haute-Alsace\",\"potentialAction\":[{\"@type\":\"SearchAction\",\"target\":{\"@type\":\"EntryPoint\",\"urlTemplate\":\"https:\/\/www.novatris.uha.fr\/?s={search_term_string}\"},\"query-input\":{\"@type\":\"PropertyValueSpecification\",\"valueRequired\":true,\"valueName\":\"search_term_string\"}}],\"inLanguage\":\"fr-FR\"}]}<\/script>\n<!-- \/ Yoast SEO plugin. -->","yoast_head_json":{"title":"Eucor - Le Campus europ\u00e9en - NovaTris, centre de comp\u00e9tences transfrontali\u00e8res | Universit\u00e9 de Haute-Alsace","robots":{"index":"index","follow":"follow","max-snippet":"max-snippet:-1","max-image-preview":"max-image-preview:large","max-video-preview":"max-video-preview:-1"},"canonical":"http:\/\/www.novatris.uha.fr\/index.php\/contexte-europeen\/eucor-le-campus-europeen\/","og_locale":"fr_FR","og_type":"article","og_title":"Eucor - Le Campus europ\u00e9en - NovaTris, centre de comp\u00e9tences transfrontali\u00e8res | Universit\u00e9 de Haute-Alsace","og_description":"Le Groupement Europ\u00e9en de Coop\u00e9ration Territoriale (GECT) Eucor \u2013 Le Campus europ\u00e9en accueille pr\u00e8s de 120 000 \u00e9tudiants, 14 000 doctorants et plus de 15 000 enseignants-chercheurs au sein de 5 universit\u00e9s de la r\u00e9gion du Rhin Sup\u00e9rieur : Unissant leurs potentiels afin de favoriser la mobilit\u00e9 et la coop\u00e9ration transfrontali\u00e8re, les 5 universit\u00e9s ont [&hellip;]","og_url":"http:\/\/www.novatris.uha.fr\/index.php\/contexte-europeen\/eucor-le-campus-europeen\/","og_site_name":"NovaTris, centre de comp\u00e9tences transfrontali\u00e8res | Universit\u00e9 de Haute-Alsace","article_modified_time":"2021-11-04T13:38:07+00:00","og_image":[{"width":350,"height":245,"url":"http:\/\/www.novatris.uha.fr\/wp-content\/uploads\/2019\/08\/Actu_Eucor.jpg","type":"image\/jpeg"}],"twitter_card":"summary_large_image","twitter_misc":{"Dur\u00e9e de lecture estim\u00e9e":"5 minutes"},"schema":{"@context":"https:\/\/schema.org","@graph":[{"@type":"WebPage","@id":"http:\/\/www.novatris.uha.fr\/index.php\/contexte-europeen\/eucor-le-campus-europeen\/","url":"http:\/\/www.novatris.uha.fr\/index.php\/contexte-europeen\/eucor-le-campus-europeen\/","name":"Eucor - Le Campus europ\u00e9en - NovaTris, centre de comp\u00e9tences transfrontali\u00e8res | Universit\u00e9 de Haute-Alsace","isPartOf":{"@id":"https:\/\/www.novatris.uha.fr\/#website"},"primaryImageOfPage":{"@id":"http:\/\/www.novatris.uha.fr\/index.php\/contexte-europeen\/eucor-le-campus-europeen\/#primaryimage"},"image":{"@id":"http:\/\/www.novatris.uha.fr\/index.php\/contexte-europeen\/eucor-le-campus-europeen\/#primaryimage"},"thumbnailUrl":"http:\/\/www.novatris.uha.fr\/wp-content\/uploads\/2019\/08\/Actu_Eucor.jpg","datePublished":"2019-08-20T07:19:04+00:00","dateModified":"2021-11-04T13:38:07+00:00","breadcrumb":{"@id":"http:\/\/www.novatris.uha.fr\/index.php\/contexte-europeen\/eucor-le-campus-europeen\/#breadcrumb"},"inLanguage":"fr-FR","potentialAction":[{"@type":"ReadAction","target":["http:\/\/www.novatris.uha.fr\/index.php\/contexte-europeen\/eucor-le-campus-europeen\/"]}]},{"@type":"ImageObject","inLanguage":"fr-FR","@id":"http:\/\/www.novatris.uha.fr\/index.php\/contexte-europeen\/eucor-le-campus-europeen\/#primaryimage","url":"http:\/\/www.novatris.uha.fr\/wp-content\/uploads\/2019\/08\/Actu_Eucor.jpg","contentUrl":"http:\/\/www.novatris.uha.fr\/wp-content\/uploads\/2019\/08\/Actu_Eucor.jpg","width":350,"height":245,"caption":"Eucor - Le Campus europ\u00e9en"},{"@type":"BreadcrumbList","@id":"http:\/\/www.novatris.uha.fr\/index.php\/contexte-europeen\/eucor-le-campus-europeen\/#breadcrumb","itemListElement":[{"@type":"ListItem","position":1,"name":"Accueil","item":"https:\/\/www.novatris.uha.fr\/"},{"@type":"ListItem","position":2,"name":"Contexte europ\u00e9en","item":"http:\/\/www.novatris.uha.fr\/index.php\/contexte-europeen\/"},{"@type":"ListItem","position":3,"name":"Eucor &#8211; Le Campus europ\u00e9en"}]},{"@type":"WebSite","@id":"https:\/\/www.novatris.uha.fr\/#website","url":"https:\/\/www.novatris.uha.fr\/","name":"NovaTris, centre de comp\u00e9tences transfrontali\u00e8res | Universit\u00e9 de Haute-Alsace","description":"Campus Illberg | Universit\u00e9 de Haute-Alsace","potentialAction":[{"@type":"SearchAction","target":{"@type":"EntryPoint","urlTemplate":"https:\/\/www.novatris.uha.fr\/?s={search_term_string}"},"query-input":{"@type":"PropertyValueSpecification","valueRequired":true,"valueName":"search_term_string"}}],"inLanguage":"fr-FR"}]}},"_links":{"self":[{"href":"http:\/\/www.novatris.uha.fr\/index.php\/wp-json\/wp\/v2\/pages\/81","targetHints":{"allow":["GET"]}}],"collection":[{"href":"http:\/\/www.novatris.uha.fr\/index.php\/wp-json\/wp\/v2\/pages"}],"about":[{"href":"http:\/\/www.novatris.uha.fr\/index.php\/wp-json\/wp\/v2\/types\/page"}],"author":[{"embeddable":true,"href":"http:\/\/www.novatris.uha.fr\/index.php\/wp-json\/wp\/v2\/users\/1"}],"replies":[{"embeddable":true,"href":"http:\/\/www.novatris.uha.fr\/index.php\/wp-json\/wp\/v2\/comments?post=81"}],"version-history":[{"count":154,"href":"http:\/\/www.novatris.uha.fr\/index.php\/wp-json\/wp\/v2\/pages\/81\/revisions"}],"predecessor-version":[{"id":6616,"href":"http:\/\/www.novatris.uha.fr\/index.php\/wp-json\/wp\/v2\/pages\/81\/revisions\/6616"}],"up":[{"embeddable":true,"href":"http:\/\/www.novatris.uha.fr\/index.php\/wp-json\/wp\/v2\/pages\/31"}],"wp:featuredmedia":[{"embeddable":true,"href":"http:\/\/www.novatris.uha.fr\/index.php\/wp-json\/wp\/v2\/media\/246"}],"wp:attachment":[{"href":"http:\/\/www.novatris.uha.fr\/index.php\/wp-json\/wp\/v2\/media?parent=81"}],"curies":[{"name":"wp","href":"https:\/\/api.w.org\/{rel}","templated":true}]}}