{"id":72,"date":"2019-08-20T09:15:35","date_gmt":"2019-08-20T07:15:35","guid":{"rendered":"http:\/\/www.novatris-dev.uha.fr\/?page_id=72"},"modified":"2022-11-04T10:07:39","modified_gmt":"2022-11-04T09:07:39","slug":"equipe","status":"publish","type":"page","link":"http:\/\/www.novatris.uha.fr\/index.php\/novatris\/equipe\/","title":{"rendered":"\u00c9quipe"},"content":{"rendered":"<p>Le Centre de comp\u00e9tences NovaTris ferme d\u00e9finitivement ses portes le 31 d\u00e9cembre 2022.<\/p>\n<div class=\"su-row\"><div class=\"su-column su-column-size-1-3\"><div class=\"su-column-inner su-u-clearfix su-u-trim\">\n<p style=\"text-align: center;\"><strong><a href=\"http:\/\/www.novatris.uha.fr\/wp-content\/uploads\/2021\/09\/Serge_IMG_0225-1-scaled.jpg\"><img loading=\"lazy\" decoding=\"async\" class=\"wp-image-6208 size-thumbnail aligncenter\" src=\"http:\/\/www.novatris.uha.fr\/wp-content\/uploads\/2021\/09\/Serge_IMG_0225-150x150.jpg\" alt=\"Photo Serge Neunlist\" width=\"150\" height=\"150\" srcset=\"http:\/\/www.novatris.uha.fr\/wp-content\/uploads\/2021\/09\/Serge_IMG_0225-150x150.jpg 150w, http:\/\/www.novatris.uha.fr\/wp-content\/uploads\/2021\/09\/Serge_IMG_0225-300x300.jpg 300w, http:\/\/www.novatris.uha.fr\/wp-content\/uploads\/2021\/09\/Serge_IMG_0225-1024x1024.jpg 1024w, http:\/\/www.novatris.uha.fr\/wp-content\/uploads\/2021\/09\/Serge_IMG_0225-768x767.jpg 768w, http:\/\/www.novatris.uha.fr\/wp-content\/uploads\/2021\/09\/Serge_IMG_0225-96x96.jpg 96w, http:\/\/www.novatris.uha.fr\/wp-content\/uploads\/2021\/09\/Serge_IMG_0225-84x84.jpg 84w, http:\/\/www.novatris.uha.fr\/wp-content\/uploads\/2021\/09\/Serge_IMG_0225.jpg 1045w\" sizes=\"auto, (max-width: 150px) 100vw, 150px\" \/><\/a><\/strong><\/p>\n<p style=\"text-align: center;\"><strong>Serge Neunlist<\/strong><br \/>\n<em>Fondateur de NovaTris<\/em><\/p>\n<\/div><\/div>\n<div class=\"su-column su-column-size-1-3\"><div class=\"su-column-inner su-u-clearfix su-u-trim\">\n<p><img loading=\"lazy\" decoding=\"async\" class=\"size-thumbnail wp-image-8062 aligncenter\" src=\"http:\/\/www.novatris.uha.fr\/wp-content\/uploads\/2022\/11\/FlorenceDucheneLacroix-150x150.jpg\" alt=\"Photo Florence Duch\u00eane-Lacroix\" width=\"150\" height=\"150\" srcset=\"http:\/\/www.novatris.uha.fr\/wp-content\/uploads\/2022\/11\/FlorenceDucheneLacroix-150x150.jpg 150w, http:\/\/www.novatris.uha.fr\/wp-content\/uploads\/2022\/11\/FlorenceDucheneLacroix-300x300.jpg 300w, http:\/\/www.novatris.uha.fr\/wp-content\/uploads\/2022\/11\/FlorenceDucheneLacroix-96x96.jpg 96w, http:\/\/www.novatris.uha.fr\/wp-content\/uploads\/2022\/11\/FlorenceDucheneLacroix-84x84.jpg 84w, http:\/\/www.novatris.uha.fr\/wp-content\/uploads\/2022\/11\/FlorenceDucheneLacroix.jpg 326w\" sizes=\"auto, (max-width: 150px) 100vw, 150px\" \/><\/p>\n<p style=\"text-align: center;\"><strong>Florence Duch\u00eane-Lacroix<\/strong><em><strong><br \/>\n<\/strong>Directrice (2012-2017)<\/em><\/p>\n<\/div><\/div>\n<div class=\"su-column su-column-size-1-3\"><div class=\"su-column-inner su-u-clearfix su-u-trim\">\n<p><img loading=\"lazy\" decoding=\"async\" class=\"size-thumbnail wp-image-6209 aligncenter\" src=\"http:\/\/www.novatris.uha.fr\/wp-content\/uploads\/2021\/09\/Vera_IMG_0273-150x150.jpg\" alt=\"Photo Vera Sauter\" width=\"150\" height=\"150\" srcset=\"http:\/\/www.novatris.uha.fr\/wp-content\/uploads\/2021\/09\/Vera_IMG_0273-150x150.jpg 150w, http:\/\/www.novatris.uha.fr\/wp-content\/uploads\/2021\/09\/Vera_IMG_0273-300x300.jpg 300w, http:\/\/www.novatris.uha.fr\/wp-content\/uploads\/2021\/09\/Vera_IMG_0273-1024x1024.jpg 1024w, http:\/\/www.novatris.uha.fr\/wp-content\/uploads\/2021\/09\/Vera_IMG_0273-768x767.jpg 768w, http:\/\/www.novatris.uha.fr\/wp-content\/uploads\/2021\/09\/Vera_IMG_0273-96x96.jpg 96w, http:\/\/www.novatris.uha.fr\/wp-content\/uploads\/2021\/09\/Vera_IMG_0273-84x84.jpg 84w, http:\/\/www.novatris.uha.fr\/wp-content\/uploads\/2021\/09\/Vera_IMG_0273.jpg 1166w\" sizes=\"auto, (max-width: 150px) 100vw, 150px\" \/><\/p>\n<p style=\"text-align: center;\"><strong>Vera Sauter<\/strong><em><strong><br \/>\n<\/strong>Directrice (2017-2022)<\/em><\/p>\n<\/div><\/div><\/div>\n<p><a href=\"http:\/\/www.novatris.uha.fr\/wp-content\/uploads\/2022\/11\/Equipes_NovaTris_2012-2022-scaled.jpg\"><img loading=\"lazy\" decoding=\"async\" class=\"aligncenter wp-image-8064\" src=\"http:\/\/www.novatris.uha.fr\/wp-content\/uploads\/2022\/11\/Equipes_NovaTris_2012-2022-1024x724.jpg\" alt=\"Photos des \u00e9quipes NovaTris\" width=\"950\" height=\"672\" srcset=\"http:\/\/www.novatris.uha.fr\/wp-content\/uploads\/2022\/11\/Equipes_NovaTris_2012-2022-1024x724.jpg 1024w, http:\/\/www.novatris.uha.fr\/wp-content\/uploads\/2022\/11\/Equipes_NovaTris_2012-2022-300x212.jpg 300w, http:\/\/www.novatris.uha.fr\/wp-content\/uploads\/2022\/11\/Equipes_NovaTris_2012-2022-768x543.jpg 768w, http:\/\/www.novatris.uha.fr\/wp-content\/uploads\/2022\/11\/Equipes_NovaTris_2012-2022-1536x1086.jpg 1536w, http:\/\/www.novatris.uha.fr\/wp-content\/uploads\/2022\/11\/Equipes_NovaTris_2012-2022-2048x1448.jpg 2048w\" sizes=\"auto, (max-width: 950px) 100vw, 950px\" \/><\/a><\/p>\n","protected":false},"excerpt":{"rendered":"<p>Le Centre de comp\u00e9tences NovaTris ferme d\u00e9finitivement ses portes le 31 d\u00e9cembre 2022.<\/p>\n","protected":false},"author":1,"featured_media":0,"parent":29,"menu_order":0,"comment_status":"closed","ping_status":"closed","template":"","meta":{"footnotes":""},"class_list":["post-72","page","type-page","status-publish","hentry"],"yoast_head":"<!-- This site is optimized with the Yoast SEO plugin v24.8.1 - https:\/\/yoast.com\/wordpress\/plugins\/seo\/ -->\n<title>\u00c9quipe - NovaTris, centre de comp\u00e9tences transfrontali\u00e8res | Universit\u00e9 de Haute-Alsace<\/title>\n<meta name=\"robots\" content=\"index, follow, max-snippet:-1, max-image-preview:large, max-video-preview:-1\" \/>\n<link rel=\"canonical\" href=\"https:\/\/www.novatris.uha.fr\/index.php\/novatris\/equipe\/\" \/>\n<meta property=\"og:locale\" content=\"fr_FR\" \/>\n<meta property=\"og:type\" content=\"article\" \/>\n<meta property=\"og:title\" content=\"\u00c9quipe - NovaTris, centre de comp\u00e9tences transfrontali\u00e8res | Universit\u00e9 de Haute-Alsace\" \/>\n<meta property=\"og:description\" content=\"Le Centre de comp\u00e9tences NovaTris ferme d\u00e9finitivement ses portes le 31 d\u00e9cembre 2022.\" \/>\n<meta property=\"og:url\" content=\"https:\/\/www.novatris.uha.fr\/index.php\/novatris\/equipe\/\" \/>\n<meta property=\"og:site_name\" content=\"NovaTris, centre de comp\u00e9tences transfrontali\u00e8res | Universit\u00e9 de Haute-Alsace\" \/>\n<meta property=\"article:modified_time\" content=\"2022-11-04T09:07:39+00:00\" \/>\n<meta property=\"og:image\" content=\"http:\/\/www.novatris.uha.fr\/wp-content\/uploads\/2021\/09\/Serge_IMG_0225-150x150.jpg\" \/>\n<meta name=\"twitter:card\" content=\"summary_large_image\" \/>\n<meta name=\"twitter:label1\" content=\"Dur\u00e9e de lecture estim\u00e9e\" \/>\n\t<meta name=\"twitter:data1\" content=\"2 minutes\" \/>\n<script type=\"application\/ld+json\" class=\"yoast-schema-graph\">{\"@context\":\"https:\/\/schema.org\",\"@graph\":[{\"@type\":\"WebPage\",\"@id\":\"https:\/\/www.novatris.uha.fr\/index.php\/novatris\/equipe\/\",\"url\":\"https:\/\/www.novatris.uha.fr\/index.php\/novatris\/equipe\/\",\"name\":\"\u00c9quipe - NovaTris, centre de comp\u00e9tences transfrontali\u00e8res | Universit\u00e9 de Haute-Alsace\",\"isPartOf\":{\"@id\":\"http:\/\/www.novatris.uha.fr\/#website\"},\"primaryImageOfPage\":{\"@id\":\"https:\/\/www.novatris.uha.fr\/index.php\/novatris\/equipe\/#primaryimage\"},\"image\":{\"@id\":\"https:\/\/www.novatris.uha.fr\/index.php\/novatris\/equipe\/#primaryimage\"},\"thumbnailUrl\":\"http:\/\/www.novatris.uha.fr\/wp-content\/uploads\/2021\/09\/Serge_IMG_0225-150x150.jpg\",\"datePublished\":\"2019-08-20T07:15:35+00:00\",\"dateModified\":\"2022-11-04T09:07:39+00:00\",\"breadcrumb\":{\"@id\":\"https:\/\/www.novatris.uha.fr\/index.php\/novatris\/equipe\/#breadcrumb\"},\"inLanguage\":\"fr-FR\",\"potentialAction\":[{\"@type\":\"ReadAction\",\"target\":[\"https:\/\/www.novatris.uha.fr\/index.php\/novatris\/equipe\/\"]}]},{\"@type\":\"ImageObject\",\"inLanguage\":\"fr-FR\",\"@id\":\"https:\/\/www.novatris.uha.fr\/index.php\/novatris\/equipe\/#primaryimage\",\"url\":\"http:\/\/www.novatris.uha.fr\/wp-content\/uploads\/2021\/09\/Serge_IMG_0225-150x150.jpg\",\"contentUrl\":\"http:\/\/www.novatris.uha.fr\/wp-content\/uploads\/2021\/09\/Serge_IMG_0225-150x150.jpg\"},{\"@type\":\"BreadcrumbList\",\"@id\":\"https:\/\/www.novatris.uha.fr\/index.php\/novatris\/equipe\/#breadcrumb\",\"itemListElement\":[{\"@type\":\"ListItem\",\"position\":1,\"name\":\"Accueil\",\"item\":\"http:\/\/www.novatris.uha.fr\/\"},{\"@type\":\"ListItem\",\"position\":2,\"name\":\"NovaTris\",\"item\":\"https:\/\/www.novatris.uha.fr\/index.php\/novatris\/\"},{\"@type\":\"ListItem\",\"position\":3,\"name\":\"\u00c9quipe\"}]},{\"@type\":\"WebSite\",\"@id\":\"http:\/\/www.novatris.uha.fr\/#website\",\"url\":\"http:\/\/www.novatris.uha.fr\/\",\"name\":\"NovaTris, centre de comp\u00e9tences transfrontali\u00e8res | Universit\u00e9 de Haute-Alsace\",\"description\":\"Campus Illberg | Universit\u00e9 de Haute-Alsace\",\"potentialAction\":[{\"@type\":\"SearchAction\",\"target\":{\"@type\":\"EntryPoint\",\"urlTemplate\":\"http:\/\/www.novatris.uha.fr\/?s={search_term_string}\"},\"query-input\":{\"@type\":\"PropertyValueSpecification\",\"valueRequired\":true,\"valueName\":\"search_term_string\"}}],\"inLanguage\":\"fr-FR\"}]}<\/script>\n<!-- \/ Yoast SEO plugin. -->","yoast_head_json":{"title":"\u00c9quipe - NovaTris, centre de comp\u00e9tences transfrontali\u00e8res | Universit\u00e9 de Haute-Alsace","robots":{"index":"index","follow":"follow","max-snippet":"max-snippet:-1","max-image-preview":"max-image-preview:large","max-video-preview":"max-video-preview:-1"},"canonical":"https:\/\/www.novatris.uha.fr\/index.php\/novatris\/equipe\/","og_locale":"fr_FR","og_type":"article","og_title":"\u00c9quipe - NovaTris, centre de comp\u00e9tences transfrontali\u00e8res | Universit\u00e9 de Haute-Alsace","og_description":"Le Centre de comp\u00e9tences NovaTris ferme d\u00e9finitivement ses portes le 31 d\u00e9cembre 2022.","og_url":"https:\/\/www.novatris.uha.fr\/index.php\/novatris\/equipe\/","og_site_name":"NovaTris, centre de comp\u00e9tences transfrontali\u00e8res | Universit\u00e9 de Haute-Alsace","article_modified_time":"2022-11-04T09:07:39+00:00","og_image":[{"url":"http:\/\/www.novatris.uha.fr\/wp-content\/uploads\/2021\/09\/Serge_IMG_0225-150x150.jpg","type":"","width":"","height":""}],"twitter_card":"summary_large_image","twitter_misc":{"Dur\u00e9e de lecture estim\u00e9e":"2 minutes"},"schema":{"@context":"https:\/\/schema.org","@graph":[{"@type":"WebPage","@id":"https:\/\/www.novatris.uha.fr\/index.php\/novatris\/equipe\/","url":"https:\/\/www.novatris.uha.fr\/index.php\/novatris\/equipe\/","name":"\u00c9quipe - NovaTris, centre de comp\u00e9tences transfrontali\u00e8res | Universit\u00e9 de Haute-Alsace","isPartOf":{"@id":"http:\/\/www.novatris.uha.fr\/#website"},"primaryImageOfPage":{"@id":"https:\/\/www.novatris.uha.fr\/index.php\/novatris\/equipe\/#primaryimage"},"image":{"@id":"https:\/\/www.novatris.uha.fr\/index.php\/novatris\/equipe\/#primaryimage"},"thumbnailUrl":"http:\/\/www.novatris.uha.fr\/wp-content\/uploads\/2021\/09\/Serge_IMG_0225-150x150.jpg","datePublished":"2019-08-20T07:15:35+00:00","dateModified":"2022-11-04T09:07:39+00:00","breadcrumb":{"@id":"https:\/\/www.novatris.uha.fr\/index.php\/novatris\/equipe\/#breadcrumb"},"inLanguage":"fr-FR","potentialAction":[{"@type":"ReadAction","target":["https:\/\/www.novatris.uha.fr\/index.php\/novatris\/equipe\/"]}]},{"@type":"ImageObject","inLanguage":"fr-FR","@id":"https:\/\/www.novatris.uha.fr\/index.php\/novatris\/equipe\/#primaryimage","url":"http:\/\/www.novatris.uha.fr\/wp-content\/uploads\/2021\/09\/Serge_IMG_0225-150x150.jpg","contentUrl":"http:\/\/www.novatris.uha.fr\/wp-content\/uploads\/2021\/09\/Serge_IMG_0225-150x150.jpg"},{"@type":"BreadcrumbList","@id":"https:\/\/www.novatris.uha.fr\/index.php\/novatris\/equipe\/#breadcrumb","itemListElement":[{"@type":"ListItem","position":1,"name":"Accueil","item":"http:\/\/www.novatris.uha.fr\/"},{"@type":"ListItem","position":2,"name":"NovaTris","item":"https:\/\/www.novatris.uha.fr\/index.php\/novatris\/"},{"@type":"ListItem","position":3,"name":"\u00c9quipe"}]},{"@type":"WebSite","@id":"http:\/\/www.novatris.uha.fr\/#website","url":"http:\/\/www.novatris.uha.fr\/","name":"NovaTris, centre de comp\u00e9tences transfrontali\u00e8res | Universit\u00e9 de Haute-Alsace","description":"Campus Illberg | Universit\u00e9 de Haute-Alsace","potentialAction":[{"@type":"SearchAction","target":{"@type":"EntryPoint","urlTemplate":"http:\/\/www.novatris.uha.fr\/?s={search_term_string}"},"query-input":{"@type":"PropertyValueSpecification","valueRequired":true,"valueName":"search_term_string"}}],"inLanguage":"fr-FR"}]}},"_links":{"self":[{"href":"http:\/\/www.novatris.uha.fr\/index.php\/wp-json\/wp\/v2\/pages\/72","targetHints":{"allow":["GET"]}}],"collection":[{"href":"http:\/\/www.novatris.uha.fr\/index.php\/wp-json\/wp\/v2\/pages"}],"about":[{"href":"http:\/\/www.novatris.uha.fr\/index.php\/wp-json\/wp\/v2\/types\/page"}],"author":[{"embeddable":true,"href":"http:\/\/www.novatris.uha.fr\/index.php\/wp-json\/wp\/v2\/users\/1"}],"replies":[{"embeddable":true,"href":"http:\/\/www.novatris.uha.fr\/index.php\/wp-json\/wp\/v2\/comments?post=72"}],"version-history":[{"count":129,"href":"http:\/\/www.novatris.uha.fr\/index.php\/wp-json\/wp\/v2\/pages\/72\/revisions"}],"predecessor-version":[{"id":8068,"href":"http:\/\/www.novatris.uha.fr\/index.php\/wp-json\/wp\/v2\/pages\/72\/revisions\/8068"}],"up":[{"embeddable":true,"href":"http:\/\/www.novatris.uha.fr\/index.php\/wp-json\/wp\/v2\/pages\/29"}],"wp:attachment":[{"href":"http:\/\/www.novatris.uha.fr\/index.php\/wp-json\/wp\/v2\/media?parent=72"}],"curies":[{"name":"wp","href":"https:\/\/api.w.org\/{rel}","templated":true}]}}