{"id":39,"date":"2019-07-16T17:15:46","date_gmt":"2019-07-16T15:15:46","guid":{"rendered":"http:\/\/www.novatris-dev.uha.fr\/?page_id=39"},"modified":"2021-11-15T15:03:37","modified_gmt":"2021-11-15T14:03:37","slug":"recherche","status":"publish","type":"page","link":"http:\/\/www.novatris.uha.fr\/index.php\/recherche\/","title":{"rendered":"Recherche"},"content":{"rendered":"<p style=\"text-align: left;\"><strong><a href=\"http:\/\/www.novatris.uha.fr\/wp-content\/uploads\/2019\/10\/Image-Recherche-NovaTris.png\"><img loading=\"lazy\" decoding=\"async\" class=\"wp-image-908 alignright\" src=\"http:\/\/www.novatris.uha.fr\/wp-content\/uploads\/2019\/10\/Image-Recherche-NovaTris-474x1024.png\" alt=\"Image Recherche NovaTris\" width=\"170\" height=\"367\" srcset=\"http:\/\/www.novatris.uha.fr\/wp-content\/uploads\/2019\/10\/Image-Recherche-NovaTris-474x1024.png 474w, http:\/\/www.novatris.uha.fr\/wp-content\/uploads\/2019\/10\/Image-Recherche-NovaTris-139x300.png 139w, http:\/\/www.novatris.uha.fr\/wp-content\/uploads\/2019\/10\/Image-Recherche-NovaTris.png 521w\" sizes=\"auto, (max-width: 170px) 100vw, 170px\" \/><\/a><\/strong>NovaTris r\u00e9alise et accompagne des <strong>projets de recherche d&rsquo;orientation principalement qualitative et exploratoire en lien avec le champ Interculturalit\u00e9s<\/strong>\u00a0:<br \/>\n<div class=\"su-list\" style=\"margin-left:0px\">\n<ul>\n<li><i class=\"sui sui-caret-right\" style=\"color:#333\"><\/i> \u00c9valuation de dispositifs de formations interculturelles<\/li>\n<li><i class=\"sui sui-caret-right\" style=\"color:#333\"><\/i> Collaborations avec des chercheurs de l\u2019<a href=\"http:\/\/www.uha.fr\/\" target=\"_blank\" rel=\"noopener noreferrer\">Universit\u00e9 de Haute-Alsace<\/a> et d&rsquo;autres universit\u00e9s<\/li>\n<li><i class=\"sui sui-caret-right\" style=\"color:#333\"><\/i> Terrains d\u2019enqu\u00eate diversifi\u00e9s<\/li>\n<\/ul>\n<\/div>\nNovaTris participe \u00e0 la <strong>dynamique recherche de l\u2019UHA<\/strong> :<br \/>\n<div class=\"su-list\" style=\"margin-left:0px\">\n<ul>\n<li><i class=\"sui sui-caret-right\" style=\"color:#333\"><\/i> Soutien \u00e0 la recherche (laboratoires du champs Interculturalit\u00e9s)<\/li>\n<li><i class=\"sui sui-caret-right\" style=\"color:#333\"><\/i> Construction de r\u00e9seaux de chercheurs au sein d&rsquo;<a href=\"http:\/\/www.novatris.uha.fr\/index.php\/contexte-europeen\/eucor-le-campus-europeen\/\">Eucor &#8211; Le Campus europ\u00e9en<\/a> et d&rsquo;<a href=\"http:\/\/www.novatris.uha.fr\/index.php\/contexte-europeen\/epicur\/\">EPICUR<\/a><\/li>\n<li><i class=\"sui sui-caret-right\" style=\"color:#333\"><\/i> Communications et publications scientifiques<\/li>\n<\/ul>\n<\/div>\nNovaTris m\u00e8ne actuellement diff\u00e9rents projets de recherche qualitative bas\u00e9e sur la <strong>r\u00e9alisation d&rsquo;entretien <\/strong>et de<strong> focus groups, <\/strong>l&rsquo;<strong>analyse de contenus <\/strong>et l&rsquo;<strong>\u00e9valuation de modules de formation interculturels <\/strong>destin\u00e9s \u00e0 diff\u00e9rents publics d&rsquo;apprenants.<\/p>\n<h2>Appels \u00e0 publications<\/h2>\n<p>Le num\u00e9ro th\u00e9matique <em>\u00ab <\/em><em>Interculturalit\u00e9 \u00bb, une notion-cl\u00e9 \u00e0 d\u00e9velopper et transmettre dans le contexte d\u2019\u00e9mergence d\u2019universit\u00e9s \u00e0 \u00e9chelle europ\u00e9enne ?<\/em> de la <a href=\"https:\/\/bildungsforschung.org\/ojs\/index.php\/bildungsforschung\" target=\"_blank\" rel=\"noopener\">revue trilingue <em>Bildungsforschung<\/em><\/a> questionne les approches \u00e9pist\u00e9mologiques et th\u00e9oriques, les pratiques et m\u00e9thodes des formations \u00e0 l\u2019interculturalit\u00e9 ainsi que son \u00e9valuation.<\/p>\n<h2>Communications<\/h2>\n<p>\u00ab\u00a0<strong>Pour une p\u00e9dagogie de l\u2019accompagnement interculturel<\/strong>\u00ab\u00a0, communication dans le cadre du <a href=\"https:\/\/www.spfb.brussels\/espace-pro\/colloque-international-pratiques-p%C3%A9dagogies-actives\" target=\"_blank\" rel=\"noopener noreferrer\">Colloque de la COCOF \u00ab\u00a0Regards crois\u00e9s sur les recherches en p\u00e9dagogies actives\u00a0\u00bb<\/a>, donn\u00e9e \u00e0 Bruxelles en mars 2018.<\/p>\n<p>\u00ab\u00a0<strong>Accompagner le d\u00e9veloppement de la comp\u00e9tence interculturelle<\/strong>\u00ab\u00a0, communication dans le cadre de la Journ\u00e9e d&rsquo;Etude Universit\u00e9 en Contexte Plurilingue, donn\u00e9e \u00e0 Mulhouse en novembre 2018.<\/p>\n<p>\u00ab\u00a0<strong>Comment cr\u00e9er un climat de confiance en formation interculturelle ? Importance de l\u2019ice-breaking<\/strong>\u00ab\u00a0, communication dans le cadre du Congr\u00e8s international de l\u2019<a href=\"https:\/\/aref2019.sciencesconf.org\/\" target=\"_blank\" rel=\"noopener noreferrer\">AREF<\/a>, donn\u00e9e \u00e0 Bordeaux en juillet 2019.<\/p>\n<p><a href=\"http:\/\/www.novatris.uha.fr\/wp-content\/uploads\/2019\/10\/Communication-AREF.pdf\" target=\"_blank\" rel=\"noopener\">Consulter le r\u00e9sum\u00e9<\/a><\/p>\n<h2>Derni\u00e8re publication de NovaTris<\/h2>\n<p>Chalmel, J., Quinte, J. et Sauter, V. (2019). <strong>Oser une nouvelle approche de l\u2019interculturel &#8211; Exemple de la \u00ab\u202fp\u00e9dagogie NovaTris\u202f\u00bb<\/strong>. Dans F. Dervin et N. Auger (dir.), Les nouvelles voix\/voies de l\u2019interculturel (Le langage et l\u2019homme). Belgique : EME \u00e9ditions.<\/p>\n","protected":false},"excerpt":{"rendered":"<p>NovaTris r\u00e9alise et accompagne des projets de recherche d&rsquo;orientation principalement qualitative et exploratoire en lien avec le champ Interculturalit\u00e9s\u00a0: NovaTris participe \u00e0 la dynamique recherche de l\u2019UHA : NovaTris m\u00e8ne actuellement diff\u00e9rents projets de recherche qualitative bas\u00e9e sur la r\u00e9alisation d&rsquo;entretien et de focus groups, l&rsquo;analyse de contenus et l&rsquo;\u00e9valuation de modules de formation interculturels [&hellip;]<\/p>\n","protected":false},"author":1,"featured_media":0,"parent":0,"menu_order":0,"comment_status":"closed","ping_status":"closed","template":"","meta":{"footnotes":""},"class_list":["post-39","page","type-page","status-publish","hentry"],"yoast_head":"<!-- This site is optimized with the Yoast SEO plugin v24.8.1 - https:\/\/yoast.com\/wordpress\/plugins\/seo\/ -->\n<title>Recherche - NovaTris, centre de comp\u00e9tences transfrontali\u00e8res | Universit\u00e9 de Haute-Alsace<\/title>\n<meta name=\"robots\" content=\"index, follow, max-snippet:-1, max-image-preview:large, max-video-preview:-1\" \/>\n<link rel=\"canonical\" href=\"http:\/\/www.novatris.uha.fr\/index.php\/recherche\/\" \/>\n<meta property=\"og:locale\" content=\"fr_FR\" \/>\n<meta property=\"og:type\" content=\"article\" \/>\n<meta property=\"og:title\" content=\"Recherche - NovaTris, centre de comp\u00e9tences transfrontali\u00e8res | Universit\u00e9 de Haute-Alsace\" \/>\n<meta property=\"og:description\" content=\"NovaTris r\u00e9alise et accompagne des projets de recherche d&rsquo;orientation principalement qualitative et exploratoire en lien avec le champ Interculturalit\u00e9s\u00a0: NovaTris participe \u00e0 la dynamique recherche de l\u2019UHA : NovaTris m\u00e8ne actuellement diff\u00e9rents projets de recherche qualitative bas\u00e9e sur la r\u00e9alisation d&rsquo;entretien et de focus groups, l&rsquo;analyse de contenus et l&rsquo;\u00e9valuation de modules de formation interculturels [&hellip;]\" \/>\n<meta property=\"og:url\" content=\"http:\/\/www.novatris.uha.fr\/index.php\/recherche\/\" \/>\n<meta property=\"og:site_name\" content=\"NovaTris, centre de comp\u00e9tences transfrontali\u00e8res | Universit\u00e9 de Haute-Alsace\" \/>\n<meta property=\"article:modified_time\" content=\"2021-11-15T14:03:37+00:00\" \/>\n<meta property=\"og:image\" content=\"http:\/\/www.novatris.uha.fr\/wp-content\/uploads\/2019\/10\/Image-Recherche-NovaTris-474x1024.png\" \/>\n<meta name=\"twitter:card\" content=\"summary_large_image\" \/>\n<meta name=\"twitter:label1\" content=\"Dur\u00e9e de lecture estim\u00e9e\" \/>\n\t<meta name=\"twitter:data1\" content=\"2 minutes\" \/>\n<script type=\"application\/ld+json\" class=\"yoast-schema-graph\">{\"@context\":\"https:\/\/schema.org\",\"@graph\":[{\"@type\":\"WebPage\",\"@id\":\"http:\/\/www.novatris.uha.fr\/index.php\/recherche\/\",\"url\":\"http:\/\/www.novatris.uha.fr\/index.php\/recherche\/\",\"name\":\"Recherche - NovaTris, centre de comp\u00e9tences transfrontali\u00e8res | Universit\u00e9 de Haute-Alsace\",\"isPartOf\":{\"@id\":\"http:\/\/www.novatris.uha.fr\/#website\"},\"primaryImageOfPage\":{\"@id\":\"http:\/\/www.novatris.uha.fr\/index.php\/recherche\/#primaryimage\"},\"image\":{\"@id\":\"http:\/\/www.novatris.uha.fr\/index.php\/recherche\/#primaryimage\"},\"thumbnailUrl\":\"http:\/\/www.novatris.uha.fr\/wp-content\/uploads\/2019\/10\/Image-Recherche-NovaTris-474x1024.png\",\"datePublished\":\"2019-07-16T15:15:46+00:00\",\"dateModified\":\"2021-11-15T14:03:37+00:00\",\"breadcrumb\":{\"@id\":\"http:\/\/www.novatris.uha.fr\/index.php\/recherche\/#breadcrumb\"},\"inLanguage\":\"fr-FR\",\"potentialAction\":[{\"@type\":\"ReadAction\",\"target\":[\"http:\/\/www.novatris.uha.fr\/index.php\/recherche\/\"]}]},{\"@type\":\"ImageObject\",\"inLanguage\":\"fr-FR\",\"@id\":\"http:\/\/www.novatris.uha.fr\/index.php\/recherche\/#primaryimage\",\"url\":\"http:\/\/www.novatris.uha.fr\/wp-content\/uploads\/2019\/10\/Image-Recherche-NovaTris-474x1024.png\",\"contentUrl\":\"http:\/\/www.novatris.uha.fr\/wp-content\/uploads\/2019\/10\/Image-Recherche-NovaTris-474x1024.png\"},{\"@type\":\"BreadcrumbList\",\"@id\":\"http:\/\/www.novatris.uha.fr\/index.php\/recherche\/#breadcrumb\",\"itemListElement\":[{\"@type\":\"ListItem\",\"position\":1,\"name\":\"Accueil\",\"item\":\"http:\/\/www.novatris.uha.fr\/\"},{\"@type\":\"ListItem\",\"position\":2,\"name\":\"Recherche\"}]},{\"@type\":\"WebSite\",\"@id\":\"http:\/\/www.novatris.uha.fr\/#website\",\"url\":\"http:\/\/www.novatris.uha.fr\/\",\"name\":\"NovaTris, centre de comp\u00e9tences transfrontali\u00e8res | Universit\u00e9 de Haute-Alsace\",\"description\":\"Campus Illberg | Universit\u00e9 de Haute-Alsace\",\"potentialAction\":[{\"@type\":\"SearchAction\",\"target\":{\"@type\":\"EntryPoint\",\"urlTemplate\":\"http:\/\/www.novatris.uha.fr\/?s={search_term_string}\"},\"query-input\":{\"@type\":\"PropertyValueSpecification\",\"valueRequired\":true,\"valueName\":\"search_term_string\"}}],\"inLanguage\":\"fr-FR\"}]}<\/script>\n<!-- \/ Yoast SEO plugin. -->","yoast_head_json":{"title":"Recherche - NovaTris, centre de comp\u00e9tences transfrontali\u00e8res | Universit\u00e9 de Haute-Alsace","robots":{"index":"index","follow":"follow","max-snippet":"max-snippet:-1","max-image-preview":"max-image-preview:large","max-video-preview":"max-video-preview:-1"},"canonical":"http:\/\/www.novatris.uha.fr\/index.php\/recherche\/","og_locale":"fr_FR","og_type":"article","og_title":"Recherche - NovaTris, centre de comp\u00e9tences transfrontali\u00e8res | Universit\u00e9 de Haute-Alsace","og_description":"NovaTris r\u00e9alise et accompagne des projets de recherche d&rsquo;orientation principalement qualitative et exploratoire en lien avec le champ Interculturalit\u00e9s\u00a0: NovaTris participe \u00e0 la dynamique recherche de l\u2019UHA : NovaTris m\u00e8ne actuellement diff\u00e9rents projets de recherche qualitative bas\u00e9e sur la r\u00e9alisation d&rsquo;entretien et de focus groups, l&rsquo;analyse de contenus et l&rsquo;\u00e9valuation de modules de formation interculturels [&hellip;]","og_url":"http:\/\/www.novatris.uha.fr\/index.php\/recherche\/","og_site_name":"NovaTris, centre de comp\u00e9tences transfrontali\u00e8res | Universit\u00e9 de Haute-Alsace","article_modified_time":"2021-11-15T14:03:37+00:00","og_image":[{"url":"http:\/\/www.novatris.uha.fr\/wp-content\/uploads\/2019\/10\/Image-Recherche-NovaTris-474x1024.png","type":"","width":"","height":""}],"twitter_card":"summary_large_image","twitter_misc":{"Dur\u00e9e de lecture estim\u00e9e":"2 minutes"},"schema":{"@context":"https:\/\/schema.org","@graph":[{"@type":"WebPage","@id":"http:\/\/www.novatris.uha.fr\/index.php\/recherche\/","url":"http:\/\/www.novatris.uha.fr\/index.php\/recherche\/","name":"Recherche - NovaTris, centre de comp\u00e9tences transfrontali\u00e8res | Universit\u00e9 de Haute-Alsace","isPartOf":{"@id":"http:\/\/www.novatris.uha.fr\/#website"},"primaryImageOfPage":{"@id":"http:\/\/www.novatris.uha.fr\/index.php\/recherche\/#primaryimage"},"image":{"@id":"http:\/\/www.novatris.uha.fr\/index.php\/recherche\/#primaryimage"},"thumbnailUrl":"http:\/\/www.novatris.uha.fr\/wp-content\/uploads\/2019\/10\/Image-Recherche-NovaTris-474x1024.png","datePublished":"2019-07-16T15:15:46+00:00","dateModified":"2021-11-15T14:03:37+00:00","breadcrumb":{"@id":"http:\/\/www.novatris.uha.fr\/index.php\/recherche\/#breadcrumb"},"inLanguage":"fr-FR","potentialAction":[{"@type":"ReadAction","target":["http:\/\/www.novatris.uha.fr\/index.php\/recherche\/"]}]},{"@type":"ImageObject","inLanguage":"fr-FR","@id":"http:\/\/www.novatris.uha.fr\/index.php\/recherche\/#primaryimage","url":"http:\/\/www.novatris.uha.fr\/wp-content\/uploads\/2019\/10\/Image-Recherche-NovaTris-474x1024.png","contentUrl":"http:\/\/www.novatris.uha.fr\/wp-content\/uploads\/2019\/10\/Image-Recherche-NovaTris-474x1024.png"},{"@type":"BreadcrumbList","@id":"http:\/\/www.novatris.uha.fr\/index.php\/recherche\/#breadcrumb","itemListElement":[{"@type":"ListItem","position":1,"name":"Accueil","item":"http:\/\/www.novatris.uha.fr\/"},{"@type":"ListItem","position":2,"name":"Recherche"}]},{"@type":"WebSite","@id":"http:\/\/www.novatris.uha.fr\/#website","url":"http:\/\/www.novatris.uha.fr\/","name":"NovaTris, centre de comp\u00e9tences transfrontali\u00e8res | Universit\u00e9 de Haute-Alsace","description":"Campus Illberg | Universit\u00e9 de Haute-Alsace","potentialAction":[{"@type":"SearchAction","target":{"@type":"EntryPoint","urlTemplate":"http:\/\/www.novatris.uha.fr\/?s={search_term_string}"},"query-input":{"@type":"PropertyValueSpecification","valueRequired":true,"valueName":"search_term_string"}}],"inLanguage":"fr-FR"}]}},"_links":{"self":[{"href":"http:\/\/www.novatris.uha.fr\/index.php\/wp-json\/wp\/v2\/pages\/39","targetHints":{"allow":["GET"]}}],"collection":[{"href":"http:\/\/www.novatris.uha.fr\/index.php\/wp-json\/wp\/v2\/pages"}],"about":[{"href":"http:\/\/www.novatris.uha.fr\/index.php\/wp-json\/wp\/v2\/types\/page"}],"author":[{"embeddable":true,"href":"http:\/\/www.novatris.uha.fr\/index.php\/wp-json\/wp\/v2\/users\/1"}],"replies":[{"embeddable":true,"href":"http:\/\/www.novatris.uha.fr\/index.php\/wp-json\/wp\/v2\/comments?post=39"}],"version-history":[{"count":57,"href":"http:\/\/www.novatris.uha.fr\/index.php\/wp-json\/wp\/v2\/pages\/39\/revisions"}],"predecessor-version":[{"id":4964,"href":"http:\/\/www.novatris.uha.fr\/index.php\/wp-json\/wp\/v2\/pages\/39\/revisions\/4964"}],"wp:attachment":[{"href":"http:\/\/www.novatris.uha.fr\/index.php\/wp-json\/wp\/v2\/media?parent=39"}],"curies":[{"name":"wp","href":"https:\/\/api.w.org\/{rel}","templated":true}]}}