{"id":37,"date":"2019-07-16T17:15:33","date_gmt":"2019-07-16T15:15:33","guid":{"rendered":"http:\/\/www.novatris-dev.uha.fr\/?page_id=37"},"modified":"2020-10-08T13:55:45","modified_gmt":"2020-10-08T11:55:45","slug":"appels-a-projets","status":"publish","type":"page","link":"http:\/\/www.novatris.uha.fr\/index.php\/appels-a-projets\/","title":{"rendered":"Appels \u00e0 projets"},"content":{"rendered":"<p>NovaTris souhaite renforcer les d\u00e9marches d\u2019innovation p\u00e9dagogique visant au d\u00e9veloppement de comp\u00e9tences transfrontali\u00e8res des apprenants, qu&rsquo;ils soient en formation initiale ou continue.<\/p>\n<p>Le Centre de comp\u00e9tences transfrontali\u00e8res de l&rsquo;Universit\u00e9 soutient, \u00e0 travers 3 appels \u00e0 projets, des d\u00e9marches d\u2019exp\u00e9rimentation sur le th\u00e8me des comp\u00e9tences transversales en contexte transfrontalier : ils concernent les projets \u00e9tudiants, d&rsquo;innovation p\u00e9dagogique et de recherche.<\/p>\n<div class=\"su-box su-box-style-default\" id=\"\" style=\"border-color:#000000;border-radius:0px;max-width:none\"><div class=\"su-box-title\" style=\"background-color:#000000;color:#FFFFFF;border-top-left-radius:0px;border-top-right-radius:0px\">\u00c0 d\u00e9couvrir<\/div><div class=\"su-box-content su-u-clearfix su-u-trim\" style=\"border-bottom-left-radius:0px;border-bottom-right-radius:0px\">\n<div class=\"su-list\" style=\"margin-left:0px\">\n<ul>\n<li><i class=\"sui sui-caret-right\" style=\"color:#333\"><\/i> <a href=\"http:\/\/www.novatris.uha.fr\/index.php\/appels-a-projets\/projets-etudiants\/\">Appel \u00e0 projets \u00e9tudiants<\/a><\/li>\n<li><i class=\"sui sui-caret-right\" style=\"color:#333\"><\/i> <a href=\"http:\/\/www.novatris.uha.fr\/index.php\/appels-a-projets\/projets-dinnovation-pedagogique\/\">Appel \u00e0 projets d&rsquo;innovation p\u00e9dagogique<\/a><\/li>\n<li><i class=\"sui sui-caret-right\" style=\"color:#333\"><\/i> <a href=\"http:\/\/www.novatris.uha.fr\/index.php\/appels-a-projets\/projets-de-recherche\/\">Appel \u00e0 projets de recherche<\/a><\/li>\n<\/ul>\n<\/div>\n<\/div><\/div>\n","protected":false},"excerpt":{"rendered":"<p>NovaTris souhaite renforcer les d\u00e9marches d\u2019innovation p\u00e9dagogique visant au d\u00e9veloppement de comp\u00e9tences transfrontali\u00e8res des apprenants, qu&rsquo;ils soient en formation initiale ou continue. Le Centre de comp\u00e9tences transfrontali\u00e8res de l&rsquo;Universit\u00e9 soutient, \u00e0 travers 3 appels \u00e0 projets, des d\u00e9marches d\u2019exp\u00e9rimentation sur le th\u00e8me des comp\u00e9tences transversales en contexte transfrontalier : ils concernent les projets \u00e9tudiants, d&rsquo;innovation [&hellip;]<\/p>\n","protected":false},"author":1,"featured_media":0,"parent":0,"menu_order":0,"comment_status":"closed","ping_status":"closed","template":"","meta":{"footnotes":""},"class_list":["post-37","page","type-page","status-publish","hentry"],"yoast_head":"<!-- This site is optimized with the Yoast SEO plugin v24.8.1 - https:\/\/yoast.com\/wordpress\/plugins\/seo\/ -->\n<title>Appels \u00e0 projets - NovaTris, centre de comp\u00e9tences transfrontali\u00e8res | Universit\u00e9 de Haute-Alsace<\/title>\n<meta name=\"robots\" content=\"index, follow, max-snippet:-1, max-image-preview:large, max-video-preview:-1\" \/>\n<link rel=\"canonical\" href=\"https:\/\/www.novatris.uha.fr\/index.php\/appels-a-projets\/\" \/>\n<meta property=\"og:locale\" content=\"fr_FR\" \/>\n<meta property=\"og:type\" content=\"article\" \/>\n<meta property=\"og:title\" content=\"Appels \u00e0 projets - NovaTris, centre de comp\u00e9tences transfrontali\u00e8res | Universit\u00e9 de Haute-Alsace\" \/>\n<meta property=\"og:description\" content=\"NovaTris souhaite renforcer les d\u00e9marches d\u2019innovation p\u00e9dagogique visant au d\u00e9veloppement de comp\u00e9tences transfrontali\u00e8res des apprenants, qu&rsquo;ils soient en formation initiale ou continue. Le Centre de comp\u00e9tences transfrontali\u00e8res de l&rsquo;Universit\u00e9 soutient, \u00e0 travers 3 appels \u00e0 projets, des d\u00e9marches d\u2019exp\u00e9rimentation sur le th\u00e8me des comp\u00e9tences transversales en contexte transfrontalier : ils concernent les projets \u00e9tudiants, d&rsquo;innovation [&hellip;]\" \/>\n<meta property=\"og:url\" content=\"https:\/\/www.novatris.uha.fr\/index.php\/appels-a-projets\/\" \/>\n<meta property=\"og:site_name\" content=\"NovaTris, centre de comp\u00e9tences transfrontali\u00e8res | Universit\u00e9 de Haute-Alsace\" \/>\n<meta property=\"article:modified_time\" content=\"2020-10-08T11:55:45+00:00\" \/>\n<meta name=\"twitter:card\" content=\"summary_large_image\" \/>\n<meta name=\"twitter:label1\" content=\"Dur\u00e9e de lecture estim\u00e9e\" \/>\n\t<meta name=\"twitter:data1\" content=\"1 minute\" \/>\n<script type=\"application\/ld+json\" class=\"yoast-schema-graph\">{\"@context\":\"https:\/\/schema.org\",\"@graph\":[{\"@type\":\"WebPage\",\"@id\":\"https:\/\/www.novatris.uha.fr\/index.php\/appels-a-projets\/\",\"url\":\"https:\/\/www.novatris.uha.fr\/index.php\/appels-a-projets\/\",\"name\":\"Appels \u00e0 projets - NovaTris, centre de comp\u00e9tences transfrontali\u00e8res | Universit\u00e9 de Haute-Alsace\",\"isPartOf\":{\"@id\":\"https:\/\/www.novatris.uha.fr\/#website\"},\"datePublished\":\"2019-07-16T15:15:33+00:00\",\"dateModified\":\"2020-10-08T11:55:45+00:00\",\"breadcrumb\":{\"@id\":\"https:\/\/www.novatris.uha.fr\/index.php\/appels-a-projets\/#breadcrumb\"},\"inLanguage\":\"fr-FR\",\"potentialAction\":[{\"@type\":\"ReadAction\",\"target\":[\"https:\/\/www.novatris.uha.fr\/index.php\/appels-a-projets\/\"]}]},{\"@type\":\"BreadcrumbList\",\"@id\":\"https:\/\/www.novatris.uha.fr\/index.php\/appels-a-projets\/#breadcrumb\",\"itemListElement\":[{\"@type\":\"ListItem\",\"position\":1,\"name\":\"Accueil\",\"item\":\"https:\/\/www.novatris.uha.fr\/\"},{\"@type\":\"ListItem\",\"position\":2,\"name\":\"Appels \u00e0 projets\"}]},{\"@type\":\"WebSite\",\"@id\":\"https:\/\/www.novatris.uha.fr\/#website\",\"url\":\"https:\/\/www.novatris.uha.fr\/\",\"name\":\"NovaTris, centre de comp\u00e9tences transfrontali\u00e8res | Universit\u00e9 de Haute-Alsace\",\"description\":\"Campus Illberg | Universit\u00e9 de Haute-Alsace\",\"potentialAction\":[{\"@type\":\"SearchAction\",\"target\":{\"@type\":\"EntryPoint\",\"urlTemplate\":\"https:\/\/www.novatris.uha.fr\/?s={search_term_string}\"},\"query-input\":{\"@type\":\"PropertyValueSpecification\",\"valueRequired\":true,\"valueName\":\"search_term_string\"}}],\"inLanguage\":\"fr-FR\"}]}<\/script>\n<!-- \/ Yoast SEO plugin. -->","yoast_head_json":{"title":"Appels \u00e0 projets - NovaTris, centre de comp\u00e9tences transfrontali\u00e8res | Universit\u00e9 de Haute-Alsace","robots":{"index":"index","follow":"follow","max-snippet":"max-snippet:-1","max-image-preview":"max-image-preview:large","max-video-preview":"max-video-preview:-1"},"canonical":"https:\/\/www.novatris.uha.fr\/index.php\/appels-a-projets\/","og_locale":"fr_FR","og_type":"article","og_title":"Appels \u00e0 projets - NovaTris, centre de comp\u00e9tences transfrontali\u00e8res | Universit\u00e9 de Haute-Alsace","og_description":"NovaTris souhaite renforcer les d\u00e9marches d\u2019innovation p\u00e9dagogique visant au d\u00e9veloppement de comp\u00e9tences transfrontali\u00e8res des apprenants, qu&rsquo;ils soient en formation initiale ou continue. Le Centre de comp\u00e9tences transfrontali\u00e8res de l&rsquo;Universit\u00e9 soutient, \u00e0 travers 3 appels \u00e0 projets, des d\u00e9marches d\u2019exp\u00e9rimentation sur le th\u00e8me des comp\u00e9tences transversales en contexte transfrontalier : ils concernent les projets \u00e9tudiants, d&rsquo;innovation [&hellip;]","og_url":"https:\/\/www.novatris.uha.fr\/index.php\/appels-a-projets\/","og_site_name":"NovaTris, centre de comp\u00e9tences transfrontali\u00e8res | Universit\u00e9 de Haute-Alsace","article_modified_time":"2020-10-08T11:55:45+00:00","twitter_card":"summary_large_image","twitter_misc":{"Dur\u00e9e de lecture estim\u00e9e":"1 minute"},"schema":{"@context":"https:\/\/schema.org","@graph":[{"@type":"WebPage","@id":"https:\/\/www.novatris.uha.fr\/index.php\/appels-a-projets\/","url":"https:\/\/www.novatris.uha.fr\/index.php\/appels-a-projets\/","name":"Appels \u00e0 projets - NovaTris, centre de comp\u00e9tences transfrontali\u00e8res | Universit\u00e9 de Haute-Alsace","isPartOf":{"@id":"https:\/\/www.novatris.uha.fr\/#website"},"datePublished":"2019-07-16T15:15:33+00:00","dateModified":"2020-10-08T11:55:45+00:00","breadcrumb":{"@id":"https:\/\/www.novatris.uha.fr\/index.php\/appels-a-projets\/#breadcrumb"},"inLanguage":"fr-FR","potentialAction":[{"@type":"ReadAction","target":["https:\/\/www.novatris.uha.fr\/index.php\/appels-a-projets\/"]}]},{"@type":"BreadcrumbList","@id":"https:\/\/www.novatris.uha.fr\/index.php\/appels-a-projets\/#breadcrumb","itemListElement":[{"@type":"ListItem","position":1,"name":"Accueil","item":"https:\/\/www.novatris.uha.fr\/"},{"@type":"ListItem","position":2,"name":"Appels \u00e0 projets"}]},{"@type":"WebSite","@id":"https:\/\/www.novatris.uha.fr\/#website","url":"https:\/\/www.novatris.uha.fr\/","name":"NovaTris, centre de comp\u00e9tences transfrontali\u00e8res | Universit\u00e9 de Haute-Alsace","description":"Campus Illberg | Universit\u00e9 de Haute-Alsace","potentialAction":[{"@type":"SearchAction","target":{"@type":"EntryPoint","urlTemplate":"https:\/\/www.novatris.uha.fr\/?s={search_term_string}"},"query-input":{"@type":"PropertyValueSpecification","valueRequired":true,"valueName":"search_term_string"}}],"inLanguage":"fr-FR"}]}},"_links":{"self":[{"href":"http:\/\/www.novatris.uha.fr\/index.php\/wp-json\/wp\/v2\/pages\/37","targetHints":{"allow":["GET"]}}],"collection":[{"href":"http:\/\/www.novatris.uha.fr\/index.php\/wp-json\/wp\/v2\/pages"}],"about":[{"href":"http:\/\/www.novatris.uha.fr\/index.php\/wp-json\/wp\/v2\/types\/page"}],"author":[{"embeddable":true,"href":"http:\/\/www.novatris.uha.fr\/index.php\/wp-json\/wp\/v2\/users\/1"}],"replies":[{"embeddable":true,"href":"http:\/\/www.novatris.uha.fr\/index.php\/wp-json\/wp\/v2\/comments?post=37"}],"version-history":[{"count":17,"href":"http:\/\/www.novatris.uha.fr\/index.php\/wp-json\/wp\/v2\/pages\/37\/revisions"}],"predecessor-version":[{"id":4112,"href":"http:\/\/www.novatris.uha.fr\/index.php\/wp-json\/wp\/v2\/pages\/37\/revisions\/4112"}],"wp:attachment":[{"href":"http:\/\/www.novatris.uha.fr\/index.php\/wp-json\/wp\/v2\/media?parent=37"}],"curies":[{"name":"wp","href":"https:\/\/api.w.org\/{rel}","templated":true}]}}