{"id":132,"date":"2019-08-20T09:31:25","date_gmt":"2019-08-20T07:31:25","guid":{"rendered":"http:\/\/www.novatris-dev.uha.fr\/?page_id=132"},"modified":"2021-07-15T15:57:38","modified_gmt":"2021-07-15T13:57:38","slug":"plan-du-site","status":"publish","type":"page","link":"http:\/\/www.novatris.uha.fr\/index.php\/plan-du-site\/","title":{"rendered":"Plan du site"},"content":{"rendered":"<div class=\"menu-menu-principal-novatris-container\"><ul id=\"menu-menu-principal-novatris\" class=\"menu\"><li id=\"menu-item-60\" class=\"menu-item menu-item-type-post_type menu-item-object-page menu-item-has-children menu-item-60\"><a href=\"http:\/\/www.novatris.uha.fr\/index.php\/novatris\/\">NovaTris<\/a>\n<ul class=\"sub-menu\">\n\t<li id=\"menu-item-163\" class=\"menu-item menu-item-type-post_type menu-item-object-page menu-item-163\"><a href=\"http:\/\/www.novatris.uha.fr\/index.php\/novatris\/centre-de-competences-transfrontalieres\/\">Centre de comp\u00e9tences transfrontali\u00e8res<\/a><\/li>\n\t<li id=\"menu-item-164\" class=\"menu-item menu-item-type-post_type menu-item-object-page menu-item-164\"><a href=\"http:\/\/www.novatris.uha.fr\/index.php\/novatris\/equipe\/\">\u00c9quipe<\/a><\/li>\n\t<li id=\"menu-item-162\" class=\"menu-item menu-item-type-post_type menu-item-object-page menu-item-162\"><a href=\"http:\/\/www.novatris.uha.fr\/index.php\/novatris\/agence-nationale-de-la-recherche\/\">Agence Nationale de la Recherche<\/a><\/li>\n\t<li id=\"menu-item-166\" class=\"menu-item menu-item-type-post_type menu-item-object-page menu-item-166\"><a href=\"http:\/\/www.novatris.uha.fr\/index.php\/novatris\/partenaires\/\">Partenaires<\/a><\/li>\n\t<li id=\"menu-item-165\" class=\"menu-item menu-item-type-post_type menu-item-object-page menu-item-165\"><a href=\"http:\/\/www.novatris.uha.fr\/index.php\/novatris\/journees-novatris\/\">Journ\u00e9es NovaTris<\/a><\/li>\n\t<li id=\"menu-item-170\" class=\"menu-item menu-item-type-taxonomy menu-item-object-category menu-item-170\"><a href=\"http:\/\/www.novatris.uha.fr\/index.php\/category\/actualites\/\">Actualit\u00e9s<\/a><\/li>\n\t<li id=\"menu-item-274\" class=\"menu-item menu-item-type-taxonomy menu-item-object-category menu-item-274\"><a href=\"http:\/\/www.novatris.uha.fr\/index.php\/category\/retour-sur\/\">Retour sur<\/a><\/li>\n<\/ul>\n<\/li>\n<li id=\"menu-item-57\" class=\"menu-item menu-item-type-post_type menu-item-object-page menu-item-has-children menu-item-57\"><a href=\"http:\/\/www.novatris.uha.fr\/index.php\/contexte-europeen\/\">Contexte europ\u00e9en<\/a>\n<ul class=\"sub-menu\">\n\t<li id=\"menu-item-143\" class=\"menu-item menu-item-type-post_type menu-item-object-page menu-item-143\"><a href=\"http:\/\/www.novatris.uha.fr\/index.php\/contexte-europeen\/eucor-le-campus-europeen\/\">Eucor \u2013 Le Campus europ\u00e9en<\/a><\/li>\n\t<li id=\"menu-item-142\" class=\"menu-item menu-item-type-post_type menu-item-object-page menu-item-142\"><a href=\"http:\/\/www.novatris.uha.fr\/index.php\/contexte-europeen\/epicur\/\">EPICUR<\/a><\/li>\n\t<li id=\"menu-item-144\" class=\"menu-item menu-item-type-post_type menu-item-object-page menu-item-144\"><a href=\"http:\/\/www.novatris.uha.fr\/index.php\/contexte-europeen\/interreg\/\">Interreg<\/a><\/li>\n<\/ul>\n<\/li>\n<li id=\"menu-item-59\" class=\"menu-item menu-item-type-post_type menu-item-object-page menu-item-has-children menu-item-59\"><a href=\"http:\/\/www.novatris.uha.fr\/index.php\/mobilites\/\">Mobilit\u00e9s<\/a>\n<ul class=\"sub-menu\">\n\t<li id=\"menu-item-160\" class=\"menu-item menu-item-type-post_type menu-item-object-page menu-item-160\"><a href=\"http:\/\/www.novatris.uha.fr\/index.php\/mobilites\/mobilites-des-personnels\/\">Mobilit\u00e9s des personnels<\/a><\/li>\n\t<li id=\"menu-item-156\" class=\"menu-item menu-item-type-post_type menu-item-object-page menu-item-has-children menu-item-156\"><a href=\"http:\/\/www.novatris.uha.fr\/index.php\/mobilites\/mobilite-des-etudiants\/\">Mobilit\u00e9 des \u00e9tudiants<\/a>\n\t<ul class=\"sub-menu\">\n\t\t<li id=\"menu-item-158\" class=\"menu-item menu-item-type-post_type menu-item-object-page menu-item-158\"><a href=\"http:\/\/www.novatris.uha.fr\/index.php\/mobilites\/mobilite-des-etudiants\/mobilite-eucor\/\">Mobilit\u00e9 Eucor<\/a><\/li>\n\t\t<li id=\"menu-item-157\" class=\"menu-item menu-item-type-post_type menu-item-object-page menu-item-157\"><a href=\"http:\/\/www.novatris.uha.fr\/index.php\/mobilites\/mobilite-des-etudiants\/bourse-de-mobilite\/\">Bourse de mobilit\u00e9<\/a><\/li>\n\t<\/ul>\n<\/li>\n\t<li id=\"menu-item-155\" class=\"menu-item menu-item-type-post_type menu-item-object-page menu-item-155\"><a href=\"http:\/\/www.novatris.uha.fr\/index.php\/mobilites\/formations-bi-et-tri-nationales-accompagnees\/\">Formations bi- et trinationales accompagn\u00e9es<\/a><\/li>\n\t<li id=\"menu-item-5266\" class=\"menu-item menu-item-type-taxonomy menu-item-object-category menu-item-5266\"><a href=\"http:\/\/www.novatris.uha.fr\/index.php\/category\/regards-sur-la-mobilite\/\">Regards sur la mobilit\u00e9<\/a><\/li>\n<\/ul>\n<\/li>\n<li id=\"menu-item-58\" class=\"menu-item menu-item-type-post_type menu-item-object-page menu-item-has-children menu-item-58\"><a href=\"http:\/\/www.novatris.uha.fr\/index.php\/formation\/\">Formation<\/a>\n<ul class=\"sub-menu\">\n\t<li id=\"menu-item-148\" class=\"menu-item menu-item-type-post_type menu-item-object-page menu-item-has-children menu-item-148\"><a href=\"http:\/\/www.novatris.uha.fr\/index.php\/formation\/pedagogie-novatris\/\">P\u00e9dagogie NovaTris<\/a>\n\t<ul class=\"sub-menu\">\n\t\t<li id=\"menu-item-150\" class=\"menu-item menu-item-type-post_type menu-item-object-page menu-item-150\"><a href=\"http:\/\/www.novatris.uha.fr\/index.php\/formation\/pedagogie-novatris\/principes-pedagogiques\/\">Principes p\u00e9dagogiques<\/a><\/li>\n\t\t<li id=\"menu-item-149\" class=\"menu-item menu-item-type-post_type menu-item-object-page menu-item-149\"><a href=\"http:\/\/www.novatris.uha.fr\/index.php\/formation\/pedagogie-novatris\/outils-pedagogiques-innovants\/\">Outils p\u00e9dagogiques innovants<\/a><\/li>\n\t<\/ul>\n<\/li>\n\t<li id=\"menu-item-146\" class=\"menu-item menu-item-type-post_type menu-item-object-page menu-item-146\"><a href=\"http:\/\/www.novatris.uha.fr\/index.php\/formation\/formation-a-laccompagnement-interculturel\/\">Formation \u00e0 l\u2019accompagnement interculturel<\/a><\/li>\n\t<li id=\"menu-item-147\" class=\"menu-item menu-item-type-post_type menu-item-object-page menu-item-147\"><a href=\"http:\/\/www.novatris.uha.fr\/index.php\/formation\/formations-interculturelles\/\">Formations interculturelles<\/a><\/li>\n\t<li id=\"menu-item-151\" class=\"menu-item menu-item-type-post_type menu-item-object-page menu-item-151\"><a href=\"http:\/\/www.novatris.uha.fr\/index.php\/formation\/tandem-a-luha\/\">Tandem \u00e0 l\u2019UHA<\/a><\/li>\n<\/ul>\n<\/li>\n<li id=\"menu-item-56\" class=\"menu-item menu-item-type-post_type menu-item-object-page menu-item-has-children menu-item-56\"><a href=\"http:\/\/www.novatris.uha.fr\/index.php\/appels-a-projets\/\">Appels \u00e0 projets<\/a>\n<ul class=\"sub-menu\">\n\t<li id=\"menu-item-139\" class=\"menu-item menu-item-type-post_type menu-item-object-page menu-item-139\"><a href=\"http:\/\/www.novatris.uha.fr\/index.php\/appels-a-projets\/projets-etudiants\/\">Projets \u00e9tudiants<\/a><\/li>\n\t<li id=\"menu-item-137\" class=\"menu-item menu-item-type-post_type menu-item-object-page menu-item-137\"><a href=\"http:\/\/www.novatris.uha.fr\/index.php\/appels-a-projets\/projets-dinnovation-pedagogique\/\">Projets d\u2019innovation p\u00e9dagogique<\/a><\/li>\n\t<li id=\"menu-item-138\" class=\"menu-item menu-item-type-post_type menu-item-object-page menu-item-138\"><a href=\"http:\/\/www.novatris.uha.fr\/index.php\/appels-a-projets\/projets-de-recherche\/\">Projets de recherche<\/a><\/li>\n<\/ul>\n<\/li>\n<li id=\"menu-item-61\" class=\"menu-item menu-item-type-post_type menu-item-object-page menu-item-61\"><a href=\"http:\/\/www.novatris.uha.fr\/index.php\/recherche\/\">Recherche<\/a><\/li>\n<\/ul><\/div>\n<div class=\"menu-menu-pied-de-page-container\"><ul id=\"menu-menu-pied-de-page\" class=\"menu\"><li id=\"menu-item-229\" class=\"menu-item menu-item-type-post_type menu-item-object-page menu-item-229\"><a href=\"http:\/\/www.novatris.uha.fr\/index.php\/contact\/\">Contact<\/a><\/li>\n<li id=\"menu-item-228\" class=\"menu-item menu-item-type-post_type menu-item-object-page menu-item-228\"><a href=\"http:\/\/www.novatris.uha.fr\/index.php\/plan-dacces\/\">Plan d&rsquo;acc\u00e8s<\/a><\/li>\n<li id=\"menu-item-227\" class=\"menu-item menu-item-type-post_type menu-item-object-page menu-item-227\"><a href=\"http:\/\/www.novatris.uha.fr\/index.php\/logos\/\">Logos<\/a><\/li>\n<li id=\"menu-item-5146\" class=\"menu-item menu-item-type-post_type menu-item-object-page menu-item-privacy-policy menu-item-5146\"><a rel=\"privacy-policy\" href=\"http:\/\/www.novatris.uha.fr\/index.php\/protection-des-donnees\/\">Protection des donn\u00e9es<\/a><\/li>\n<li id=\"menu-item-226\" class=\"menu-item menu-item-type-post_type menu-item-object-page menu-item-226\"><a href=\"http:\/\/www.novatris.uha.fr\/index.php\/mentions-legales\/\">Mentions l\u00e9gales<\/a><\/li>\n<li id=\"menu-item-225\" class=\"menu-item menu-item-type-post_type menu-item-object-page menu-item-225\"><a href=\"http:\/\/www.novatris.uha.fr\/index.php\/accessibilite\/\">Accessibilit\u00e9<\/a><\/li>\n<li id=\"menu-item-224\" class=\"menu-item menu-item-type-post_type menu-item-object-page menu-item-224\"><a href=\"http:\/\/www.novatris.uha.fr\/index.php\/plan-du-site\/\">Plan du site<\/a><\/li>\n<\/ul><\/div>\n","protected":false},"excerpt":{"rendered":"","protected":false},"author":1,"featured_media":0,"parent":0,"menu_order":0,"comment_status":"closed","ping_status":"closed","template":"","meta":{"footnotes":""},"class_list":["post-132","page","type-page","status-publish","hentry"],"yoast_head":"<!-- This site is optimized with the Yoast SEO plugin v24.8.1 - https:\/\/yoast.com\/wordpress\/plugins\/seo\/ -->\n<title>Plan du site - NovaTris, centre de comp\u00e9tences transfrontali\u00e8res | Universit\u00e9 de Haute-Alsace<\/title>\n<meta name=\"robots\" content=\"index, follow, max-snippet:-1, max-image-preview:large, max-video-preview:-1\" \/>\n<link rel=\"canonical\" href=\"https:\/\/www.novatris.uha.fr\/index.php\/plan-du-site\/\" \/>\n<meta property=\"og:locale\" content=\"fr_FR\" \/>\n<meta property=\"og:type\" content=\"article\" \/>\n<meta property=\"og:title\" content=\"Plan du site - NovaTris, centre de comp\u00e9tences transfrontali\u00e8res | Universit\u00e9 de Haute-Alsace\" \/>\n<meta property=\"og:url\" content=\"https:\/\/www.novatris.uha.fr\/index.php\/plan-du-site\/\" \/>\n<meta property=\"og:site_name\" content=\"NovaTris, centre de comp\u00e9tences transfrontali\u00e8res | Universit\u00e9 de Haute-Alsace\" \/>\n<meta property=\"article:modified_time\" content=\"2021-07-15T13:57:38+00:00\" \/>\n<meta name=\"twitter:card\" content=\"summary_large_image\" \/>\n<meta name=\"twitter:label1\" content=\"Dur\u00e9e de lecture estim\u00e9e\" \/>\n\t<meta name=\"twitter:data1\" content=\"1 minute\" \/>\n<script type=\"application\/ld+json\" class=\"yoast-schema-graph\">{\"@context\":\"https:\/\/schema.org\",\"@graph\":[{\"@type\":\"WebPage\",\"@id\":\"https:\/\/www.novatris.uha.fr\/index.php\/plan-du-site\/\",\"url\":\"https:\/\/www.novatris.uha.fr\/index.php\/plan-du-site\/\",\"name\":\"Plan du site - NovaTris, centre de comp\u00e9tences transfrontali\u00e8res | Universit\u00e9 de Haute-Alsace\",\"isPartOf\":{\"@id\":\"http:\/\/www.novatris.uha.fr\/#website\"},\"datePublished\":\"2019-08-20T07:31:25+00:00\",\"dateModified\":\"2021-07-15T13:57:38+00:00\",\"breadcrumb\":{\"@id\":\"https:\/\/www.novatris.uha.fr\/index.php\/plan-du-site\/#breadcrumb\"},\"inLanguage\":\"fr-FR\",\"potentialAction\":[{\"@type\":\"ReadAction\",\"target\":[\"https:\/\/www.novatris.uha.fr\/index.php\/plan-du-site\/\"]}]},{\"@type\":\"BreadcrumbList\",\"@id\":\"https:\/\/www.novatris.uha.fr\/index.php\/plan-du-site\/#breadcrumb\",\"itemListElement\":[{\"@type\":\"ListItem\",\"position\":1,\"name\":\"Accueil\",\"item\":\"http:\/\/www.novatris.uha.fr\/\"},{\"@type\":\"ListItem\",\"position\":2,\"name\":\"Plan du site\"}]},{\"@type\":\"WebSite\",\"@id\":\"http:\/\/www.novatris.uha.fr\/#website\",\"url\":\"http:\/\/www.novatris.uha.fr\/\",\"name\":\"NovaTris, centre de comp\u00e9tences transfrontali\u00e8res | Universit\u00e9 de Haute-Alsace\",\"description\":\"Campus Illberg | Universit\u00e9 de Haute-Alsace\",\"potentialAction\":[{\"@type\":\"SearchAction\",\"target\":{\"@type\":\"EntryPoint\",\"urlTemplate\":\"http:\/\/www.novatris.uha.fr\/?s={search_term_string}\"},\"query-input\":{\"@type\":\"PropertyValueSpecification\",\"valueRequired\":true,\"valueName\":\"search_term_string\"}}],\"inLanguage\":\"fr-FR\"}]}<\/script>\n<!-- \/ Yoast SEO plugin. -->","yoast_head_json":{"title":"Plan du site - NovaTris, centre de comp\u00e9tences transfrontali\u00e8res | Universit\u00e9 de Haute-Alsace","robots":{"index":"index","follow":"follow","max-snippet":"max-snippet:-1","max-image-preview":"max-image-preview:large","max-video-preview":"max-video-preview:-1"},"canonical":"https:\/\/www.novatris.uha.fr\/index.php\/plan-du-site\/","og_locale":"fr_FR","og_type":"article","og_title":"Plan du site - NovaTris, centre de comp\u00e9tences transfrontali\u00e8res | Universit\u00e9 de Haute-Alsace","og_url":"https:\/\/www.novatris.uha.fr\/index.php\/plan-du-site\/","og_site_name":"NovaTris, centre de comp\u00e9tences transfrontali\u00e8res | Universit\u00e9 de Haute-Alsace","article_modified_time":"2021-07-15T13:57:38+00:00","twitter_card":"summary_large_image","twitter_misc":{"Dur\u00e9e de lecture estim\u00e9e":"1 minute"},"schema":{"@context":"https:\/\/schema.org","@graph":[{"@type":"WebPage","@id":"https:\/\/www.novatris.uha.fr\/index.php\/plan-du-site\/","url":"https:\/\/www.novatris.uha.fr\/index.php\/plan-du-site\/","name":"Plan du site - NovaTris, centre de comp\u00e9tences transfrontali\u00e8res | Universit\u00e9 de Haute-Alsace","isPartOf":{"@id":"http:\/\/www.novatris.uha.fr\/#website"},"datePublished":"2019-08-20T07:31:25+00:00","dateModified":"2021-07-15T13:57:38+00:00","breadcrumb":{"@id":"https:\/\/www.novatris.uha.fr\/index.php\/plan-du-site\/#breadcrumb"},"inLanguage":"fr-FR","potentialAction":[{"@type":"ReadAction","target":["https:\/\/www.novatris.uha.fr\/index.php\/plan-du-site\/"]}]},{"@type":"BreadcrumbList","@id":"https:\/\/www.novatris.uha.fr\/index.php\/plan-du-site\/#breadcrumb","itemListElement":[{"@type":"ListItem","position":1,"name":"Accueil","item":"http:\/\/www.novatris.uha.fr\/"},{"@type":"ListItem","position":2,"name":"Plan du site"}]},{"@type":"WebSite","@id":"http:\/\/www.novatris.uha.fr\/#website","url":"http:\/\/www.novatris.uha.fr\/","name":"NovaTris, centre de comp\u00e9tences transfrontali\u00e8res | Universit\u00e9 de Haute-Alsace","description":"Campus Illberg | Universit\u00e9 de Haute-Alsace","potentialAction":[{"@type":"SearchAction","target":{"@type":"EntryPoint","urlTemplate":"http:\/\/www.novatris.uha.fr\/?s={search_term_string}"},"query-input":{"@type":"PropertyValueSpecification","valueRequired":true,"valueName":"search_term_string"}}],"inLanguage":"fr-FR"}]}},"_links":{"self":[{"href":"http:\/\/www.novatris.uha.fr\/index.php\/wp-json\/wp\/v2\/pages\/132","targetHints":{"allow":["GET"]}}],"collection":[{"href":"http:\/\/www.novatris.uha.fr\/index.php\/wp-json\/wp\/v2\/pages"}],"about":[{"href":"http:\/\/www.novatris.uha.fr\/index.php\/wp-json\/wp\/v2\/types\/page"}],"author":[{"embeddable":true,"href":"http:\/\/www.novatris.uha.fr\/index.php\/wp-json\/wp\/v2\/users\/1"}],"replies":[{"embeddable":true,"href":"http:\/\/www.novatris.uha.fr\/index.php\/wp-json\/wp\/v2\/comments?post=132"}],"version-history":[{"count":3,"href":"http:\/\/www.novatris.uha.fr\/index.php\/wp-json\/wp\/v2\/pages\/132\/revisions"}],"predecessor-version":[{"id":6019,"href":"http:\/\/www.novatris.uha.fr\/index.php\/wp-json\/wp\/v2\/pages\/132\/revisions\/6019"}],"wp:attachment":[{"href":"http:\/\/www.novatris.uha.fr\/index.php\/wp-json\/wp\/v2\/media?parent=132"}],"curies":[{"name":"wp","href":"https:\/\/api.w.org\/{rel}","templated":true}]}}