{"id":124,"date":"2019-08-20T09:30:36","date_gmt":"2019-08-20T07:30:36","guid":{"rendered":"http:\/\/www.novatris-dev.uha.fr\/?page_id=124"},"modified":"2021-02-03T14:57:27","modified_gmt":"2021-02-03T13:57:27","slug":"plan-dacces","status":"publish","type":"page","link":"http:\/\/www.novatris.uha.fr\/index.php\/plan-dacces\/","title":{"rendered":"Plan d&rsquo;acc\u00e8s"},"content":{"rendered":"<h3>Coordonn\u00e9es postales<\/h3>\n<p>NovaTris &#8211; Centre de comp\u00e9tences transfrontali\u00e8res<\/p>\n<p>Universit\u00e9 de Haute-Alsace,<br \/>\nMaison de l&rsquo;\u00c9tudiant &#8211; Campus Illberg<br \/>\n1 rue Alfred Werner<br \/>\nF-68093 Mulhouse Cedex<\/p>\n<p>T\u00e9l : <a href=\"tel:+33389336133\" target=\"_blank\" rel=\"noopener noreferrer\">+33 (0)3 89 33 61 33<\/a><br \/>\nCourriel : <a href=\"mailto:novatris@uha.fr\" target=\"_blank\" rel=\"noopener noreferrer\">novatris@uha.fr<\/a><\/p>\n<div class=\"su-tabs su-tabs-style-default su-tabs-mobile-stack\" data-active=\"1\" data-scroll-offset=\"0\" data-anchor-in-url=\"no\"><div class=\"su-tabs-nav\"><span class=\"\" data-url=\"\" data-target=\"blank\" tabindex=\"0\" role=\"button\">Par la route<\/span><span class=\"\" data-url=\"\" data-target=\"blank\" tabindex=\"0\" role=\"button\">En bus<\/span><span class=\"\" data-url=\"\" data-target=\"blank\" tabindex=\"0\" role=\"button\">En tramway<\/span><span class=\"\" data-url=\"\" data-target=\"blank\" tabindex=\"0\" role=\"button\">En tram-train<\/span><span class=\"\" data-url=\"\" data-target=\"blank\" tabindex=\"0\" role=\"button\">En train<\/span><span class=\"\" data-url=\"\" data-target=\"blank\" tabindex=\"0\" role=\"button\">En avion<\/span><\/div><div class=\"su-tabs-panes\"><div class=\"su-tabs-pane su-u-clearfix su-u-trim\" data-title=\"Par la route\">Mulhouse se trouve \u00e0 la jonction des autoroutes A36 (5 h de Paris) et A35.<br \/>\nDepuis l\u2019autoroute, prendre la sortie \u00ab Les Coteaux \u00bb vers la RD 68 (voie rapide).<br \/>\nSortie n\u00b03 (Mulhouse Centre, Brunstatt).<\/div>\n<div class=\"su-tabs-pane su-u-clearfix su-u-trim\" data-title=\"En bus\">En gras, les arr\u00eats les plus proches.<\/p>\n<ul>\n<li>ligne 13 \u2013 arr\u00eat \u201c<strong>Universit\u00e9<\/strong>\u201c<\/li>\n<li>ligne 14 \u2013 arr\u00eats \u201cBel Air\u201d, \u201c<strong>Gifop<\/strong>\u201d ou \u201c<strong>Lumi\u00e8re<\/strong>\u201c<\/li>\n<li>ligne 16 \u2013 arr\u00eat \u201cBel Air\u201d<\/li>\n<li>ligne 51 \u2013 arr\u00eat \u201c<strong>Universit\u00e9<\/strong>\u201c<\/li>\n<\/ul>\n<\/div>\n<div class=\"su-tabs-pane su-u-clearfix su-u-trim\" data-title=\"En tramway\">\n<p>Depuis la Gare de Mulhouse :<\/p>\n<ol>\n<li>prendre la ligne 1 direction \u201cCh\u00e2taignier\u201d,<\/li>\n<li>sortir \u00e0 l\u2019arr\u00eat \u201cPorte Jeune\u201d,<\/li>\n<li>puis prendre la ligne 2 direction \u201cCoteaux\u201d,<\/li>\n<li>sortir \u00e0 l\u2019arr\u00eat \u201cUniversit\u00e9\u201d<\/li>\n<\/ol>\n<\/div>\n<div class=\"su-tabs-pane su-u-clearfix su-u-trim\" data-title=\"En tram-train\">Le tram-train relie Thann \u00e0 la gare de Mulhouse en passant par l\u2019arr\u00eat \u201cDaguerre\u201d et l\u2019arr\u00eat \u201cTour Nessel\u201d.<\/div>\n<div class=\"su-tabs-pane su-u-clearfix su-u-trim\" data-title=\"En train\">Liaisons r\u00e9guli\u00e8res Paris-Mulhouse (3h30) et Strasbourg-Mulhouse (1h00)<br \/>\nBus Gare de Mulhouse \u2013 Universit\u00e9 (20 mn)<br \/>\n<a href=\"https:\/\/www.sncf.com\/fr\" target=\"_blank\" rel=\"noopener noreferrer\">www.sncf.com<\/a><\/div>\n<div class=\"su-tabs-pane su-u-clearfix su-u-trim\" data-title=\"En avion\">A\u00e9roport : Euroairport B\u00e2le-Mulhouse<br \/>\nBus Gare de Mulhouse \u2013 Universit\u00e9 (20 mn)<br \/>\n<a href=\"https:\/\/www.euroairport.com\/fr\/\" target=\"_blank\" rel=\"noopener noreferrer\">www.euroairport.com<\/a><\/div><\/div><\/div>\n<a href=\"https:\/\/www.uha.fr\/_resources\/Plan%20d&#039;acc%C3%A8s\/Plan%20-%20Campus%20Illberg.pdf\" class=\"su-button su-button-style-default\" style=\"color:#FFFFFF;background-color:#135cad;border-color:#104a8b;border-radius:0px\" target=\"_blank\" rel=\"noopener noreferrer\"><span style=\"color:#FFFFFF;padding:6px 16px;font-size:13px;line-height:20px;border-color:#5a8dc6;border-radius:0px;text-shadow:none\"><i class=\"sui sui-download\" style=\"font-size:13px;color:#FFFFFF\"><\/i> T\u00e9l\u00e9charger le plan d&rsquo;acc\u00e8s<\/span><\/a>\n","protected":false},"excerpt":{"rendered":"<p>Coordonn\u00e9es postales NovaTris &#8211; Centre de comp\u00e9tences transfrontali\u00e8res Universit\u00e9 de Haute-Alsace, Maison de l&rsquo;\u00c9tudiant &#8211; Campus Illberg 1 rue Alfred Werner F-68093 Mulhouse Cedex T\u00e9l : +33 (0)3 89 33 61 33 Courriel : novatris@uha.fr<\/p>\n","protected":false},"author":1,"featured_media":0,"parent":0,"menu_order":0,"comment_status":"closed","ping_status":"closed","template":"","meta":{"footnotes":""},"class_list":["post-124","page","type-page","status-publish","hentry"],"yoast_head":"<!-- This site is optimized with the Yoast SEO plugin v24.8.1 - https:\/\/yoast.com\/wordpress\/plugins\/seo\/ -->\n<title>Plan d&#039;acc\u00e8s - NovaTris, centre de comp\u00e9tences transfrontali\u00e8res | Universit\u00e9 de Haute-Alsace<\/title>\n<meta name=\"robots\" content=\"index, follow, max-snippet:-1, max-image-preview:large, max-video-preview:-1\" \/>\n<link rel=\"canonical\" href=\"http:\/\/www.novatris.uha.fr\/index.php\/plan-dacces\/\" \/>\n<meta property=\"og:locale\" content=\"fr_FR\" \/>\n<meta property=\"og:type\" content=\"article\" \/>\n<meta property=\"og:title\" content=\"Plan d&#039;acc\u00e8s - NovaTris, centre de comp\u00e9tences transfrontali\u00e8res | Universit\u00e9 de Haute-Alsace\" \/>\n<meta property=\"og:description\" content=\"Coordonn\u00e9es postales NovaTris &#8211; Centre de comp\u00e9tences transfrontali\u00e8res Universit\u00e9 de Haute-Alsace, Maison de l&rsquo;\u00c9tudiant &#8211; Campus Illberg 1 rue Alfred Werner F-68093 Mulhouse Cedex T\u00e9l : +33 (0)3 89 33 61 33 Courriel : novatris@uha.fr\" \/>\n<meta property=\"og:url\" content=\"http:\/\/www.novatris.uha.fr\/index.php\/plan-dacces\/\" \/>\n<meta property=\"og:site_name\" content=\"NovaTris, centre de comp\u00e9tences transfrontali\u00e8res | Universit\u00e9 de Haute-Alsace\" \/>\n<meta property=\"article:modified_time\" content=\"2021-02-03T13:57:27+00:00\" \/>\n<meta name=\"twitter:card\" content=\"summary_large_image\" \/>\n<meta name=\"twitter:label1\" content=\"Dur\u00e9e de lecture estim\u00e9e\" \/>\n\t<meta name=\"twitter:data1\" content=\"1 minute\" \/>\n<script type=\"application\/ld+json\" class=\"yoast-schema-graph\">{\"@context\":\"https:\/\/schema.org\",\"@graph\":[{\"@type\":\"WebPage\",\"@id\":\"http:\/\/www.novatris.uha.fr\/index.php\/plan-dacces\/\",\"url\":\"http:\/\/www.novatris.uha.fr\/index.php\/plan-dacces\/\",\"name\":\"Plan d'acc\u00e8s - NovaTris, centre de comp\u00e9tences transfrontali\u00e8res | Universit\u00e9 de Haute-Alsace\",\"isPartOf\":{\"@id\":\"https:\/\/www.novatris.uha.fr\/#website\"},\"datePublished\":\"2019-08-20T07:30:36+00:00\",\"dateModified\":\"2021-02-03T13:57:27+00:00\",\"breadcrumb\":{\"@id\":\"http:\/\/www.novatris.uha.fr\/index.php\/plan-dacces\/#breadcrumb\"},\"inLanguage\":\"fr-FR\",\"potentialAction\":[{\"@type\":\"ReadAction\",\"target\":[\"http:\/\/www.novatris.uha.fr\/index.php\/plan-dacces\/\"]}]},{\"@type\":\"BreadcrumbList\",\"@id\":\"http:\/\/www.novatris.uha.fr\/index.php\/plan-dacces\/#breadcrumb\",\"itemListElement\":[{\"@type\":\"ListItem\",\"position\":1,\"name\":\"Accueil\",\"item\":\"https:\/\/www.novatris.uha.fr\/\"},{\"@type\":\"ListItem\",\"position\":2,\"name\":\"Plan d&rsquo;acc\u00e8s\"}]},{\"@type\":\"WebSite\",\"@id\":\"https:\/\/www.novatris.uha.fr\/#website\",\"url\":\"https:\/\/www.novatris.uha.fr\/\",\"name\":\"NovaTris, centre de comp\u00e9tences transfrontali\u00e8res | Universit\u00e9 de Haute-Alsace\",\"description\":\"Campus Illberg | Universit\u00e9 de Haute-Alsace\",\"potentialAction\":[{\"@type\":\"SearchAction\",\"target\":{\"@type\":\"EntryPoint\",\"urlTemplate\":\"https:\/\/www.novatris.uha.fr\/?s={search_term_string}\"},\"query-input\":{\"@type\":\"PropertyValueSpecification\",\"valueRequired\":true,\"valueName\":\"search_term_string\"}}],\"inLanguage\":\"fr-FR\"}]}<\/script>\n<!-- \/ Yoast SEO plugin. -->","yoast_head_json":{"title":"Plan d'acc\u00e8s - NovaTris, centre de comp\u00e9tences transfrontali\u00e8res | Universit\u00e9 de Haute-Alsace","robots":{"index":"index","follow":"follow","max-snippet":"max-snippet:-1","max-image-preview":"max-image-preview:large","max-video-preview":"max-video-preview:-1"},"canonical":"http:\/\/www.novatris.uha.fr\/index.php\/plan-dacces\/","og_locale":"fr_FR","og_type":"article","og_title":"Plan d'acc\u00e8s - NovaTris, centre de comp\u00e9tences transfrontali\u00e8res | Universit\u00e9 de Haute-Alsace","og_description":"Coordonn\u00e9es postales NovaTris &#8211; Centre de comp\u00e9tences transfrontali\u00e8res Universit\u00e9 de Haute-Alsace, Maison de l&rsquo;\u00c9tudiant &#8211; Campus Illberg 1 rue Alfred Werner F-68093 Mulhouse Cedex T\u00e9l : +33 (0)3 89 33 61 33 Courriel : novatris@uha.fr","og_url":"http:\/\/www.novatris.uha.fr\/index.php\/plan-dacces\/","og_site_name":"NovaTris, centre de comp\u00e9tences transfrontali\u00e8res | Universit\u00e9 de Haute-Alsace","article_modified_time":"2021-02-03T13:57:27+00:00","twitter_card":"summary_large_image","twitter_misc":{"Dur\u00e9e de lecture estim\u00e9e":"1 minute"},"schema":{"@context":"https:\/\/schema.org","@graph":[{"@type":"WebPage","@id":"http:\/\/www.novatris.uha.fr\/index.php\/plan-dacces\/","url":"http:\/\/www.novatris.uha.fr\/index.php\/plan-dacces\/","name":"Plan d'acc\u00e8s - NovaTris, centre de comp\u00e9tences transfrontali\u00e8res | Universit\u00e9 de Haute-Alsace","isPartOf":{"@id":"https:\/\/www.novatris.uha.fr\/#website"},"datePublished":"2019-08-20T07:30:36+00:00","dateModified":"2021-02-03T13:57:27+00:00","breadcrumb":{"@id":"http:\/\/www.novatris.uha.fr\/index.php\/plan-dacces\/#breadcrumb"},"inLanguage":"fr-FR","potentialAction":[{"@type":"ReadAction","target":["http:\/\/www.novatris.uha.fr\/index.php\/plan-dacces\/"]}]},{"@type":"BreadcrumbList","@id":"http:\/\/www.novatris.uha.fr\/index.php\/plan-dacces\/#breadcrumb","itemListElement":[{"@type":"ListItem","position":1,"name":"Accueil","item":"https:\/\/www.novatris.uha.fr\/"},{"@type":"ListItem","position":2,"name":"Plan d&rsquo;acc\u00e8s"}]},{"@type":"WebSite","@id":"https:\/\/www.novatris.uha.fr\/#website","url":"https:\/\/www.novatris.uha.fr\/","name":"NovaTris, centre de comp\u00e9tences transfrontali\u00e8res | Universit\u00e9 de Haute-Alsace","description":"Campus Illberg | Universit\u00e9 de Haute-Alsace","potentialAction":[{"@type":"SearchAction","target":{"@type":"EntryPoint","urlTemplate":"https:\/\/www.novatris.uha.fr\/?s={search_term_string}"},"query-input":{"@type":"PropertyValueSpecification","valueRequired":true,"valueName":"search_term_string"}}],"inLanguage":"fr-FR"}]}},"_links":{"self":[{"href":"http:\/\/www.novatris.uha.fr\/index.php\/wp-json\/wp\/v2\/pages\/124","targetHints":{"allow":["GET"]}}],"collection":[{"href":"http:\/\/www.novatris.uha.fr\/index.php\/wp-json\/wp\/v2\/pages"}],"about":[{"href":"http:\/\/www.novatris.uha.fr\/index.php\/wp-json\/wp\/v2\/types\/page"}],"author":[{"embeddable":true,"href":"http:\/\/www.novatris.uha.fr\/index.php\/wp-json\/wp\/v2\/users\/1"}],"replies":[{"embeddable":true,"href":"http:\/\/www.novatris.uha.fr\/index.php\/wp-json\/wp\/v2\/comments?post=124"}],"version-history":[{"count":22,"href":"http:\/\/www.novatris.uha.fr\/index.php\/wp-json\/wp\/v2\/pages\/124\/revisions"}],"predecessor-version":[{"id":4960,"href":"http:\/\/www.novatris.uha.fr\/index.php\/wp-json\/wp\/v2\/pages\/124\/revisions\/4960"}],"wp:attachment":[{"href":"http:\/\/www.novatris.uha.fr\/index.php\/wp-json\/wp\/v2\/media?parent=124"}],"curies":[{"name":"wp","href":"https:\/\/api.w.org\/{rel}","templated":true}]}}