{"id":122,"date":"2019-08-20T09:30:23","date_gmt":"2019-08-20T07:30:23","guid":{"rendered":"http:\/\/www.novatris-dev.uha.fr\/?page_id=122"},"modified":"2022-06-30T13:19:48","modified_gmt":"2022-06-30T11:19:48","slug":"contact","status":"publish","type":"page","link":"http:\/\/www.novatris.uha.fr\/index.php\/contact\/","title":{"rendered":"Contact"},"content":{"rendered":"<h2>Informations &amp; orientation<\/h2>\n<p>Pour toute question d&rsquo;ordre g\u00e9n\u00e9ral ou information sp\u00e9cifique concernant la <a href=\"http:\/\/www.novatris.uha.fr\/index.php\/mobilites\/\">mobilit\u00e9 accompagn\u00e9e<\/a>, l&rsquo;<a href=\"http:\/\/www.novatris.uha.fr\/index.php\/formation\/\">offre de formation<\/a>, les <a href=\"http:\/\/www.novatris.uha.fr\/index.php\/appels-a-projets\/\">appels \u00e0 projets<\/a>, la <a href=\"http:\/\/www.novatris.uha.fr\/index.php\/recherche\/\">recherche<\/a>, contactez-nous par courriel \u00e0 l\u2019adresse <a href=\"mailto:novatris@uha.fr\" target=\"_blank\" rel=\"noopener noreferrer\">novatris@uha.fr<\/a> ou par t\u00e9l\u00e9phone au <a href=\"tel:+33389336133\" target=\"_blank\" rel=\"noopener noreferrer\">+33 (0)3 89 33 61 33<\/a>.<\/p>\n<h2>Bourse NovaTris<\/h2>\n<p>Pour toute question relative \u00e0 la <a href=\"http:\/\/www.novatris.uha.fr\/index.php\/mobilites\/mobilite-des-etudiants\/bourse-de-mobilite\/\">bourse NovaTris<\/a>, contactez-nous par courriel \u00e0 l\u2019adresse <a href=\"mailto:bourse.novatris@uha.fr\" target=\"_blank\" rel=\"noopener noreferrer\">bourse.novatris@uha.fr<\/a> ou par t\u00e9l\u00e9phone au <a href=\"tel:+33389336145\">+33 (0)3 89 33 61 45<\/a>.<\/p>\n<h2>Tandem<\/h2>\n<p>Si vous souhaitez am\u00e9liorer vos connaissances d&rsquo;une ou plusieurs langues gr\u00e2ce \u00e0 la <a href=\"http:\/\/www.novatris.uha.fr\/index.php\/formation\/tandem-a-luha\/\">m\u00e9thode Tandem<\/a>, contactez-nous par courriel \u00e0 l&rsquo;adresse <a href=\"mailto:novatris.tandem@uha.fr\" target=\"_blank\" rel=\"noopener noreferrer\">novatris.tandem@uha.fr<\/a> ou par t\u00e9l\u00e9phone au <a href=\"tel:+33389336139\">+33 (0)3 89 33 61 39<\/a>.<\/p>\n<h2>Eucor &#8211; Le Campus europ\u00e9en<\/h2>\n<p>Pour tout renseignement concernant l&rsquo;implication de l&rsquo;Universit\u00e9 de Haute-Alsace au sein d&rsquo;<a href=\"http:\/\/www.novatris.uha.fr\/index.php\/contexte-europeen\/eucor-le-campus-europeen\/\">Eucor &#8211; Le Campus europ\u00e9en<\/a>, contacter le groupe Eucor local par courriel \u00e0 l&rsquo;adresse <a href=\"mailto:eucor@uha.fr\" target=\"_blank\" rel=\"noopener noreferrer\">eucor@uha.fr<\/a>.<\/p>\n<h2>EPICUR<\/h2>\n<p>Pour tout renseignement concernant l&rsquo;implication de l&rsquo;Universit\u00e9 de Haute-Alsace au sein d&rsquo;<a href=\"http:\/\/www.novatris.uha.fr\/index.php\/contexte-europeen\/epicur\/\">EPICUR<\/a>, contacter le groupe EPICUR local par courriel \u00e0 l&rsquo;adresse <a href=\"mailto:epicur@uha.fr\" target=\"_blank\" rel=\"noopener noreferrer\">epicur@uha.fr<\/a>.<\/p>\n","protected":false},"excerpt":{"rendered":"<p>Informations &amp; orientation Pour toute question d&rsquo;ordre g\u00e9n\u00e9ral ou information sp\u00e9cifique concernant la mobilit\u00e9 accompagn\u00e9e, l&rsquo;offre de formation, les appels \u00e0 projets, la recherche, contactez-nous par courriel \u00e0 l\u2019adresse novatris@uha.fr ou par t\u00e9l\u00e9phone au +33 (0)3 89 33 61 33. Bourse NovaTris Pour toute question relative \u00e0 la bourse NovaTris, contactez-nous par courriel \u00e0 l\u2019adresse [&hellip;]<\/p>\n","protected":false},"author":1,"featured_media":0,"parent":0,"menu_order":0,"comment_status":"closed","ping_status":"closed","template":"","meta":{"footnotes":""},"class_list":["post-122","page","type-page","status-publish","hentry"],"yoast_head":"<!-- This site is optimized with the Yoast SEO plugin v24.8.1 - https:\/\/yoast.com\/wordpress\/plugins\/seo\/ -->\n<title>Contact - NovaTris, centre de comp\u00e9tences transfrontali\u00e8res | Universit\u00e9 de Haute-Alsace<\/title>\n<meta name=\"robots\" content=\"index, follow, max-snippet:-1, max-image-preview:large, max-video-preview:-1\" \/>\n<link rel=\"canonical\" href=\"http:\/\/www.novatris.uha.fr\/index.php\/contact\/\" \/>\n<meta property=\"og:locale\" content=\"fr_FR\" \/>\n<meta property=\"og:type\" content=\"article\" \/>\n<meta property=\"og:title\" content=\"Contact - NovaTris, centre de comp\u00e9tences transfrontali\u00e8res | Universit\u00e9 de Haute-Alsace\" \/>\n<meta property=\"og:description\" content=\"Informations &amp; orientation Pour toute question d&rsquo;ordre g\u00e9n\u00e9ral ou information sp\u00e9cifique concernant la mobilit\u00e9 accompagn\u00e9e, l&rsquo;offre de formation, les appels \u00e0 projets, la recherche, contactez-nous par courriel \u00e0 l\u2019adresse novatris@uha.fr ou par t\u00e9l\u00e9phone au +33 (0)3 89 33 61 33. Bourse NovaTris Pour toute question relative \u00e0 la bourse NovaTris, contactez-nous par courriel \u00e0 l\u2019adresse [&hellip;]\" \/>\n<meta property=\"og:url\" content=\"http:\/\/www.novatris.uha.fr\/index.php\/contact\/\" \/>\n<meta property=\"og:site_name\" content=\"NovaTris, centre de comp\u00e9tences transfrontali\u00e8res | Universit\u00e9 de Haute-Alsace\" \/>\n<meta property=\"article:modified_time\" content=\"2022-06-30T11:19:48+00:00\" \/>\n<meta name=\"twitter:card\" content=\"summary_large_image\" \/>\n<meta name=\"twitter:label1\" content=\"Dur\u00e9e de lecture estim\u00e9e\" \/>\n\t<meta name=\"twitter:data1\" content=\"1 minute\" \/>\n<script type=\"application\/ld+json\" class=\"yoast-schema-graph\">{\"@context\":\"https:\/\/schema.org\",\"@graph\":[{\"@type\":\"WebPage\",\"@id\":\"http:\/\/www.novatris.uha.fr\/index.php\/contact\/\",\"url\":\"http:\/\/www.novatris.uha.fr\/index.php\/contact\/\",\"name\":\"Contact - NovaTris, centre de comp\u00e9tences transfrontali\u00e8res | Universit\u00e9 de Haute-Alsace\",\"isPartOf\":{\"@id\":\"http:\/\/www.novatris.uha.fr\/#website\"},\"datePublished\":\"2019-08-20T07:30:23+00:00\",\"dateModified\":\"2022-06-30T11:19:48+00:00\",\"breadcrumb\":{\"@id\":\"http:\/\/www.novatris.uha.fr\/index.php\/contact\/#breadcrumb\"},\"inLanguage\":\"fr-FR\",\"potentialAction\":[{\"@type\":\"ReadAction\",\"target\":[\"http:\/\/www.novatris.uha.fr\/index.php\/contact\/\"]}]},{\"@type\":\"BreadcrumbList\",\"@id\":\"http:\/\/www.novatris.uha.fr\/index.php\/contact\/#breadcrumb\",\"itemListElement\":[{\"@type\":\"ListItem\",\"position\":1,\"name\":\"Accueil\",\"item\":\"http:\/\/www.novatris.uha.fr\/\"},{\"@type\":\"ListItem\",\"position\":2,\"name\":\"Contact\"}]},{\"@type\":\"WebSite\",\"@id\":\"http:\/\/www.novatris.uha.fr\/#website\",\"url\":\"http:\/\/www.novatris.uha.fr\/\",\"name\":\"NovaTris, centre de comp\u00e9tences transfrontali\u00e8res | Universit\u00e9 de Haute-Alsace\",\"description\":\"Campus Illberg | Universit\u00e9 de Haute-Alsace\",\"potentialAction\":[{\"@type\":\"SearchAction\",\"target\":{\"@type\":\"EntryPoint\",\"urlTemplate\":\"http:\/\/www.novatris.uha.fr\/?s={search_term_string}\"},\"query-input\":{\"@type\":\"PropertyValueSpecification\",\"valueRequired\":true,\"valueName\":\"search_term_string\"}}],\"inLanguage\":\"fr-FR\"}]}<\/script>\n<!-- \/ Yoast SEO plugin. -->","yoast_head_json":{"title":"Contact - NovaTris, centre de comp\u00e9tences transfrontali\u00e8res | Universit\u00e9 de Haute-Alsace","robots":{"index":"index","follow":"follow","max-snippet":"max-snippet:-1","max-image-preview":"max-image-preview:large","max-video-preview":"max-video-preview:-1"},"canonical":"http:\/\/www.novatris.uha.fr\/index.php\/contact\/","og_locale":"fr_FR","og_type":"article","og_title":"Contact - NovaTris, centre de comp\u00e9tences transfrontali\u00e8res | Universit\u00e9 de Haute-Alsace","og_description":"Informations &amp; orientation Pour toute question d&rsquo;ordre g\u00e9n\u00e9ral ou information sp\u00e9cifique concernant la mobilit\u00e9 accompagn\u00e9e, l&rsquo;offre de formation, les appels \u00e0 projets, la recherche, contactez-nous par courriel \u00e0 l\u2019adresse novatris@uha.fr ou par t\u00e9l\u00e9phone au +33 (0)3 89 33 61 33. Bourse NovaTris Pour toute question relative \u00e0 la bourse NovaTris, contactez-nous par courriel \u00e0 l\u2019adresse [&hellip;]","og_url":"http:\/\/www.novatris.uha.fr\/index.php\/contact\/","og_site_name":"NovaTris, centre de comp\u00e9tences transfrontali\u00e8res | Universit\u00e9 de Haute-Alsace","article_modified_time":"2022-06-30T11:19:48+00:00","twitter_card":"summary_large_image","twitter_misc":{"Dur\u00e9e de lecture estim\u00e9e":"1 minute"},"schema":{"@context":"https:\/\/schema.org","@graph":[{"@type":"WebPage","@id":"http:\/\/www.novatris.uha.fr\/index.php\/contact\/","url":"http:\/\/www.novatris.uha.fr\/index.php\/contact\/","name":"Contact - NovaTris, centre de comp\u00e9tences transfrontali\u00e8res | Universit\u00e9 de Haute-Alsace","isPartOf":{"@id":"http:\/\/www.novatris.uha.fr\/#website"},"datePublished":"2019-08-20T07:30:23+00:00","dateModified":"2022-06-30T11:19:48+00:00","breadcrumb":{"@id":"http:\/\/www.novatris.uha.fr\/index.php\/contact\/#breadcrumb"},"inLanguage":"fr-FR","potentialAction":[{"@type":"ReadAction","target":["http:\/\/www.novatris.uha.fr\/index.php\/contact\/"]}]},{"@type":"BreadcrumbList","@id":"http:\/\/www.novatris.uha.fr\/index.php\/contact\/#breadcrumb","itemListElement":[{"@type":"ListItem","position":1,"name":"Accueil","item":"http:\/\/www.novatris.uha.fr\/"},{"@type":"ListItem","position":2,"name":"Contact"}]},{"@type":"WebSite","@id":"http:\/\/www.novatris.uha.fr\/#website","url":"http:\/\/www.novatris.uha.fr\/","name":"NovaTris, centre de comp\u00e9tences transfrontali\u00e8res | Universit\u00e9 de Haute-Alsace","description":"Campus Illberg | Universit\u00e9 de Haute-Alsace","potentialAction":[{"@type":"SearchAction","target":{"@type":"EntryPoint","urlTemplate":"http:\/\/www.novatris.uha.fr\/?s={search_term_string}"},"query-input":{"@type":"PropertyValueSpecification","valueRequired":true,"valueName":"search_term_string"}}],"inLanguage":"fr-FR"}]}},"_links":{"self":[{"href":"http:\/\/www.novatris.uha.fr\/index.php\/wp-json\/wp\/v2\/pages\/122","targetHints":{"allow":["GET"]}}],"collection":[{"href":"http:\/\/www.novatris.uha.fr\/index.php\/wp-json\/wp\/v2\/pages"}],"about":[{"href":"http:\/\/www.novatris.uha.fr\/index.php\/wp-json\/wp\/v2\/types\/page"}],"author":[{"embeddable":true,"href":"http:\/\/www.novatris.uha.fr\/index.php\/wp-json\/wp\/v2\/users\/1"}],"replies":[{"embeddable":true,"href":"http:\/\/www.novatris.uha.fr\/index.php\/wp-json\/wp\/v2\/comments?post=122"}],"version-history":[{"count":17,"href":"http:\/\/www.novatris.uha.fr\/index.php\/wp-json\/wp\/v2\/pages\/122\/revisions"}],"predecessor-version":[{"id":7721,"href":"http:\/\/www.novatris.uha.fr\/index.php\/wp-json\/wp\/v2\/pages\/122\/revisions\/7721"}],"wp:attachment":[{"href":"http:\/\/www.novatris.uha.fr\/index.php\/wp-json\/wp\/v2\/media?parent=122"}],"curies":[{"name":"wp","href":"https:\/\/api.w.org\/{rel}","templated":true}]}}