{"id":115,"date":"2019-08-20T09:28:21","date_gmt":"2019-08-20T07:28:21","guid":{"rendered":"http:\/\/www.novatris-dev.uha.fr\/?page_id=115"},"modified":"2022-10-18T09:56:13","modified_gmt":"2022-10-18T07:56:13","slug":"projets-etudiants","status":"publish","type":"page","link":"http:\/\/www.novatris.uha.fr\/index.php\/appels-a-projets\/projets-etudiants\/","title":{"rendered":"Projets \u00e9tudiants"},"content":{"rendered":"<p><a href=\"http:\/\/www.novatris.uha.fr\/wp-content\/uploads\/2019\/11\/IMG_5048-scaled.jpg\"><img loading=\"lazy\" decoding=\"async\" class=\"alignright wp-image-1386 size-medium\" src=\"http:\/\/www.novatris.uha.fr\/wp-content\/uploads\/2019\/11\/IMG_5048-300x247.jpg\" alt=\"Image projets \u00e9tudiants\" width=\"300\" height=\"247\" srcset=\"http:\/\/www.novatris.uha.fr\/wp-content\/uploads\/2019\/11\/IMG_5048-300x247.jpg 300w, http:\/\/www.novatris.uha.fr\/wp-content\/uploads\/2019\/11\/IMG_5048-1024x843.jpg 1024w, http:\/\/www.novatris.uha.fr\/wp-content\/uploads\/2019\/11\/IMG_5048-768x632.jpg 768w, http:\/\/www.novatris.uha.fr\/wp-content\/uploads\/2019\/11\/IMG_5048-1536x1264.jpg 1536w, http:\/\/www.novatris.uha.fr\/wp-content\/uploads\/2019\/11\/IMG_5048-2048x1686.jpg 2048w\" sizes=\"auto, (max-width: 300px) 100vw, 300px\" \/><\/a>NovaTris offre la possibilit\u00e9 aux \u00e9tudiants de l\u2019<a href=\"http:\/\/www.uha.fr\/\" target=\"_blank\" rel=\"noopener noreferrer\">Universit\u00e9 de Haute-Alsace<\/a> de construire un projet li\u00e9 \u00e0 l\u2019interculturalit\u00e9 et\/ou au transfrontalier. Ce dispositif permet aux \u00e9tudiants d\u2019imaginer et de mettre en oeuvre un projet dans sa globalit\u00e9 et de nouer un premier contact avec le monde professionnel : travail en \u00e9quipe, gestion de projets, coordination de groupe, gestion financi\u00e8re, r\u00e9tro-planning, gestion du temps, etc.<\/p>\n<p>NovaTris accompagne les porteurs de projet et apporte un soutien financier \u00e0 la concr\u00e9tisation et \u00e0 la r\u00e9alisation du projet.<\/p>\n<h2>T\u00e9moignages<\/h2>\n<div class=\"su-quote su-quote-style-default su-quote-has-cite\"><div class=\"su-quote-inner su-u-clearfix su-u-trim\">Notre sortie \u00e0 Freiburg a eu un succ\u00e8s \u00e9norme aupr\u00e8s des \u00e9tudiants, qui ont ador\u00e9 faire un cours autrement que dans une salle de classe ! Tout le monde a aim\u00e9 la pi\u00e8ce \u00ab Tender Truces \u00bb autour du th\u00e8me des relations familiales. Elle avait tout pour plaire : elle \u00e9tait facile \u00e0 comprendre, les acteurs \u00e9taient supers et l\u2019histoire \u00e9tait dr\u00f4le et \u00e9mouvante. Cette exp\u00e9rience a aussi mis l\u2019eau \u00e0 la bouche des \u00e9tudiants de premi\u00e8re ann\u00e9e qui vont commencer leur projet th\u00e9\u00e2tre au semestre prochain, c\u2019\u00e9tait parfait. Nous remercions NovaTris pour son aide dans l\u2019organisation et la mise en \u0153uvre du projet !<span class=\"su-quote-cite\"> Jules Bourbon, \u00e9tudiant en Licence d'anglais - Projet Th\u00e9\u00e2tre - Visite et Spectacle \u00ab Tender Truces \u00bb \u00e0 Fribourg-en-Brisgau<\/span><\/div><\/div>\n<div class=\"su-quote su-quote-style-default su-quote-has-cite\"><div class=\"su-quote-inner su-u-clearfix su-u-trim\">Le film Regio Chimica est un Projet \u00e9tudiants soutenu par NovaTris, mais aussi un grand travail d\u2019\u00e9quipe de toute la promo 2016 ! Nous avions command\u00e9 des pulls pour le film qui ont pris beaucoup de temps \u00e0 arriver. Nous avons pu profiter de ce temps pour \u00e9crire le sc\u00e9nario d\u00e9taill\u00e9, la voix-off et surtout beaucoup de mails ! Cette aventure m\u2019a appris que ce genre de projets ne peut pas se faire seule. Et la r\u00e9alisation du film m\u2019a donn\u00e9 une nouvelle et enrichissante exp\u00e9rience avec le monde professionnel !<span class=\"su-quote-cite\">Sarah Ottenin, \u00e9tudiante en Licence Physique, Chimie (parcours transfrontalier) - Projet Vid\u00e9o Regio Chimica<\/span><\/div><\/div>\n<h2><strong>Success story &#8211; Film Regio Chimica<\/strong><\/h2>\n<p>Les \u00e9tudiants de la promotion 2016 de la formation Regio Chimica ont r\u00e9alis\u00e9 un film de promotion de leur cursus. Il met en lumi\u00e8re le th\u00e8me de l\u2019interculturalit\u00e9, th\u00e9matique \u00e0 laquelle les \u00e9tudiants sont sensibilis\u00e9s lors des modules dispens\u00e9s par NovaTris, ainsi que les exp\u00e9riences interculturelles qu&rsquo;ils ont v\u00e9cues durant leur formation entre Freiburg et Mulhouse.\u00a0 La vid\u00e9o montre aussi les avantages d\u2019un <a href=\"http:\/\/www.novatris.uha.fr\/index.php\/mobilites\/formations-bi-et-tri-nationales-accompagnees\/\">cursus transfrontalier<\/a>.<\/p>\n<span class=\"su-lightbox\" data-mfp-src=\"https:\/\/www.youtube-nocookie.com\/embed\/XPJ_hwc9CA0\" data-mfp-type=\"iframe\" data-mobile=\"yes\"><img loading=\"lazy\" decoding=\"async\" class=\"aligncenter wp-image-5137 size-large\" src=\"http:\/\/www.novatris.uha.fr\/wp-content\/uploads\/2021\/03\/regio-chimica-1024x539.jpg\" alt=\"Regio Chimica\" width=\"750\" height=\"395\" srcset=\"http:\/\/www.novatris.uha.fr\/wp-content\/uploads\/2021\/03\/regio-chimica-1024x539.jpg 1024w, http:\/\/www.novatris.uha.fr\/wp-content\/uploads\/2021\/03\/regio-chimica-300x158.jpg 300w, http:\/\/www.novatris.uha.fr\/wp-content\/uploads\/2021\/03\/regio-chimica-768x404.jpg 768w, http:\/\/www.novatris.uha.fr\/wp-content\/uploads\/2021\/03\/regio-chimica.jpg 1278w\" sizes=\"auto, (max-width: 750px) 100vw, 750px\" \/><\/span>\n","protected":false},"excerpt":{"rendered":"<p>NovaTris offre la possibilit\u00e9 aux \u00e9tudiants de l\u2019Universit\u00e9 de Haute-Alsace de construire un projet li\u00e9 \u00e0 l\u2019interculturalit\u00e9 et\/ou au transfrontalier. Ce dispositif permet aux \u00e9tudiants d\u2019imaginer et de mettre en oeuvre un projet dans sa globalit\u00e9 et de nouer un premier contact avec le monde professionnel : travail en \u00e9quipe, gestion de projets, coordination de [&hellip;]<\/p>\n","protected":false},"author":1,"featured_media":248,"parent":37,"menu_order":0,"comment_status":"closed","ping_status":"closed","template":"","meta":{"footnotes":""},"class_list":["post-115","page","type-page","status-publish","has-post-thumbnail","hentry"],"yoast_head":"<!-- This site is optimized with the Yoast SEO plugin v24.8.1 - https:\/\/yoast.com\/wordpress\/plugins\/seo\/ -->\n<title>Projets \u00e9tudiants - NovaTris, centre de comp\u00e9tences transfrontali\u00e8res | Universit\u00e9 de Haute-Alsace<\/title>\n<meta name=\"robots\" content=\"index, follow, max-snippet:-1, max-image-preview:large, max-video-preview:-1\" \/>\n<link rel=\"canonical\" href=\"http:\/\/www.novatris.uha.fr\/index.php\/appels-a-projets\/projets-etudiants\/\" \/>\n<meta property=\"og:locale\" content=\"fr_FR\" \/>\n<meta property=\"og:type\" content=\"article\" \/>\n<meta property=\"og:title\" content=\"Projets \u00e9tudiants - NovaTris, centre de comp\u00e9tences transfrontali\u00e8res | Universit\u00e9 de Haute-Alsace\" \/>\n<meta property=\"og:description\" content=\"NovaTris offre la possibilit\u00e9 aux \u00e9tudiants de l\u2019Universit\u00e9 de Haute-Alsace de construire un projet li\u00e9 \u00e0 l\u2019interculturalit\u00e9 et\/ou au transfrontalier. Ce dispositif permet aux \u00e9tudiants d\u2019imaginer et de mettre en oeuvre un projet dans sa globalit\u00e9 et de nouer un premier contact avec le monde professionnel : travail en \u00e9quipe, gestion de projets, coordination de [&hellip;]\" \/>\n<meta property=\"og:url\" content=\"http:\/\/www.novatris.uha.fr\/index.php\/appels-a-projets\/projets-etudiants\/\" \/>\n<meta property=\"og:site_name\" content=\"NovaTris, centre de comp\u00e9tences transfrontali\u00e8res | Universit\u00e9 de Haute-Alsace\" \/>\n<meta property=\"article:modified_time\" content=\"2022-10-18T07:56:13+00:00\" \/>\n<meta property=\"og:image\" content=\"http:\/\/www.novatris.uha.fr\/wp-content\/uploads\/2019\/08\/Actu_Tandem.jpg\" \/>\n\t<meta property=\"og:image:width\" content=\"350\" \/>\n\t<meta property=\"og:image:height\" content=\"245\" \/>\n\t<meta property=\"og:image:type\" content=\"image\/jpeg\" \/>\n<meta name=\"twitter:card\" content=\"summary_large_image\" \/>\n<meta name=\"twitter:label1\" content=\"Dur\u00e9e de lecture estim\u00e9e\" \/>\n\t<meta name=\"twitter:data1\" content=\"3 minutes\" \/>\n<script type=\"application\/ld+json\" class=\"yoast-schema-graph\">{\"@context\":\"https:\/\/schema.org\",\"@graph\":[{\"@type\":\"WebPage\",\"@id\":\"http:\/\/www.novatris.uha.fr\/index.php\/appels-a-projets\/projets-etudiants\/\",\"url\":\"http:\/\/www.novatris.uha.fr\/index.php\/appels-a-projets\/projets-etudiants\/\",\"name\":\"Projets \u00e9tudiants - NovaTris, centre de comp\u00e9tences transfrontali\u00e8res | Universit\u00e9 de Haute-Alsace\",\"isPartOf\":{\"@id\":\"http:\/\/www.novatris.uha.fr\/#website\"},\"primaryImageOfPage\":{\"@id\":\"http:\/\/www.novatris.uha.fr\/index.php\/appels-a-projets\/projets-etudiants\/#primaryimage\"},\"image\":{\"@id\":\"http:\/\/www.novatris.uha.fr\/index.php\/appels-a-projets\/projets-etudiants\/#primaryimage\"},\"thumbnailUrl\":\"http:\/\/www.novatris.uha.fr\/wp-content\/uploads\/2019\/08\/Actu_Tandem.jpg\",\"datePublished\":\"2019-08-20T07:28:21+00:00\",\"dateModified\":\"2022-10-18T07:56:13+00:00\",\"breadcrumb\":{\"@id\":\"http:\/\/www.novatris.uha.fr\/index.php\/appels-a-projets\/projets-etudiants\/#breadcrumb\"},\"inLanguage\":\"fr-FR\",\"potentialAction\":[{\"@type\":\"ReadAction\",\"target\":[\"http:\/\/www.novatris.uha.fr\/index.php\/appels-a-projets\/projets-etudiants\/\"]}]},{\"@type\":\"ImageObject\",\"inLanguage\":\"fr-FR\",\"@id\":\"http:\/\/www.novatris.uha.fr\/index.php\/appels-a-projets\/projets-etudiants\/#primaryimage\",\"url\":\"http:\/\/www.novatris.uha.fr\/wp-content\/uploads\/2019\/08\/Actu_Tandem.jpg\",\"contentUrl\":\"http:\/\/www.novatris.uha.fr\/wp-content\/uploads\/2019\/08\/Actu_Tandem.jpg\",\"width\":350,\"height\":245,\"caption\":\"Tandem\"},{\"@type\":\"BreadcrumbList\",\"@id\":\"http:\/\/www.novatris.uha.fr\/index.php\/appels-a-projets\/projets-etudiants\/#breadcrumb\",\"itemListElement\":[{\"@type\":\"ListItem\",\"position\":1,\"name\":\"Accueil\",\"item\":\"http:\/\/www.novatris.uha.fr\/\"},{\"@type\":\"ListItem\",\"position\":2,\"name\":\"Appels \u00e0 projets\",\"item\":\"http:\/\/www.novatris.uha.fr\/index.php\/appels-a-projets\/\"},{\"@type\":\"ListItem\",\"position\":3,\"name\":\"Projets \u00e9tudiants\"}]},{\"@type\":\"WebSite\",\"@id\":\"http:\/\/www.novatris.uha.fr\/#website\",\"url\":\"http:\/\/www.novatris.uha.fr\/\",\"name\":\"NovaTris, centre de comp\u00e9tences transfrontali\u00e8res | Universit\u00e9 de Haute-Alsace\",\"description\":\"Campus Illberg | Universit\u00e9 de Haute-Alsace\",\"potentialAction\":[{\"@type\":\"SearchAction\",\"target\":{\"@type\":\"EntryPoint\",\"urlTemplate\":\"http:\/\/www.novatris.uha.fr\/?s={search_term_string}\"},\"query-input\":{\"@type\":\"PropertyValueSpecification\",\"valueRequired\":true,\"valueName\":\"search_term_string\"}}],\"inLanguage\":\"fr-FR\"}]}<\/script>\n<!-- \/ Yoast SEO plugin. -->","yoast_head_json":{"title":"Projets \u00e9tudiants - NovaTris, centre de comp\u00e9tences transfrontali\u00e8res | Universit\u00e9 de Haute-Alsace","robots":{"index":"index","follow":"follow","max-snippet":"max-snippet:-1","max-image-preview":"max-image-preview:large","max-video-preview":"max-video-preview:-1"},"canonical":"http:\/\/www.novatris.uha.fr\/index.php\/appels-a-projets\/projets-etudiants\/","og_locale":"fr_FR","og_type":"article","og_title":"Projets \u00e9tudiants - NovaTris, centre de comp\u00e9tences transfrontali\u00e8res | Universit\u00e9 de Haute-Alsace","og_description":"NovaTris offre la possibilit\u00e9 aux \u00e9tudiants de l\u2019Universit\u00e9 de Haute-Alsace de construire un projet li\u00e9 \u00e0 l\u2019interculturalit\u00e9 et\/ou au transfrontalier. Ce dispositif permet aux \u00e9tudiants d\u2019imaginer et de mettre en oeuvre un projet dans sa globalit\u00e9 et de nouer un premier contact avec le monde professionnel : travail en \u00e9quipe, gestion de projets, coordination de [&hellip;]","og_url":"http:\/\/www.novatris.uha.fr\/index.php\/appels-a-projets\/projets-etudiants\/","og_site_name":"NovaTris, centre de comp\u00e9tences transfrontali\u00e8res | Universit\u00e9 de Haute-Alsace","article_modified_time":"2022-10-18T07:56:13+00:00","og_image":[{"width":350,"height":245,"url":"http:\/\/www.novatris.uha.fr\/wp-content\/uploads\/2019\/08\/Actu_Tandem.jpg","type":"image\/jpeg"}],"twitter_card":"summary_large_image","twitter_misc":{"Dur\u00e9e de lecture estim\u00e9e":"3 minutes"},"schema":{"@context":"https:\/\/schema.org","@graph":[{"@type":"WebPage","@id":"http:\/\/www.novatris.uha.fr\/index.php\/appels-a-projets\/projets-etudiants\/","url":"http:\/\/www.novatris.uha.fr\/index.php\/appels-a-projets\/projets-etudiants\/","name":"Projets \u00e9tudiants - NovaTris, centre de comp\u00e9tences transfrontali\u00e8res | Universit\u00e9 de Haute-Alsace","isPartOf":{"@id":"http:\/\/www.novatris.uha.fr\/#website"},"primaryImageOfPage":{"@id":"http:\/\/www.novatris.uha.fr\/index.php\/appels-a-projets\/projets-etudiants\/#primaryimage"},"image":{"@id":"http:\/\/www.novatris.uha.fr\/index.php\/appels-a-projets\/projets-etudiants\/#primaryimage"},"thumbnailUrl":"http:\/\/www.novatris.uha.fr\/wp-content\/uploads\/2019\/08\/Actu_Tandem.jpg","datePublished":"2019-08-20T07:28:21+00:00","dateModified":"2022-10-18T07:56:13+00:00","breadcrumb":{"@id":"http:\/\/www.novatris.uha.fr\/index.php\/appels-a-projets\/projets-etudiants\/#breadcrumb"},"inLanguage":"fr-FR","potentialAction":[{"@type":"ReadAction","target":["http:\/\/www.novatris.uha.fr\/index.php\/appels-a-projets\/projets-etudiants\/"]}]},{"@type":"ImageObject","inLanguage":"fr-FR","@id":"http:\/\/www.novatris.uha.fr\/index.php\/appels-a-projets\/projets-etudiants\/#primaryimage","url":"http:\/\/www.novatris.uha.fr\/wp-content\/uploads\/2019\/08\/Actu_Tandem.jpg","contentUrl":"http:\/\/www.novatris.uha.fr\/wp-content\/uploads\/2019\/08\/Actu_Tandem.jpg","width":350,"height":245,"caption":"Tandem"},{"@type":"BreadcrumbList","@id":"http:\/\/www.novatris.uha.fr\/index.php\/appels-a-projets\/projets-etudiants\/#breadcrumb","itemListElement":[{"@type":"ListItem","position":1,"name":"Accueil","item":"http:\/\/www.novatris.uha.fr\/"},{"@type":"ListItem","position":2,"name":"Appels \u00e0 projets","item":"http:\/\/www.novatris.uha.fr\/index.php\/appels-a-projets\/"},{"@type":"ListItem","position":3,"name":"Projets \u00e9tudiants"}]},{"@type":"WebSite","@id":"http:\/\/www.novatris.uha.fr\/#website","url":"http:\/\/www.novatris.uha.fr\/","name":"NovaTris, centre de comp\u00e9tences transfrontali\u00e8res | Universit\u00e9 de Haute-Alsace","description":"Campus Illberg | Universit\u00e9 de Haute-Alsace","potentialAction":[{"@type":"SearchAction","target":{"@type":"EntryPoint","urlTemplate":"http:\/\/www.novatris.uha.fr\/?s={search_term_string}"},"query-input":{"@type":"PropertyValueSpecification","valueRequired":true,"valueName":"search_term_string"}}],"inLanguage":"fr-FR"}]}},"_links":{"self":[{"href":"http:\/\/www.novatris.uha.fr\/index.php\/wp-json\/wp\/v2\/pages\/115","targetHints":{"allow":["GET"]}}],"collection":[{"href":"http:\/\/www.novatris.uha.fr\/index.php\/wp-json\/wp\/v2\/pages"}],"about":[{"href":"http:\/\/www.novatris.uha.fr\/index.php\/wp-json\/wp\/v2\/types\/page"}],"author":[{"embeddable":true,"href":"http:\/\/www.novatris.uha.fr\/index.php\/wp-json\/wp\/v2\/users\/1"}],"replies":[{"embeddable":true,"href":"http:\/\/www.novatris.uha.fr\/index.php\/wp-json\/wp\/v2\/comments?post=115"}],"version-history":[{"count":35,"href":"http:\/\/www.novatris.uha.fr\/index.php\/wp-json\/wp\/v2\/pages\/115\/revisions"}],"predecessor-version":[{"id":8048,"href":"http:\/\/www.novatris.uha.fr\/index.php\/wp-json\/wp\/v2\/pages\/115\/revisions\/8048"}],"up":[{"embeddable":true,"href":"http:\/\/www.novatris.uha.fr\/index.php\/wp-json\/wp\/v2\/pages\/37"}],"wp:featuredmedia":[{"embeddable":true,"href":"http:\/\/www.novatris.uha.fr\/index.php\/wp-json\/wp\/v2\/media\/248"}],"wp:attachment":[{"href":"http:\/\/www.novatris.uha.fr\/index.php\/wp-json\/wp\/v2\/media?parent=115"}],"curies":[{"name":"wp","href":"https:\/\/api.w.org\/{rel}","templated":true}]}}